{"id":89,"date":"2015-04-20T13:42:47","date_gmt":"2015-04-20T13:42:47","guid":{"rendered":"http:\/\/beta.stucos.hr\/?page_id=89"},"modified":"2024-12-18T14:32:04","modified_gmt":"2024-12-18T12:32:04","slug":"zajednicke-sluzbe","status":"publish","type":"page","link":"https:\/\/www.stucos.unios.hr\/?page_id=89","title":{"rendered":"Tajni\u0161tvo"},"content":{"rendered":"<div>U tajni\u0161tvu Studentskog centra u Osijeku obavljaju se pravni, administrativni, stru\u010dni i ostali poslove od zajedni\u010dkog interesa za cijelu ustanovu.<\/div>\n<div><\/div>\n<div><strong>Ured ravnatelja<\/strong><\/div>\n<div>Telefon:031\/220-600<\/div>\n<div><\/div>\n<div>\n<div>ravnatelj: Ivica Brekalo, univ. mag. oec.<\/div>\n<div><\/div>\n<div>Tajnica ustanove: Ivana Herceg Mi\u0161kovi\u0107, univ. mag. iur.<\/div>\n<div><\/div>\n<div><strong>Slu\u017eba za financijsko-ra\u010dunovodstvene poslove<\/strong><\/div>\n<div>\n<div>Telefon: 031\/220-620<\/div>\n<\/div>\n<div>Rukovoditelj slu\u017ebe: Mr. Sc. Gordana Cerove\u010dki-Mariji\u0107, dipl.oec.<\/div>\n<div><\/div>\n<div><strong>Slu\u017eba za tehni\u010dke poslove<\/strong><\/p>\n<div>Voditelj: Miljenko \u0160usti\u0107<\/div>\n<div><em>tel: 031\/ 220-634<\/em><\/div>\n<div><em>msustic@stucos.hr<\/em><\/div>\n<\/div>\n<div><\/div>\n<\/div>\n","protected":false},"excerpt":{"rendered":"<p>U tajni\u0161tvu Studentskog centra u Osijeku obavljaju se pravni, administrativni, stru\u010dni i ostali poslove od zajedni\u010dkog interesa za cijelu ustanovu. Ured ravnatelja Telefon:031\/220-600 ravnatelj: Ivica Brekalo, univ. mag. oec. Tajnica ustanove: Ivana Herceg Mi\u0161kovi\u0107, univ. mag. iur. Slu\u017eba za financijsko-ra\u010dunovodstvene poslove Telefon: 031\/220-620 Rukovoditelj slu\u017ebe: Mr. Sc. Gordana Cerove\u010dki-Mariji\u0107, dipl.oec. Slu\u017eba za tehni\u010dke poslove Voditelj: [&hellip;]<\/p>\n","protected":false},"author":1,"featured_media":0,"parent":0,"menu_order":0,"comment_status":"closed","ping_status":"closed","template":"","meta":[],"_links":{"self":[{"href":"https:\/\/www.stucos.unios.hr\/index.php?rest_route=\/wp\/v2\/pages\/89"}],"collection":[{"href":"https:\/\/www.stucos.unios.hr\/index.php?rest_route=\/wp\/v2\/pages"}],"about":[{"href":"https:\/\/www.stucos.unios.hr\/index.php?rest_route=\/wp\/v2\/types\/page"}],"author":[{"embeddable":true,"href":"https:\/\/www.stucos.unios.hr\/index.php?rest_route=\/wp\/v2\/users\/1"}],"replies":[{"embeddable":true,"href":"https:\/\/www.stucos.unios.hr\/index.php?rest_route=%2Fwp%2Fv2%2Fcomments&post=89"}],"version-history":[{"count":10,"href":"https:\/\/www.stucos.unios.hr\/index.php?rest_route=\/wp\/v2\/pages\/89\/revisions"}],"predecessor-version":[{"id":5021,"href":"https:\/\/www.stucos.unios.hr\/index.php?rest_route=\/wp\/v2\/pages\/89\/revisions\/5021"}],"wp:attachment":[{"href":"https:\/\/www.stucos.unios.hr\/index.php?rest_route=%2Fwp%2Fv2%2Fmedia&parent=89"}],"curies":[{"name":"wp","href":"https:\/\/api.w.org\/{rel}","templated":true}]}}