{"id":5238,"date":"2025-08-22T11:25:11","date_gmt":"2025-08-22T09:25:11","guid":{"rendered":"http:\/\/www.stucos.unios.hr\/?page_id=5238"},"modified":"2025-08-22T11:25:11","modified_gmt":"2025-08-22T09:25:11","slug":"natjecaj-za-smjestaj-2025-2026","status":"publish","type":"page","link":"https:\/\/www.stucos.unios.hr\/?page_id=5238","title":{"rendered":"Natje\u010daj za smje\u0161taj 2025.\/2026. &#8211; KONA\u010cNE RANG LISTE"},"content":{"rendered":"<p>22. kolovoz 2025.<\/p>\n<p><strong>KONA\u010cNA RANG LISTA<\/strong><\/p>\n<ol>\n<li><a href=\"http:\/\/www.stucos.unios.hr\/wp-content\/uploads\/2025\/08\/SD01-Rang-lista.-abecedno.pdf\">&nbsp;Rang lista prava na smje\u0161taj- abecedno<\/a><\/li>\n<li><a href=\"http:\/\/www.stucos.unios.hr\/wp-content\/uploads\/2025\/08\/SD01-Rang-lista.-po-bodovima.pdf\">Rang lista prava na smje\u0161taj &#8211; po broju bodova<\/a><\/li>\n<\/ol>\n<p>Poveznice za provjeru bodovanja:<\/p>\n<ul>\n<li>prijava podatcima koji su Vam poslani prilikom prijave na natje\u010daj <a href=\"https:\/\/websc.stucos.hr\/sc\/85\/login\/\">https:\/\/websc.stucos.hr\/sc\/85\/login\/<\/a><\/li>\n<li>prijava AAI korisni\u010dkim podatcima <a href=\"https:\/\/websc.stucos.hr\/sc\/85\/login\/aai\">https:\/\/websc.stucos.hr\/sc\/85\/login\/aai<\/a><\/li>\n<\/ul>\n<p>Ako ste otvorili poveznicu za provjeru bodovanja na jednom od gornja dva linka, morate zatvoriti i ponovno pokrenuti web preglednik da biste mogli pristupiti drugom linku.<\/p>\n<p>Sukladno \u010dlanku 26. Pravilnika o uvjetima i na\u010dinu ostvarivanja prava studenata u redovitom statusu na subvencionirano stanovanje, prednost prilikom ostvarenja prava na subvencionirano stanovanje u Studentskom paviljonu Lavoslav Ru\u017ei\u010dka (novi studentski paviljon) imaju studenti s invaliditetom i studenti \u010diji ukupni mjese\u010dni prihod po \u010dlanu obitelji u prethodnoj kalendarskoj godini iznosi manje ili jednako 65 % prora\u010dunske osnovice te stoga smje\u0161taj u istome ne ovisi isklju\u010divo o broju ostvarenih bodova na natje\u010daju. Studenti iz \u010dlanka 26. Pravilnika imaju prednost prilikom dodjele prava na smje\u0161taj u odnosu na one studente \u010dija primanja prelaze navedeni iznos.<\/p>\n<p><u>ODABIR SOBE I REZERVACIJA SMJE\u0160TAJA<\/u><\/p>\n<p>Studenti koji su ostvarili pravo na smje\u0161taj u Osijeku imaju mogu\u0107nost odabira \u017eeljene sobe i rezervacije smje\u0161taja na drugom krevetu za cimera putem poveznice:&nbsp;<\/p>\n<p><a href=\"https:\/\/websc.stucos.hr\/sc\/85\/login\/\">https:\/\/websc.stucos.hr\/sc\/85\/login\/ <\/a><\/p>\n<p>ili<\/p>\n<p><a href=\"https:\/\/websc.stucos.hr\/sc\/85\/login\/aai\">https:\/\/websc.stucos.hr\/sc\/85\/login\/aai<\/a><\/p>\n<p>Detaljno poja\u0161njenje na\u010dina i termina za rezervaciju smje\u0161taja biti \u0107e poslano do 29.08.2025. na e-mail adresu koju ste naveli u prijavi na natje\u010daj. Raniji termin za mogu\u0107nost rezervacije smje\u0161taja pripada studentima s ve\u0107im brojem bodova ostvarenim na natje\u010daju.<\/p>\n<p>Studenti koji su ostvarili pravo na smje\u0161taj u Po\u017eegi sobu odabiru prilikom useljenja u studentski dom.<\/p>\n<p><u>TERMINI USELJENJA U STUDENTSKE DOMOVE U OSIJEKU<\/u><\/p>\n<p><strong>Studentski dom Vladimir Prelog (isto\u010dni i zapadni paviljon) i <\/strong><strong>Studentski paviljon Lavoslav Ru\u017ei\u010dka, Ulica Julija Knifera 3 u Osijeku:<\/strong><\/p>\n<ul>\n<li>Useljenje studenata vi\u0161ih godina: 04.09, 05.09., 08.09. i 09.09., u terminu 07,00 \u2013 20,00 sati<\/li>\n<li>Useljenje bruco\u0161a: 29. rujna \u2013 3. listopada 2025., u terminu 07,00 \u2013 20,00 sati<\/li>\n<\/ul>\n<p><strong>Studentski dom dr. Andrija \u0160tampar, Ivana Gorana Kova\u010di\u0107a 4 u Osijeku<\/strong><\/p>\n<ul>\n<li>Useljenje studenata vi\u0161ih godina: 04.09, 05.09., 08.09. i 09.09., u terminu 07,00 \u2013 15,00 sati<\/li>\n<li>Useljenje bruco\u0161a: 29. rujna \u2013 3. listopada 2025., u terminu 07,00 \u2013 15,00 sati<\/li>\n<\/ul>\n<p>Studenti koji nisu u mogu\u0107nosti useliti u navedenim terminima ili im je smje\u0161taj potreban ranije, o istome trebaju obavijestiti upravu studentskog doma putem e-maila: <a style=\"font-size: inherit;\" href=\"mailto:student-smjestaj@stucos.hr\">student-smjestaj@stucos.hr<\/a><span style=\"font-size: inherit;\"> (za studentski dom Vladimir Prelog i paviljon Lavoslav Ru\u017ei\u010dka) ili <\/span><a style=\"font-size: inherit;\" href=\"mailto:vsucic@stucos.hr\">vsucic@stucos.hr<\/a><span style=\"font-size: inherit;\"> (za studentski dom Dr. Andrija \u0160tampar)<\/span><\/p>\n<p>Studenti koji sobu nisu odabrali putem online rezervacije, o odabiru sobe i cimera mogu se izjasniti prilikom useljenja.<\/p>\n<p>Dokumentacija potrebna za useljenje:<\/p>\n<ol>\n<li><a href=\"http:\/\/www.stucos.unios.hr\/wp-content\/uploads\/2025\/08\/ugovor-o-smjestaju-2025-1.pdf\">Ugovor o uvjetima smje\u0161taja 2025<\/a>&#8211;<span style=\"color: #000000;\"> <a style=\"color: #000000;\" href=\"http:\/\/www.stucos.unios.hr\/wp-content\/uploads\/2025\/08\/ugovor-o-smjestaju-2025.pdf\">isprintati u 2 (dva) primjerka, popuniti u cijelosti i potpisati<\/a><\/span><\/li>\n<li><strong>Potvrdu lije\u010dnika op\u0107e\/obiteljske medicine <\/strong>da student nema kontraindikacija za smje\u0161taj u studentskom domu (bez potvrde nije mogu\u0107e useliti!)<\/li>\n<\/ol>\n<p><u style=\"font-size: inherit;\">TERMINI USELJENJA U STUDENTSKI DOM U PO\u017dEGI<\/u><\/p>\n<p><strong>Studentski dom Dr. Franjo Tu\u0111man u Po\u017eegi, Osje\u010dka 7 <\/strong><\/p>\n<p>Useljenje studenata vi\u0161ih godina: 1. rujna \u2013 5. rujna 2025. u terminu 07,00 \u2013 15,00 sati<\/p>\n<p>Useljenje bruco\u0161a: 29. rujna \u2013 3. listopada 2025. u terminu 07,00 \u2013 15,00 sati<\/p>\n<p>Studenti koji nisu u mogu\u0107nosti useliti u navedenim terminima ili im je smje\u0161taj potreban ranije, o istome trebaju obavijestiti upravu studentskog doma putem e-maila: <a href=\"mailto:smjestaj-pozega@stucos.hr\">smjestaj-pozega@stucos.hr<\/a><\/p>\n<p>Dokumentacija potrebna za useljenje:<\/p>\n<ol>\n<li><a href=\"http:\/\/www.stucos.unios.hr\/wp-content\/uploads\/2025\/08\/ugovor-o-smjestaju-2025-1.pdf\">Ugovor o uvjetima smje\u0161taja 2025<\/a> \u2013 isprintati u <u>2 (dva) primjerka<\/u>, u cijelosti popuniti i potpisati<\/li>\n<li><strong>Potvrdu lije\u010dnika op\u0107e\/obiteljske medicine <\/strong>da student nema kontraindikacija za smje\u0161taj u studentskom domu (bez potvrde nije mogu\u0107e useliti!)<\/li>\n<\/ol>\n<p>&#8212;&#8212;&#8212;&#8212;&#8212;&#8212;&#8212;&#8212;&#8212;&#8212;&#8212;&#8212;&#8212;&#8212;&#8212;&#8212;&#8212;&#8212;&#8212;&#8212;&#8212;&#8212;&#8212;&#8212;&#8212;&#8212;&#8212;&#8212;&#8212;&#8212;&#8212;&#8212;&#8212;&#8212;&#8212;&#8212;&#8212;&#8212;&#8211;<\/p>\n<ol>\n<li>&nbsp;kolovoz 2025.<\/li>\n<\/ol>\n<p><strong>PRIVREMENE RANG LISTE&nbsp;ZA SMJE\u0160TAJ U STUDENTSKE DOMOVE&nbsp;<\/strong><strong>STUDENTSKOG CENTRA U OSIJEKU<\/strong><\/p>\n<p>1.<a href=\"http:\/\/www.stucos.unios.hr\/wp-content\/uploads\/2025\/08\/Privremena-rang-lista-svi-studenti-abecedno.pdf\">Privremena rang lista svi studenti (abecedno)<\/a><\/p>\n<p>2.<a href=\"http:\/\/www.stucos.unios.hr\/wp-content\/uploads\/2025\/08\/Privremena-rang-lista-stariji-studenti-po-broju-bodova.pdf\">Privremena rang lista &#8211; stariji studenti po broju bodova<\/a><\/p>\n<p>3.<a href=\"http:\/\/www.stucos.unios.hr\/wp-content\/uploads\/2025\/08\/Privremena-rang-lista-brucosi-po-broju-bodova.pdf\">Privremena rang lista &#8211; bruco\u0161i po broju bodova<\/a><\/p>\n<p>4.<a href=\"http:\/\/www.stucos.unios.hr\/wp-content\/uploads\/2025\/08\/Prosjek-ocjena-po-ucilistima-2025.pdf\">Prosjek ocjena po u\u010dili\u0161tima 2025<\/a><\/p>\n<p>Sukladno \u010dlanku 26. Pravilnika o uvjetima i na\u010dinu ostvarivanja prava studenata u redovitom statusu na subvencionirano stanovanje, <u>prednost prilikom ostvarenja prava<\/u> na subvencionirano stanovanje<strong> u Studentskom paviljonu Lavoslav Ru\u017ei\u010dka (novi studentski paviljon) imaju studenti s invaliditetom i studenti \u010diji ukupni mjese\u010dni prihod po \u010dlanu obitelji u prethodnoj kalendarskoj godini iznosi manje ili jednako 65 % prora\u010dunske osnovice te stoga smje\u0161taj u istome ne ovisi isklju\u010divo o broju ostvarenih bodova na natje\u010daju.<\/strong><\/p>\n<p><u>PRIGOVOR<\/u><\/p>\n<p>Prigovor na privremenu rang-listu upu\u0107uje se u roku&nbsp;<strong>od 8 dana od objave rezultata<\/strong>&nbsp;Povjerenstvu za rje\u0161avanje prigovora, Studentski paviljon Lavoslav Ru\u017ei\u010dka, Ulica Julija Knifera 3 (naziv ulice je promijenjen. Ranije: Ulica Kralja Petra Sva\u010di\u0107a 1C), 31000 Osijek,&nbsp;<strong>isklju\u010divo po\u0161tom preporu\u010deno<\/strong>&nbsp;s naznakom \u2013 POVJERENSTVU ZA RJE\u0160AVANJE PRIGOVORA.<\/p>\n<p>Prigovor se upu\u0107uje ukoliko je do\u0161lo do pogre\u0161ke u bodovanju dokumentacije poslane na natje\u010daj, a dodatna dokumentacija poslana u roku za prigovor ne\u0107e biti uva\u017eena.<\/p>\n<p>Uvid u bodovanje na poveznici:<\/p>\n<p><a href=\"https:\/\/websc.stucos.hr\/sc\/85\/login\/aai\">\u2013 web prijava putem AAI korisni\u010dkih podataka<\/a><br>\u2013 prva prijava\/&nbsp;<a href=\"https:\/\/websc.stucos.hr\/sc\/85\/login\/\">registracija OIB-om<\/a><\/p>\n<p><u>KONA\u010cNE RANG-LISTE<\/u><\/p>\n<p>Kona\u010dne rang-liste za smje\u0161taj u studentskim domovima bit \u0107e objavljene&nbsp;<strong>do 26.08.2025<\/strong>. na oglasnim plo\u010dama Studentskog centra u Osijeku, Istarska 1b i Studentskog doma Lavoslav Ru\u017ei\u010dka, Ulica Julija Knifera 3 u Osijeku te na internet stranicama Studentskog centra u Osijeku&nbsp;<a href=\"http:\/\/www.stucos.unios.hr\/\">http:\/\/www.stucos.unios.hr<\/a><\/p>\n<p>Obavijest o terminima i na\u010dinu useljenja u studentske domove te potrebnoj dokumentaciji za useljenje bit \u0107e objavljena zajedno s kona\u010dnim rang listama.<\/p>\n<p>Odgovore na sva pitanja vezano uz natje\u010daj mo\u017eete dobiti isklju\u010divo putem e-maila na&nbsp;<strong>student-smjestaj@stucos.hr<\/strong>&nbsp;. Na sva pitanja bit \u0107e odgovoreno u \u0161to kra\u0107em roku.<\/p>\n<p>Ljubazno molimo da <span style=\"color: #ff0000;\">NE ZOVETE TEL. BROJ STUDENTSKOG SERVISA<\/span> (031 220 611), budu\u0107i da kolege nisu u mogu\u0107nosti dati Vam informacije vezano uz natje\u010daj za smje\u0161taj.<\/p>\n<p><strong>&#8212;&#8212;&#8212;&#8212;&#8212;&#8212;&#8212;&#8212;&#8212;&#8212;&#8212;&#8212;&#8212;&#8212;&#8212;&#8212;&#8212;&#8212;&#8212;&#8212;&#8212;&#8212;&#8212;&#8212;&#8212;&#8212;&#8212;&#8212;&#8212;&#8212;&#8212;&#8212;&#8212;&#8212;&#8212;&#8212;&#8212;&#8212;-<\/strong><\/p>\n<p><strong>01.07.2025<\/strong><\/p>\n<p style=\"text-align: left;\"><strong>NATJE\u010cAJ ZA OSTVARIVANJE PRAVA STUDENATA NA SMJE\u0160TAJ I RASPODJELU MJESTA U STUDENTSKIM DOMOVIMA U OSIJEKU<\/strong><br><strong>za ak. god. 2025.\/2026.<\/strong><\/p>\n<p style=\"text-align: left;\"><strong>Studentski dom Vladimir Prelog, Kralja Petra Sva\u010di\u0107a 1c u Osijeku (isto\u010dni i zapadni paviljon)<\/strong><\/p>\n<p style=\"text-align: left;\"><strong>Studentski dom Lavoslav Ru\u017ei\u010dka, Kralja Petra Sva\u010di\u0107a 1c<\/strong>&nbsp;<strong>u Osijeku (novi paviljon.)<\/strong><\/p>\n<p style=\"text-align: left;\"><strong>Studentski dom dr. Andrija \u0160tampar, Ivana Gorana Kova\u010di\u0107a 4 u Osijeku<\/strong><\/p>\n<p style=\"text-align: left;\"><strong>Studentski dom dr. Franjo Tu\u0111man, Osje\u010dka 7 u Po\u017eegi<\/strong><\/p>\n<p style=\"text-align: left;\">Po\u0161tovani studenti,<\/p>\n<p style=\"text-align: left;\">u nastavku je objavljen natje\u010daj za smje\u0161taj u studentskim domovima.<\/p>\n<p style=\"text-align: left;\"><strong>Natje\u010daj za subvenciju privatnog smje\u0161taja biti \u0107e raspisan naknadno tijekom jeseni 2025.<\/strong><\/p>\n<p style=\"text-align: left;\">Odgovore na sva pitanja vezano uz natje\u010daj mo\u017eete dobiti isklju\u010divo putem e-maila na <strong>student-smjestaj@stucos.hr<\/strong> . Na sva pitanja bit \u0107e odgovoreno u \u0161to kra\u0107em roku.<\/p>\n<p style=\"text-align: left;\">Ljubazno molimo da <span style=\"color: #ff0000;\">NE ZOVETE TEL. BROJ STUDENTSKOG SERVISA<\/span> (031 220 611), budu\u0107i da kolege nisu u mogu\u0107nosti dati Vam informacije vezano uz natje\u010daj za smje\u0161taj.<\/p>\n<p style=\"text-align: left;\"><a href=\"http:\/\/www.stucos.unios.hr\/wp-content\/uploads\/2025\/07\/Tekst-natjecaja-za-ostvarivanje-prava-na-smjestaj-u-studentske-domove-u-ak.-god.-2025-2026-1.docx\">Tekst natje\u010daja za ostvarivanje prava na smjestaj u studentske domove u ak. god. 2025-2026<\/a><\/p>\n<p style=\"text-align: left;\"><strong>Nu\u017ena dokumentacija:<\/strong><\/p>\n<p style=\"text-align: left;\">1. Obrazac B<\/p>\n<p style=\"padding-left: 40px; text-align: left;\"><span style=\"font-size: inherit;\">a) <a href=\"http:\/\/www.stucos.unios.hr\/wp-content\/uploads\/2025\/07\/OBRAZAC-B1-brucosi.docx\">OBRAZAC B1- bruco\u0161i<\/a><\/span><\/p>\n<p style=\"padding-left: 40px; text-align: left;\"><span style=\"font-size: inherit;\">b) <a href=\"http:\/\/www.stucos.unios.hr\/wp-content\/uploads\/2025\/07\/OBRAZAC-B2-preddiplomski-strucni-integrirani-studij-brucosi-diplomci.docx\">OBRAZAC B2 &#8211; preddiplomski, stru\u010dni, integrirani studij, bruco\u0161i diplomci<\/a><\/span><\/p>\n<p style=\"padding-left: 40px; text-align: left;\">c) <a href=\"http:\/\/www.stucos.unios.hr\/wp-content\/uploads\/2025\/07\/OBRAZAC-B3-diplomci.docx\">OBRAZAC B3 &#8211; diplomci<\/a><\/p>\n<p style=\"padding-left: 40px; text-align: left;\">d) <a href=\"http:\/\/www.stucos.unios.hr\/wp-content\/uploads\/2025\/07\/OBRAZAC-B4-poslijediplomski-studij-studenti-s-invaliditetom.docx\">OBRAZAC B4 &#8211; poslijediplomski studij- studenti s invaliditetom<\/a><\/p>\n<p style=\"text-align: left;\">2. Obrazac A (web prijava)<\/p>\n<p style=\"padding-left: 40px; text-align: left;\">uputa:<\/p>\n<p style=\"padding-left: 40px; text-align: left;\">ako ste otvorili prijavu na jednom od donja dva linka, morate zatvoriti i ponovno pokrenuti web preglednik da biste mogli pristupiti drugom linku<\/p>\n<p style=\"padding-left: 40px; text-align: left;\">a) <a href=\"https:\/\/websc.stucos.hr\/sc\/85\/login\/aai\">web prijava putem AAI korisni\u010dkih podataka<\/a><br>b) prva prijava\/ <a href=\"https:\/\/websc.stucos.hr\/sc\/85\/login\/\">registracija OIB-om<\/a><\/p>\n<p style=\"text-align: left;\">3. <a href=\"http:\/\/www.stucos.unios.hr\/wp-content\/uploads\/2025\/07\/Popis-dokumentacije-za-dostavu-na-natjecaj.docx\">Popis dokumentacije za dostavu na natje\u010daj<\/a><\/p>\n<p style=\"text-align: left;\"><strong>Prilozi natje\u010daju:<\/strong><\/p>\n<ol style=\"text-align: left;\">\n<li><a href=\"http:\/\/www.stucos.unios.hr\/wp-content\/uploads\/2025\/07\/Izjava-o-clanovima-kucanstva-bez-OIB-a.docx\">Izjava o clanovima kucanstva bez OIB-a<\/a><\/li>\n<li><a href=\"https:\/\/narodne-novine.nn.hr\/clanci\/sluzbeni\/2023_06_68_1116.html\">Pravilnik o uvjetima i na\u010dinu ostvarivanja prava studenata u redovitom statusu na subvencionirano stanovanje<\/a><\/li>\n<li><a href=\"https:\/\/www.zakon.hr\/c\/podzakonski-propis\/62704\/nn-77-2024-%2828.6.2024.%29%2C-pravilnik-o-izmjenama-i-dopuni-pravilnika-o-uvjetima-i-nacinu-ostvarivanja-prava-studenata-u#google_vignette\">NN 77\/2024 (28.6.2024.), Pravilnik o izmjenama i dopuni Pravilnika o uvjetima i na\u010dinu ostvarivanja prava studenata u redovitom statusu na subvencionirano stanovanje<\/a><\/li>\n<li><a href=\"http:\/\/www.stucos.unios.hr\/wp-content\/uploads\/2025\/07\/Prihvatljiva-dokumentacija-za-natjecaj-o-subvencioniranom-stanovanju.doc\">Prihvatljiva dokumentacija za natje\u010daj o subvencioniranom stanovanju<\/a><\/li>\n<li><a href=\"http:\/\/www.stucos.unios.hr\/wp-content\/uploads\/2025\/07\/deficitarni-stud.-programi-2025-2026.xlsx\">deficitarni stud. programi 2025-2026<\/a><\/li>\n<li><a href=\"http:\/\/www.stucos.unios.hr\/wp-content\/uploads\/2025\/07\/Cjenik-smjestaja-redovitih-studenata-za-ak.-god.-2025-2026.pdf\">Cjenik smjestaja redovitih studenata za ak. god. 2025-2026<\/a><\/li>\n<\/ol>\n<p style=\"text-align: left;\"><strong>UPUTA ZA PRISTUP NATJE\u010cAJU<\/strong><\/p>\n<p style=\"text-align: left;\"><strong>ONLINE PRIJAVA<\/strong><\/p>\n<ul style=\"text-align: left;\">\n<li>Prilikom <u><a href=\"https:\/\/websc.stucos.hr\/sc\/85\/login\">prve prijave <\/a><\/u>treba se registrirati OIB-om (link dolje desno \u2013 registracija). Nakon prve registracije i nakon \u0161to popunite obrazac prijave, korisni\u010dko ime i lozinka \u0107e vam sti\u0107i na e-mail adresu koju ste upisali u obrascu prijave. <u>Naknadno<\/u> \u0107ete mo\u0107i prijavi pristupiti i eventualno je izmijeniti prijavom zaprimljenim korisni\u010dkim podacima (polje gore &#8211; prijava).<\/li>\n<li>U slu\u010daju problema s prijavom, poku\u0161ati se prijaviti putem drugog preglednika (Chrome, Mozilla).<\/li>\n<li>U slu\u010daju da Vam korisni\u010dko ime i lozinka ne stignu na adresu e-po\u0161te, molimo javite se mailom na <strong>student-smjestaj@stucos.hr<\/strong><\/li>\n<\/ul>\n<p style=\"text-align: left;\"><strong>U WEB PRIJAVI OBAVEZNO<\/strong><\/p>\n<ul style=\"text-align: left;\">\n<li>Unijeti ispravnu e-mail adresu na koju \u0107e vam biti poslan popunjen obrazac prijave.<\/li>\n<li>Kva\u010dicom ozna\u010diti suglasnosti; za obradu podataka, za preuzimanje podataka iz Porezne uprave i iz sustava e-Matica, kako bi va\u0161a prijava mogla biti obra\u0111ena, odnosno kako biste ostvarili dodatne bodove na primanja i \u0161kolovanje bra\u0107e i sestara.<\/li>\n<li><strong>Web prijavu treba isprintati, potpisati i poslati zajedno s ostalom dokumentacijom.<\/strong><\/li>\n<li><strong style=\"font-size: inherit;\">Izjava o \u010dlanovima ku\u0107anstva<\/strong><span style=\"font-size: inherit;\"> bit \u0107e ispisana automatski kao druga stranica obrasca nakon \u0161to popunite prijavu.<\/span><\/li>\n<\/ul>\n<p style=\"text-align: left;\"><strong>MINIMUM DOKUMENTACIJE ZA NATJE\u010cAJ <\/strong><\/p>\n<ul style=\"text-align: left;\">\n<li>Vidjeti Tekst natje\u010daja.<\/li>\n<li>Web prijava i obrazac B su nu\u017eni za pristup natje\u010daju. <strong>Bez ovih dokumenata va\u0161a prijava na natje\u010daj ne mo\u017ee biti obra\u0111ena.<\/strong><\/li>\n<li>Navedene dokumente treba poslati <strong>preporu\u010denom po\u0161tom<\/strong> ili <strong>osobno<\/strong>, predajom na recepciji studentskog doma, od 01.07.2025. do 21.07.2025. godine na adresu: STUDENTSKI PAVILJON LAVOSLAV RU\u017dI\u010cKA (novi studentski paviljon), <strong>Ulica Julija Knifera 3<\/strong>, 31000 Osijek.<\/li>\n<li>na adresu Studentski dom dr. Franjo Tu\u0111man, Osje\u010dka 7, 34000 Po\u017eega s naznakom \u201ePrijava na natje\u010daj\u201c \u2013 za studentski dom u Po\u017eegi<\/li>\n<li><strong>Zadnji dan za dostavu prijave preporu\u010denom po\u0161tom ili osobno<\/strong> za studentske domove u Osijeku je 21.07.2025.<\/li>\n<li><strong>Zadnji dan za dostavu prijave po\u0161tom<\/strong> za studentski dom u Po\u017eegi je 21.07.2025.<\/li>\n<\/ul>\n<p style=\"text-align: left;\"><strong>OBRAZAC B<\/strong><\/p>\n<ul style=\"text-align: left;\">\n<li>Obrazac koji se odnosi na Vas trebate skinuti s web stranica SC Osijek, <u>u cijelosti popuniti i ovjeriti<\/u> u \u0161koli ili na fakultetu. <strong>Neovjereni i nepotpuni Obrazac B ne mo\u017ee se bodovati!<\/strong><\/li>\n<li>Studenti koji se prebacuju s jednog studija na drugi, odnosno koji su ve\u0107 bili upisani na studij, prijavljuju se na temelju uspjeha postignutog na ranijem studiju \u2013&nbsp;<strong>potrebno je poslati B obrazac popunjen na fakultetu s kojeg se ispisuju<\/strong>.<\/li>\n<\/ul>\n<p style=\"text-align: left;\"><strong>TRO\u0160KOVI OBRADE NATJE\u010cAJA<\/strong><\/p>\n<ul style=\"text-align: left;\">\n<li>Vidjeti Tekst natje\u010daja.<\/li>\n<li>Uz prijavu treba prilo\u017eiti i potvrdu o uplati\/kopiju uplatnice. <strong>Bez uplate tro\u0161kova va\u0161a prijava ne\u0107e biti obra\u0111ena.<\/strong><\/li>\n<\/ul>\n<p style=\"text-align: left;\"><strong>POPIS DOKUMENTACIJE KOJU DOSTAVLJATE NA NATJE\u010cAJ<\/strong><\/p>\n<ul style=\"text-align: left;\">\n<li>Vidjeti Tekst natje\u010daja.<\/li>\n<li>Obrazac popisa dokumentacije skinuti s web stranice i upisati sve \u0161to \u0161aljete na natje\u010daj.<\/li>\n<li>1. web prijava, 2. obrazac B, \u2026 5. potvrda o statusu branitelja, 6. kopija osobne iskaznice\u2026<\/li>\n<\/ul>\n<p style=\"text-align: left;\"><strong>DODATNA DOKUMENTACIJA<\/strong><\/p>\n<ul style=\"text-align: left;\">\n<li>Za studente koji imaju izravno pravo na subvencionirano stanovanje na temelju izvrsnosti i ostalih kriterija vidjeti tekst natje\u010daja.<\/li>\n<li>Za ostvarivanje dodatnih bodova vidjeti tekst natje\u010daja.<\/li>\n<\/ul>\n<p style=\"text-align: left;\"><strong>PITANJA VEZANO UZ NATJE\u010cAJ<\/strong><\/p>\n<ul>\n<li style=\"text-align: left;\">Nakon \u0161to pro\u010ditate tekst natje\u010daja, sve eventualne upite mo\u017eete poslati na e-mail adresu <strong>student-smjestaj@stucos.hr&nbsp;<\/strong><\/li>\n<\/ul>\n\n\n<p><\/p>\n\n\n\n<p><\/p>\n","protected":false},"excerpt":{"rendered":"<p>22. kolovoz 2025. KONA\u010cNA RANG LISTA &nbsp;Rang lista prava na smje\u0161taj- abecedno Rang lista prava na smje\u0161taj &#8211; po broju bodova Poveznice za provjeru bodovanja: prijava podatcima koji su Vam poslani prilikom prijave na natje\u010daj https:\/\/websc.stucos.hr\/sc\/85\/login\/ prijava AAI korisni\u010dkim podatcima https:\/\/websc.stucos.hr\/sc\/85\/login\/aai Ako ste otvorili poveznicu za provjeru bodovanja na jednom od gornja dva linka, morate [&hellip;]<\/p>\n","protected":false},"author":6,"featured_media":0,"parent":0,"menu_order":0,"comment_status":"closed","ping_status":"closed","template":"","meta":[],"_links":{"self":[{"href":"https:\/\/www.stucos.unios.hr\/index.php?rest_route=\/wp\/v2\/pages\/5238"}],"collection":[{"href":"https:\/\/www.stucos.unios.hr\/index.php?rest_route=\/wp\/v2\/pages"}],"about":[{"href":"https:\/\/www.stucos.unios.hr\/index.php?rest_route=\/wp\/v2\/types\/page"}],"author":[{"embeddable":true,"href":"https:\/\/www.stucos.unios.hr\/index.php?rest_route=\/wp\/v2\/users\/6"}],"replies":[{"embeddable":true,"href":"https:\/\/www.stucos.unios.hr\/index.php?rest_route=%2Fwp%2Fv2%2Fcomments&post=5238"}],"version-history":[{"count":6,"href":"https:\/\/www.stucos.unios.hr\/index.php?rest_route=\/wp\/v2\/pages\/5238\/revisions"}],"predecessor-version":[{"id":5318,"href":"https:\/\/www.stucos.unios.hr\/index.php?rest_route=\/wp\/v2\/pages\/5238\/revisions\/5318"}],"wp:attachment":[{"href":"https:\/\/www.stucos.unios.hr\/index.php?rest_route=%2Fwp%2Fv2%2Fmedia&parent=5238"}],"curies":[{"name":"wp","href":"https:\/\/api.w.org\/{rel}","templated":true}]}}