{"id":4631,"date":"2024-06-04T14:10:57","date_gmt":"2024-06-04T12:10:57","guid":{"rendered":"http:\/\/www.stucos.unios.hr\/?page_id=4631"},"modified":"2025-11-13T10:29:51","modified_gmt":"2025-11-13T08:29:51","slug":"studentski-servis-2","status":"publish","type":"page","link":"https:\/\/www.stucos.unios.hr\/?page_id=4631","title":{"rendered":"Studentski servis"},"content":{"rendered":"\n<p><strong><span class=\"has-inline-color has-vivid-red-color\">POSTANI \u010cLAN<\/span><\/strong><\/p>\n\n\n\n<p>Po\u0161tovani budu\u0107i korisnici, na ovim poveznicama iskoristite mogu\u0107nost <strong>online u\u010dlanjenja<\/strong>, bez potrebe dolaska. Pratite odgovaraju\u0107u poveznicu s obzirom na va\u0161 trenutni status:<\/p>\n\n\n\n<p><a href=\"https:\/\/websc.stucos.hr\/sc\/85\/login\/aai?link=sc\/85\/student\/uclanjenjes\">online u\u010dlanjenje STUDENTI<\/a><\/p>\n\n\n\n<p>Svi osobni podaci koji se dostavljaju u Studentski servis radi u\u010dlanjenja, Studentski centar u Osijeku prikuplja i obra\u0111uje u svrhu posredovanja u zapo\u0161ljavanju u skladu s pozitivnim propisima.<\/p>\n\n\n\n<p><\/p>\n\n\n\n<p><strong>Kontakt: <br>E-mail: servis-pozega@stucos.hr <br>Telefon: 034\/313-255<\/strong><\/p>\n","protected":false},"excerpt":{"rendered":"<p>POSTANI \u010cLAN Po\u0161tovani budu\u0107i korisnici, na ovim poveznicama iskoristite mogu\u0107nost online u\u010dlanjenja, bez potrebe dolaska. Pratite odgovaraju\u0107u poveznicu s obzirom na va\u0161 trenutni status: online u\u010dlanjenje STUDENTI Svi osobni podaci koji se dostavljaju u Studentski servis radi u\u010dlanjenja, Studentski centar u Osijeku prikuplja i obra\u0111uje u svrhu posredovanja u zapo\u0161ljavanju u skladu s pozitivnim propisima. [&hellip;]<\/p>\n","protected":false},"author":1,"featured_media":0,"parent":0,"menu_order":0,"comment_status":"closed","ping_status":"closed","template":"","meta":[],"_links":{"self":[{"href":"https:\/\/www.stucos.unios.hr\/index.php?rest_route=\/wp\/v2\/pages\/4631"}],"collection":[{"href":"https:\/\/www.stucos.unios.hr\/index.php?rest_route=\/wp\/v2\/pages"}],"about":[{"href":"https:\/\/www.stucos.unios.hr\/index.php?rest_route=\/wp\/v2\/types\/page"}],"author":[{"embeddable":true,"href":"https:\/\/www.stucos.unios.hr\/index.php?rest_route=\/wp\/v2\/users\/1"}],"replies":[{"embeddable":true,"href":"https:\/\/www.stucos.unios.hr\/index.php?rest_route=%2Fwp%2Fv2%2Fcomments&post=4631"}],"version-history":[{"count":4,"href":"https:\/\/www.stucos.unios.hr\/index.php?rest_route=\/wp\/v2\/pages\/4631\/revisions"}],"predecessor-version":[{"id":5372,"href":"https:\/\/www.stucos.unios.hr\/index.php?rest_route=\/wp\/v2\/pages\/4631\/revisions\/5372"}],"wp:attachment":[{"href":"https:\/\/www.stucos.unios.hr\/index.php?rest_route=%2Fwp%2Fv2%2Fmedia&parent=4631"}],"curies":[{"name":"wp","href":"https:\/\/api.w.org\/{rel}","templated":true}]}}