{"id":450,"date":"2015-09-17T11:37:22","date_gmt":"2015-09-17T11:37:22","guid":{"rendered":"http:\/\/beta.stucos.hr\/?page_id=450"},"modified":"2023-03-08T15:20:06","modified_gmt":"2023-03-08T13:20:06","slug":"internet-u-domu","status":"publish","type":"page","link":"https:\/\/www.stucos.unios.hr\/?page_id=450","title":{"rendered":"Internet u domu"},"content":{"rendered":"<p>Studenti koji namjeravaju koristiti mre\u017eni priklju\u010dak iz sobe, ili be\u017ei\u010dni pristup &#8220;eduroam&#8221; mre\u017ei <u>OBAVEZNO<\/u> trebaju pro\u010ditati <a href=\"\/wp-content\/uploads\/2015\/09\/Pravilnik.pdf\">&#8220;Pravila prihvatljivog kori\u0161tenja mre\u017ee u studentskom domu&#8221;.<\/a><\/p>\n<p align=\"justify\">Upute za konfiguriranje ure\u0111aja (ra\u010dunala, prijenosnika, pametnog telefona) za pristup domskoj mre\u017ei (\u017ei\u010dnoj ili be\u017ei\u010dnoj) po &#8220;eduroam&#8221; standardu dostupne su na sljede\u0107oj <a href=\"https:\/\/www.eduroam.hr\/user_man.php\" target=\"_blank\" rel=\"noopener noreferrer\">poveznici<\/a>.<\/p>\n<p align=\"justify\">U slu\u010daju problema sa spajanjem uvijek prvo provjerite ispravnost va\u0161eg elektroni\u010dkog identiteta (korisni\u010dke oznake i lozinke). To mo\u017eete u\u010diniti <a href=\"https:\/\/mobile.srv.carnet.hr\/service.php?inpagenavigation=1&amp;noformatting=1\" target=\"_blank\" rel=\"noopener noreferrer\">ovdje<\/a>.<\/p>\n<p align=\"justify\">Ako je s elektroni\u010dkim identitetom sve uredu, a problem i dalje postoji, po\u0161aljite upit na E-mail studom@stucos.hr.<\/p>\n<p align=\"justify\">Studentski centar u Osijeku osigurava tehni\u010dku podr\u0161ku za va\u0161 mre\u017eni priklju\u010dak dok se za ra\u010dunalo (hardware, software, OS) brinete sami.<\/p>\n","protected":false},"excerpt":{"rendered":"<p>Studenti koji namjeravaju koristiti mre\u017eni priklju\u010dak iz sobe, ili be\u017ei\u010dni pristup &#8220;eduroam&#8221; mre\u017ei OBAVEZNO trebaju pro\u010ditati &#8220;Pravila prihvatljivog kori\u0161tenja mre\u017ee u studentskom domu&#8221;. Upute za konfiguriranje ure\u0111aja (ra\u010dunala, prijenosnika, pametnog telefona) za pristup domskoj mre\u017ei (\u017ei\u010dnoj ili be\u017ei\u010dnoj) po &#8220;eduroam&#8221; standardu dostupne su na sljede\u0107oj poveznici. U slu\u010daju problema sa spajanjem uvijek prvo provjerite ispravnost [&hellip;]<\/p>\n","protected":false},"author":1,"featured_media":0,"parent":0,"menu_order":0,"comment_status":"closed","ping_status":"closed","template":"","meta":[],"_links":{"self":[{"href":"https:\/\/www.stucos.unios.hr\/index.php?rest_route=\/wp\/v2\/pages\/450"}],"collection":[{"href":"https:\/\/www.stucos.unios.hr\/index.php?rest_route=\/wp\/v2\/pages"}],"about":[{"href":"https:\/\/www.stucos.unios.hr\/index.php?rest_route=\/wp\/v2\/types\/page"}],"author":[{"embeddable":true,"href":"https:\/\/www.stucos.unios.hr\/index.php?rest_route=\/wp\/v2\/users\/1"}],"replies":[{"embeddable":true,"href":"https:\/\/www.stucos.unios.hr\/index.php?rest_route=%2Fwp%2Fv2%2Fcomments&post=450"}],"version-history":[{"count":19,"href":"https:\/\/www.stucos.unios.hr\/index.php?rest_route=\/wp\/v2\/pages\/450\/revisions"}],"predecessor-version":[{"id":4083,"href":"https:\/\/www.stucos.unios.hr\/index.php?rest_route=\/wp\/v2\/pages\/450\/revisions\/4083"}],"wp:attachment":[{"href":"https:\/\/www.stucos.unios.hr\/index.php?rest_route=%2Fwp%2Fv2%2Fmedia&parent=450"}],"curies":[{"name":"wp","href":"https:\/\/api.w.org\/{rel}","templated":true}]}}