{"id":402,"date":"2015-09-16T06:49:34","date_gmt":"2015-09-16T06:49:34","guid":{"rendered":"http:\/\/beta.stucos.hr\/?page_id=402"},"modified":"2025-04-08T08:59:56","modified_gmt":"2025-04-08T06:59:56","slug":"kontakti-2","status":"publish","type":"page","link":"https:\/\/www.stucos.unios.hr\/?page_id=402","title":{"rendered":"Kontakti"},"content":{"rendered":"<h2><b>SMJE\u0160TAJ STUDENATA<\/b><\/h2>\n<p><b>Uprava studentskih domova<\/b><\/p>\n<p>Upiti za smje\u0161taj (vanjski korisnici): <a href=\"mailto:smjestaj@stucos.hr\" target=\"_blank\" rel=\"noopener noreferrer\">smjestaj@stucos.hr<\/a><\/p>\n<p>Upiti za smje\u0161taj (studenti, Erasmus): <a href=\"mailto:smjestaj@stucos.hr\" target=\"_blank\" rel=\"noopener noreferrer\">student-smjestaj@stucos.hr<\/a><\/p>\n<p>Radno vrijeme: pon-pet, 7-15 sati<\/p>\n<p>Radno vrijeme sa strankama: 8-15 sati<\/p>\n<p>Adresa: Studentski dom Vladimir Prelog &#8211; K. Petra Sva\u010di\u0107a 1 c, Osijek, I. kat<\/p>\n<p>Telefon: 031\/ 251-123<\/p>\n<p><b>Voditelji domova<\/b><\/p>\n<p>Zdenka Jaki\u0107:\u00a0<a href=\"mailto:zjakic@stucos.hr\" target=\"_blank\" rel=\"noopener noreferrer\">zjakic@stucos.hr<\/a><\/p>\n<p>Vatroslav Su\u010di\u0107:\u00a0<a href=\"mailto:vsucic@stucos.hr\" target=\"_blank\" rel=\"noopener noreferrer\">vsucic@stucos.hr<\/a><\/p>\n<p>Inga Ergoti\u0107:\u00a0<a href=\"mailto:iergotic@stucos.hr\" target=\"_blank\" rel=\"noopener noreferrer\">iergotic@stucos.hr<\/a><\/p>\n<p>Telefon: 031\/ 251-123<\/p>\n<p><b>Referenti smje\u0161taja<\/b><\/p>\n<p>Irma Sekelez:\u00a0<a href=\"mailto:isekelez@stucos.hr\" target=\"_blank\" rel=\"noopener noreferrer\">isekelez@stucos.hr<\/a><\/p>\n<p>Maja Kadi\u0107:\u00a0<a href=\"mailto:mkadic@stucos.hr\" target=\"_blank\" rel=\"noopener noreferrer\">mkadic@stucos.hr<\/a><\/p>\n<p>Telefon: 031\/ 251-123<\/p>\n<p><b>Recepcija<\/b><\/p>\n<p>Studentski dom Lavoslav Ru\u017ei\u010dka<\/p>\n<p>Telefon: 091\/220-6038<\/p>\n<p>Studentski dom Vladimir Prelog<\/p>\n<p>Telefon: 091\/220-6037<\/p>\n<p>Studentski dom dr. Andrija \u0160tampar<\/p>\n<p>Telefon: 031\/574-269<\/p>\n","protected":false},"excerpt":{"rendered":"<p>SMJE\u0160TAJ STUDENATA Uprava studentskih domova Upiti za smje\u0161taj (vanjski korisnici): smjestaj@stucos.hr Upiti za smje\u0161taj (studenti, Erasmus): student-smjestaj@stucos.hr Radno vrijeme: pon-pet, 7-15 sati Radno vrijeme sa strankama: 8-15 sati Adresa: Studentski dom Vladimir Prelog &#8211; K. Petra Sva\u010di\u0107a 1 c, Osijek, I. kat Telefon: 031\/ 251-123 Voditelji domova Zdenka Jaki\u0107:\u00a0zjakic@stucos.hr Vatroslav Su\u010di\u0107:\u00a0vsucic@stucos.hr Inga Ergoti\u0107:\u00a0iergotic@stucos.hr Telefon: 031\/ [&hellip;]<\/p>\n","protected":false},"author":1,"featured_media":0,"parent":0,"menu_order":0,"comment_status":"closed","ping_status":"closed","template":"","meta":[],"_links":{"self":[{"href":"https:\/\/www.stucos.unios.hr\/index.php?rest_route=\/wp\/v2\/pages\/402"}],"collection":[{"href":"https:\/\/www.stucos.unios.hr\/index.php?rest_route=\/wp\/v2\/pages"}],"about":[{"href":"https:\/\/www.stucos.unios.hr\/index.php?rest_route=\/wp\/v2\/types\/page"}],"author":[{"embeddable":true,"href":"https:\/\/www.stucos.unios.hr\/index.php?rest_route=\/wp\/v2\/users\/1"}],"replies":[{"embeddable":true,"href":"https:\/\/www.stucos.unios.hr\/index.php?rest_route=%2Fwp%2Fv2%2Fcomments&post=402"}],"version-history":[{"count":13,"href":"https:\/\/www.stucos.unios.hr\/index.php?rest_route=\/wp\/v2\/pages\/402\/revisions"}],"predecessor-version":[{"id":5174,"href":"https:\/\/www.stucos.unios.hr\/index.php?rest_route=\/wp\/v2\/pages\/402\/revisions\/5174"}],"wp:attachment":[{"href":"https:\/\/www.stucos.unios.hr\/index.php?rest_route=%2Fwp%2Fv2%2Fmedia&parent=402"}],"curies":[{"name":"wp","href":"https:\/\/api.w.org\/{rel}","templated":true}]}}