{"id":3033,"date":"2020-09-14T16:26:41","date_gmt":"2020-09-14T14:26:41","guid":{"rendered":"http:\/\/www.stucos.unios.hr\/?page_id=3033"},"modified":"2020-09-14T16:26:41","modified_gmt":"2020-09-14T14:26:41","slug":"pristupacnost","status":"publish","type":"page","link":"https:\/\/www.stucos.unios.hr\/?page_id=3033","title":{"rendered":"Pristupa\u010dnost"},"content":{"rendered":"<p><strong>Izjava o pristupa\u010dnosti<\/strong><\/p>\n<p>Kao tijelo javnog sektora, Studentski centar u Osijeku je obvezan osigurati pristupa\u010dnost svojih mre\u017enih lokacija u skladu sa Zakonom o pristupa\u010dnosti mre\u017enih stranica i programskih rje\u0161enja za pokretne ure\u0111aje tijela javnog sektora Republike Hrvatske (NN 17\/19) od 23. rujna 2019., kojim se u nacionalno zakonodavstvo preuzima Direktiva (EU) 2016\/2102 Europskog parlamenta i Vije\u0107a o pristupa\u010dnosti internetskih stranica i mobilnih aplikacija tijela javnog sektora. Ova Izjava o pristupa\u010dnosti odnosi se na slu\u017ebeno mre\u017eno sjedi\u0161te na adresi: <a href=\"http:\/\/www.stucos.unios.hr\/\">stucos.unios.hr<\/a><\/p>\n<p><strong>Status uskla\u0111enosti<\/strong><\/p>\n<p>Mre\u017ena lokacija <a href=\"http:\/\/www.stucos.unios.hr\/\">stucos.unios.hr<\/a> je djelomi\u010dno uskla\u0111ena sa Zakonom o pristupa\u010dnosti mre\u017enih stranica i programskih rje\u0161enja za pokretne ure\u0111aje tijela javnog sektora.<\/p>\n<p><strong>Nepristupa\u010dni sadr\u017eaj<\/strong><\/p>\n<p>Mre\u017ena lokacija <a href=\"http:\/\/www.stucos.unios.hr\/\">stucos.unios.hr<\/a> ve\u0107im je dijelom uskla\u0111ena sa Zakonom o pristupa\u010dnosti, a iznimke od uskla\u0111enosti o\u010dituju se u sljede\u0107em:<br \/>\n&#8211; ne postoji poseban izbornik za uklju\u010divanje elemenata pristupa\u010dnosti poput pove\u0107anja, smanjenja ili promjene vrste fonta<br \/>\n&#8211; iako je ve\u0107ina elemenata oblikovana prema HTML5 standardu, poneki elementi nisu adekvatno ozna\u010deni kako bi slijepe i slabovidne osobe mogle koristiti pomo\u0107nu tehnologiju<br \/>\n&#8211; nazivi pojedinih poveznica trebali bi konkretnije specificirati sadr\u017eaj koji se iza njih nalazi<br \/>\n&#8211; neki grafi\u010dki formati dokumenata nisu \u010ditljivi \u010dita\u010dima ekrana<br \/>\n&#8211; neki od PDF dokumenata nisu \u010ditljivi \u010dita\u010dima ekrana jer su ponu\u0111eni u slikovnom obliku koji \u010dita\u010di ekrana ne mogu pro\u010ditati<\/p>\n<p><strong>Podizanje razine pristupa\u010dnosti<\/strong><\/p>\n<p>Studentski centar u Osijeku \u0107e provesti korektivne mjere za rje\u0161avanje problema nepristupa\u010dnog sadr\u017eaja svog mre\u017enog sjedi\u0161ta u maksimalnoj mogu\u0107oj mjeri nakon osposobljavanja djelatnika za izradu, vo\u0111enje i odr\u017eavanje sadr\u017eaja mre\u017enih stranica i programskih rje\u0161enja za pokretne ure\u0111aje u skladu sa Zakonom o pristupa\u010dnosti, koje \u0107e provesti Sredi\u0161nji dr\u017eavni ured za razvoj digitalnog dru\u0161tva u suradnji s Dr\u017eavnom \u0161kolom za javnu upravu, Povjerenikom za informiranje i krovnom nacionalnom organizacijom osoba s invaliditetom.<\/p>\n<p><strong>Priprema ove izjave pristupa\u010dnosti<\/strong><\/p>\n<p>Ova Izjava pripremljena je dana 01. rujna 2020., sukladno Predlo\u0161ku izjave o pristupa\u010dnosti koji je u skladu s Direktivom (EU) 2016\/2102 Europskog parlamenta i Vije\u0107a o pristupa\u010dnosti internetskih stranica i mobilnih aplikacija tijela javnog sektora, a utvr\u0111en je Provedbenom odlukom komisije EU 2018\/1523 11. listopada 2018.<br \/>\nZa pripremu ove Izjave dijelom je kori\u0161tena metoda testiranja pristupa\u010dnosti, a dijelom metoda samoprocjene. Testiranja su izvr\u0161ena na sljede\u0107im operativnim sustavima, internetskim preglednicima i mobilnim ure\u0111ajima: MS Win10, Mozilla Firefox, Google Chrome i Microsoft Edge.<\/p>\n<p><strong>Povratne informacije i podaci za kontakt<\/strong><\/p>\n<p>Sve upite vezane uz pristupa\u010dnost mre\u017enog sjedi\u0161ta Studentskog centra u Osijeku korisnici mogu uputiti:<br \/>\ne-po\u0161tom: <a href=\"mailto:ured@stucos.hr\">ured@stucos.hr<\/a><br \/>\ntelefonom: +385 31 220 600<br \/>\npo\u0161tom: Studentski centar u Osijeku, Istarska 5, 31000 Osijek<\/p>\n<p>Studentski centar u Osijeku je du\u017ean na upit, obavijest ili zahtjev korisnika vezano uz osiguravanje pristupa\u010dnosti odgovoriti u roku od 15 dana od dana primitka obavijesti, odnosno zahtjeva ili ga u istom roku, uz detaljno obrazlo\u017eenje razloga koji zahtijevaju odgodu, obavijestiti o naknadnom roku u kojem \u0107e odgovoriti na korisnikovu obavijest ili zahtjev.<\/p>\n<p><strong>Inspekcijski nadzor<\/strong><\/p>\n<p>Tijelo nadle\u017eno za pra\u0107enje uskla\u0111enosti mre\u017enih stranica i programskih rje\u0161enja za pokretne ure\u0111aje tijela javnog sektora sa zahtjevima pristupa\u010dnosti i nadzor nad provedbom Zakona o pristupa\u010dnosti je Povjerenik za informiranje Republike Hrvatske.<br \/>\nU slu\u010daju nezadovoljavaju\u0107ih odgovora na obavijest ili zahtjev za povratne informacije o pristupa\u010dnosti ovim mre\u017enih stranica, korisnici se mogu obratiti Povjereniku za informiranje putem telefona broj +385 1 4609 041 ili putem elektroni\u010dke po\u0161te: pristupacnost@pristupinfo.hr.<\/p>\n","protected":false},"excerpt":{"rendered":"<p>Izjava o pristupa\u010dnosti Kao tijelo javnog sektora, Studentski centar u Osijeku je obvezan osigurati pristupa\u010dnost svojih mre\u017enih lokacija u skladu sa Zakonom o pristupa\u010dnosti mre\u017enih stranica i programskih rje\u0161enja za pokretne ure\u0111aje tijela javnog sektora Republike Hrvatske (NN 17\/19) od 23. rujna 2019., kojim se u nacionalno zakonodavstvo preuzima Direktiva (EU) 2016\/2102 Europskog parlamenta i [&hellip;]<\/p>\n","protected":false},"author":1,"featured_media":0,"parent":0,"menu_order":0,"comment_status":"closed","ping_status":"closed","template":"","meta":[],"_links":{"self":[{"href":"https:\/\/www.stucos.unios.hr\/index.php?rest_route=\/wp\/v2\/pages\/3033"}],"collection":[{"href":"https:\/\/www.stucos.unios.hr\/index.php?rest_route=\/wp\/v2\/pages"}],"about":[{"href":"https:\/\/www.stucos.unios.hr\/index.php?rest_route=\/wp\/v2\/types\/page"}],"author":[{"embeddable":true,"href":"https:\/\/www.stucos.unios.hr\/index.php?rest_route=\/wp\/v2\/users\/1"}],"replies":[{"embeddable":true,"href":"https:\/\/www.stucos.unios.hr\/index.php?rest_route=%2Fwp%2Fv2%2Fcomments&post=3033"}],"version-history":[{"count":1,"href":"https:\/\/www.stucos.unios.hr\/index.php?rest_route=\/wp\/v2\/pages\/3033\/revisions"}],"predecessor-version":[{"id":3034,"href":"https:\/\/www.stucos.unios.hr\/index.php?rest_route=\/wp\/v2\/pages\/3033\/revisions\/3034"}],"wp:attachment":[{"href":"https:\/\/www.stucos.unios.hr\/index.php?rest_route=%2Fwp%2Fv2%2Fmedia&parent=3033"}],"curies":[{"name":"wp","href":"https:\/\/api.w.org\/{rel}","templated":true}]}}