{"id":2662,"date":"2019-12-24T11:30:05","date_gmt":"2019-12-24T09:30:05","guid":{"rendered":"http:\/\/www.stucos.unios.hr\/?page_id=2662"},"modified":"2025-07-09T15:22:23","modified_gmt":"2025-07-09T13:22:23","slug":"financiranje-studenata-i-studentskih-organizacija","status":"publish","type":"page","link":"https:\/\/www.stucos.unios.hr\/?page_id=2662","title":{"rendered":"Financiranje studenata i studentskih organizacija"},"content":{"rendered":"<p style=\"text-align: center;\">\n<p style=\"text-align: center;\"><strong>JAVNI POZIV ZA FINANCIRANJE STUDENTSKIH AKTIVNOSTI 2025.<\/strong><\/p>\n<p><a href=\"http:\/\/www.stucos.unios.hr\/wp-content\/uploads\/2019\/12\/odluka-o-izmjenama-pdf..pdf\">Odluka o izmjenama i dopunama Odluke o dodjeli financijskih sredstava<\/a><\/p>\n<p><a href=\"http:\/\/www.stucos.unios.hr\/wp-content\/uploads\/2019\/12\/Odluka-o-dodjeli-financijskih-sredstava-za-financiranje-students.pdf\">Odluka o dodjeli financijskih sredstava za financiranje studentskih aktivnosti u 2025. godini<\/a><\/p>\n<p><a href=\"http:\/\/www.stucos.unios.hr\/wp-content\/uploads\/2025\/05\/0229_250505131540_001.pdf\">Javni poziv za financiranje studentskih aktivnosti 2025<\/a><\/p>\n<p><a href=\"http:\/\/www.stucos.unios.hr\/wp-content\/uploads\/2025\/05\/0230_250505131556_001.pdf\">Kriteriji za financiranje studentskih aktivnosti 2025<\/a><\/p>\n<p><a href=\"http:\/\/www.stucos.unios.hr\/wp-content\/uploads\/2025\/05\/prijava-student-pojedinac-ili-skupina-studenata-pojedinaca.docx\">Prijava student pojedinac ili skupina studenata pojedinaca<\/a><\/p>\n<p><a href=\"http:\/\/www.stucos.unios.hr\/wp-content\/uploads\/2025\/05\/prijava-studentska-udruga.docx\">Prijava studentska udruga<\/a><\/p>\n<p><a href=\"http:\/\/www.stucos.unios.hr\/wp-content\/uploads\/2025\/05\/prijava-studentski-zbor.docx\">Prijava studentski zbor<\/a><\/p>\n<p><a href=\"http:\/\/www.stucos.unios.hr\/wp-content\/uploads\/2025\/05\/TROSKOVNIK-obrazac-A3.xls\">TRO\u0160KOVNIK obrazac<\/a><\/p>\n<p><a href=\"http:\/\/www.stucos.unios.hr\/wp-content\/uploads\/2025\/05\/izjava_o_iskljucivom_clanstvu.docx\">Izjava o isklju\u010divom \u010dlanstvu<\/a><\/p>\n<p><a href=\"http:\/\/www.stucos.unios.hr\/wp-content\/uploads\/2025\/05\/izjava-o-nepostojanju-dvostrukog-financiranja.docx\">Izjava o nepostojanju dvostrukog financiranja<\/a><\/p>\n<p><a href=\"http:\/\/www.stucos.unios.hr\/wp-content\/uploads\/2025\/05\/IZVJESCE-2025.rtf\">IZVJE\u0160\u0106E 2025<\/a><\/p>\n<p>_________________________________________________________________________<\/p>\n<p style=\"text-align: center;\">POZIV NA RADIONICU ZA PRIJAVITELJE<\/p>\n<p>Radionica \u0107e se odr\u017eati u Studentskom domu Vladimir Prelog, ul. Kralja Petra Sva\u010di\u0107a 1C u Osijeku, u dnevnom boravku, 29. travnja u 13,00 sati.<\/p>\n<p>Teme radionice su izme\u0111u ostaloga: potencijalni prijavitelji, aktivnosti koje \u0107e se financirati i potrebna dokumentacija za valjane prijave.<\/p>\n<p><a href=\"http:\/\/www.stucos.unios.hr\/wp-content\/uploads\/2025\/04\/poziv-na-radionicu.pdf\">poziv na radionicu<\/a><\/p>\n<p>__________________________________________________________<\/p>\n<p><strong>arhiva<\/strong><\/p>\n<p>OBAVIJEST, 18.06.2024.<\/p>\n<p><strong>POTPISIVANJE UGOVORA O FINANCIRANJU STUDENTSKIH AKTIVNOSTI<\/strong><\/p>\n<p>Molimo ovla\u0161tene potpisnike prijavitelja studentske aktivnosti da u <strong>ponedjeljak, 24. lipnja 2024. izme\u0111u 08,00 i 11,00 sati<\/strong> do\u0111u na potpis ugovora na recepciju Novog studentskog doma, Kralja Petra Sva\u010di\u0107a 1c u Osijeku.<\/p>\n<p>Prijavitelji koji su ve\u0107 odr\u017eali aktivnost du\u017eni su prilikom potpisa ugovora predati i\u00a0<a href=\"http:\/\/www.stucos.unios.hr\/wp-content\/uploads\/2024\/06\/IZVJESCE-PREMA-JAVNOM-POZIVU-2024.rtf\">IZVJE\u0160\u0106E O PROVEDENOJ AKTIVNOSTI.<\/a><\/p>\n<p>S prijaviteljima \u010dija je aktivnost odr\u017eana, a koji ne predaju izvje\u0161\u0107e do 24. lipnja, ugovor ne\u0107e biti sklopljen.<\/p>\n<p>Prijavitelji koji su izvje\u0161\u0107e ve\u0107 predali ne trebaju ga ponovno donositi.<\/p>\n<p><a href=\"http:\/\/www.stucos.unios.hr\/wp-content\/uploads\/2024\/07\/ODLUKA-O-DODJELI-SREDSTAVA-2024-ISPRAVAK.pdf\">ODLUKA O DODJELI SREDSTAVA ZA FINANCIRANJE STUDENTSKIH AKTIVNOSTI 2024 (ISPRAVAK)<\/a><\/p>\n<p><strong><a href=\"http:\/\/www.stucos.unios.hr\/wp-content\/uploads\/2024\/06\/ODLUKA-O-DODJELI-SREDSTAVA-2024..pdf\">ODLUKA O DODJELI SREDSTAVA ZA FINANCIRANJE STUDENTSKIH AKTIVNOSTI 2024.<\/a>.<\/strong><\/p>\n<p><a href=\"http:\/\/www.stucos.unios.hr\/wp-content\/uploads\/2024\/06\/IZVJESCE-PREMA-JAVNOM-POZIVU-2024.rtf\">IZVJE\u0160\u0106E O PROVEDENOJ AKTIVNOSTI<\/a><\/p>\n<p style=\"text-align: center;\"><strong>JAVNI POZIV ZA FINANCIRANJE STUDENTSKIH AKTIVNOSTI 2024.<\/strong><\/p>\n<p><a href=\"http:\/\/www.stucos.unios.hr\/wp-content\/uploads\/2024\/04\/JAVNI-POZIV-2024.-pdf.pdf\">JAVNI POZIV ZA FINANCIRANJE STUDENTSKIH AKTIVNOSTI 2024. pdf<\/a><\/p>\n<p><a href=\"http:\/\/www.stucos.unios.hr\/wp-content\/uploads\/2024\/04\/KRITERIJI-2024.-pdf.pdf\">KRITERIJI ZA FINANCIRANJE STUDENTSKIH AKTIVNOSTI 2024. pdf<\/a><\/p>\n<p><a href=\"http:\/\/www.stucos.unios.hr\/wp-content\/uploads\/2024\/04\/prijava-student-pojedinac-ili-skupina-studenata-pojedinaca-2024.docx\">Prijava &#8211; student pojedinac ili skupina studenata pojedinaca 2024<\/a><\/p>\n<p><a href=\"http:\/\/www.stucos.unios.hr\/wp-content\/uploads\/2024\/04\/prijava-studentska-udruga-2024.docx\">Prijava &#8211; studentska udruga 2024<\/a><\/p>\n<p><a href=\"http:\/\/www.stucos.unios.hr\/wp-content\/uploads\/2024\/04\/prijava-studentski-zbor-2024.docx\">Prijava &#8211; studentski zbor 2024<\/a><\/p>\n<p><a href=\"http:\/\/www.stucos.unios.hr\/wp-content\/uploads\/2024\/04\/TROSKOVNIK-obrazac-2024.xls\">TRO\u0160KOVNIK obrazac 2024<\/a><\/p>\n<p><a href=\"http:\/\/www.stucos.unios.hr\/wp-content\/uploads\/2024\/04\/izjava_o_iskljucivom_clanstvu-2024.docx\">Izjava o isklju\u010divom \u010dlanstvu 2024<\/a><\/p>\n<p><a href=\"http:\/\/www.stucos.unios.hr\/wp-content\/uploads\/2024\/04\/izjava-o-nepostojanju-dvostrukog-financiranja-2024.docx\">Izjava o nepostojanju dvostrukog financiranja 2024<\/a><\/p>\n<p>_____________________________________________________________________<\/p>\n<p><strong>JAVNI POZIV ZA FINANCIRANJE STUDENTSKIH AKTIVNOSTI 2023.<\/strong><\/p>\n<p><a href=\"http:\/\/www.stucos.unios.hr\/wp-content\/uploads\/2023\/05\/Odluka-o-dodjeli-sredstava-2023..pdf\">Odluka o dodjeli sredstava 2023.<\/a><\/p>\n<p><a href=\"http:\/\/www.stucos.unios.hr\/wp-content\/uploads\/2023\/05\/obrazac-izvjesca.pdf\">Obrazac izvje\u0161\u0107a<\/a><\/p>\n<p>Molimo prijavitelje koji su ostvarili pravo na dodjelu sredstava da se jave g\u0111i. Lidiji Vor\u0161e na e-mail: lvorse@stucos.hr radi dogovora o terminu potpisa ugovora.<\/p>\n<p>&#8212;&#8212;&#8212;&#8212;&#8212;&#8212;&#8212;&#8212;&#8212;<\/p>\n<p><a href=\"http:\/\/www.stucos.unios.hr\/wp-content\/uploads\/2023\/03\/Javni-poziv-za-financiranje-studentskih-aktivnosti-objavljen-20.03.2023.pdf\">Javni poziv za financiranje studentskih aktivnosti &#8211; objavljen 20.03.2023<\/a><\/p>\n<p><a href=\"http:\/\/www.stucos.unios.hr\/wp-content\/uploads\/2023\/03\/Kriteriji-za-financiranje-studentskih-aktivnosti.pdf\">Kriteriji za financiranje studentskih aktivnosti<\/a><\/p>\n<p><a href=\"http:\/\/www.stucos.unios.hr\/wp-content\/uploads\/2023\/03\/Prijava-student-pojedinac-ili-skupina-studenata-pojedinaca.docx\">Prijava &#8211; student pojedinac ili skupina studenata pojedinaca<\/a><\/p>\n<p><a href=\"http:\/\/www.stucos.unios.hr\/wp-content\/uploads\/2023\/03\/Prijava-studentski-zbor.docx\">Prijava &#8211; studentski zbor<\/a><\/p>\n<p><a href=\"http:\/\/www.stucos.unios.hr\/wp-content\/uploads\/2023\/03\/Prijava-studentska-udruga.docx\">Prijava &#8211; studentska udruga<\/a><\/p>\n<p><a href=\"http:\/\/www.stucos.unios.hr\/wp-content\/uploads\/2023\/03\/Izjava-o-iskljucivom-clanstvu.docx\">Izjava o isklju\u010divom clanstvu<\/a><\/p>\n<p><a href=\"http:\/\/www.stucos.unios.hr\/wp-content\/uploads\/2023\/03\/Izjava-o-nepostojanju-dvostrukog-financiranja.docx\">Izjava o nepostojanju dvostrukog financiranja<\/a><\/p>\n<p>______________________________________________________________________________<\/p>\n<p style=\"text-align: center;\"><strong>ARHIVA 2022.<\/strong><\/p>\n<p><a href=\"http:\/\/www.stucos.unios.hr\/wp-content\/uploads\/2019\/12\/konac\u030cna-odluka-obj.-22.08.2022..pdf\"><span style=\"color: #00ccff;\">Konac\u030cna odluka o dodjeli financijskih sredstava, objavljeno 22.8.2022<\/span><\/a><\/p>\n<p><a href=\"http:\/\/www.stucos.unios.hr\/wp-content\/uploads\/2019\/12\/odluka-objavljena-22.07.2022..pdf\"><span style=\"color: #00ccff;\">Odluka o dodjeli financijskih sredstava, objavljeno 22.7.2022<\/span><\/a><\/p>\n<p><a href=\"http:\/\/www.stucos.unios.hr\/wp-content\/uploads\/2019\/12\/javni-poziv-objavljen-30.06.2022..pdf\"><span style=\"color: #00ccff;\">Javni poziv za financiranje studentskih aktivnosti \u2013 objavljeno 30.06.2022.<\/span><\/a><\/p>\n<p><a href=\"http:\/\/www.stucos.unios.hr\/wp-content\/uploads\/2019\/12\/Konac\u030cna-Odluka-o-dodjeli-financijskih-sredstava-18.-veljac\u030ce-2022.pdf\"><span style=\"color: #00ccff;\">Kona\u010dna Odluka o dodjelo financijskih sredstava, 18. velja\u010de 2022<\/span><\/a><\/p>\n<p><a href=\"http:\/\/www.stucos.unios.hr\/wp-content\/uploads\/2022\/02\/Odluka-o-dodjeli-financijskih-sredstava-objavljeno-9.2.2022-2.pdf\"><span style=\"color: #00ccff;\">Odluka o dodjeli financijskih sredstava, objavljeno 9.2.2022<\/span><\/a><\/p>\n<p><a href=\"http:\/\/www.stucos.unios.hr\/wp-content\/uploads\/2019\/12\/Javni-poziv-za-financiranje-studentskih-aktivnosti-i-Odluka-o-raspisivanju-Javnog-poziva-11.-sijec\u030cnja-2022.pdf\"><span style=\"color: #00ccff;\">Javni poziv za financiranje studentskih aktivnosti &#8211; objavljeno 12.01.2022.<\/span><\/a><\/p>\n<p><a href=\"http:\/\/www.stucos.unios.hr\/wp-content\/uploads\/2019\/12\/KMBT22220220105135058.pdf\"><span style=\"color: #00ccff;\">Kriteriji za financiranje studentskih aktivnosti 05.01.2022.<\/span><\/a><\/p>\n<p><a href=\"http:\/\/www.stucos.unios.hr\/wp-content\/uploads\/2019\/12\/Konac\u030cna-Odluka-o-dodjeli-financijskih-sredstava-objavljeno-24.08.2021..pdf\"><span style=\"color: #00ccff;\">Kona\u010dna Odluka o dodjeli financijskih sredstava &#8211; objavljeno 24.08.2021.<\/span><\/a><\/p>\n<p><a href=\"http:\/\/www.stucos.unios.hr\/wp-content\/uploads\/2019\/12\/ODLUKA-O-DODJELI-FINANCIJSKIH-SREDSTAVA-OBJAVLJENO-23.07.2021..pdf\"><span style=\"color: #00ccff;\">ODLUKA O DODJELI FINANCIJSKIH SREDSTAVA &#8211; OBJAVLJENO 23.07.2021.\u00a0<\/span><\/a><\/p>\n<p><a href=\"http:\/\/www.stucos.unios.hr\/wp-content\/uploads\/2019\/12\/Odluka-o-raspisivanju-Javnog-poziva-za-financiranje-studentskih-aktivnosti-u-lipnju-2021..pdf\"><span style=\"color: #00ccff;\">Odluka o raspisivanju Javnog poziva za financiranje studentskih aktivnosti u lipnju 2021.<\/span><\/a><\/p>\n<p><a href=\"http:\/\/www.stucos.unios.hr\/wp-content\/uploads\/2020\/03\/Preporuka-davateljima-financijskih-sredstava-iz-javnih-izvora-u-vezi-s-pojavom-koronavirusa-COVID-19.pdf\"><span style=\"color: #00ccff;\">Preporuka davateljima financijskih sredstava iz javnih izvora u vezi s pojavom koronavirusa COVID-19<\/span><\/a><\/p>\n<p><a href=\"http:\/\/www.stucos.unios.hr\/wp-content\/uploads\/2021\/03\/Odluka-o-dodjeli-financijski-sredstava.pdf\"><span style=\"color: #00ccff;\">Kona\u010dna Odluka o raspodjeli sredstava za studentske aktivnosti &#8211; objavljeno 17.03.2021.<\/span><\/a><\/p>\n<p><a href=\"http:\/\/www.stucos.unios.hr\/wp-content\/uploads\/2021\/03\/ODLUKA-O-DODJELI.pdf\"><span style=\"color: #00ccff;\">Odluka o dodjeli financijskih sredstava-objavljeno 08.03.2021.<\/span><\/a><\/p>\n<p><a href=\"http:\/\/www.stucos.unios.hr\/wp-content\/uploads\/2021\/02\/Javni-poziv-za-financiranje-studentskih-aktivnosti.pdf\"><span style=\"color: #00ccff;\">Javni poziv za financiranje studentskih aktivnosti-objavljeno 16.2.2021.<\/span><\/a><\/p>\n<p><a href=\"http:\/\/www.stucos.unios.hr\/wp-content\/uploads\/2020\/07\/Kona\u010dna-Odluka-o-raspodjeli-sredstava-za-studentske-aktivnosti-3.srpnja-2020.pdf\"><span style=\"color: #00ccff;\">Kona\u010dna Odluka o raspodjeli sredstava za studentske aktivnosti &#8211; <\/span><\/a><a href=\"http:\/\/www.stucos.unios.hr\/wp-content\/uploads\/2020\/07\/Kona\u010dna-Odluka-o-raspodjeli-sredstava-za-studentske-aktivnosti-3.srpnja-2020.pdf\"><span style=\"color: #00ccff;\">objavljeno 03.07. 2020.<\/span><\/a><\/p>\n<p><a href=\"http:\/\/www.stucos.unios.hr\/wp-content\/uploads\/2020\/06\/Odluka-o-dodjeli-sredstava-za-financiranje-studentskih-aktivnosti-objavljeno-23.6.2020.pdf\"><span style=\"color: #00ccff;\">Odluka o dodjeli financijski sredstava &#8211; objavljeno 23.06.2020<\/span><\/a><\/p>\n<p><a href=\"http:\/\/www.stucos.unios.hr\/wp-content\/uploads\/2020\/06\/Odluka-o-raspisivanju-Javnog-poziva-lipanj-2020.pdf\"><span style=\"color: #00ccff;\">Odluka o raspisivanju Javnog poziva za financiranje studentskih aktivnosti u lipnju 2020.<\/span><\/a><\/p>\n<p><span style=\"color: #00ccff;\"><a style=\"color: #00ccff;\" href=\"http:\/\/www.stucos.unios.hr\/wp-content\/uploads\/2020\/06\/Javni-poziv-lipanj-2020.pdf\">Javni poziv za financiranje studentskih aktivnosti, lipanj 2020.<\/a><\/span><\/p>\n<p><span style=\"color: #00ccff;\"><a style=\"color: #00ccff;\" href=\"http:\/\/www.stucos.unios.hr\/wp-content\/uploads\/2020\/02\/kona\u010dna-odluka.pdf\">Odluka o dodjeli financijskih sredstava &#8211; objavljeno 28.02.2020.<\/a><\/span><\/p>\n<p><span style=\"color: #00ccff;\"><a style=\"color: #00ccff;\" href=\"http:\/\/www.stucos.unios.hr\/wp-content\/uploads\/2020\/02\/odluka-o-5.pdf\">Odluka o dodjeli financijskih sredstava &#8211; objavljeno 21.02.2020.<\/a><\/span><\/p>\n<p><span style=\"color: #00ccff;\"><a style=\"color: #00ccff;\" href=\"http:\/\/www.stucos.unios.hr\/wp-content\/uploads\/2020\/02\/ODLUKA-SARA.pdf\"><span style=\"font-family: arial,sans-serif;\">Odluka o raspisivanju Javnog poziva za financiranje studentskih aktivnosti u velja\u010di 2020.<\/span><\/a><\/span><\/p>\n<p><span style=\"color: #00ccff;\"><a style=\"color: #00ccff;\" href=\"http:\/\/www.stucos.unios.hr\/wp-content\/uploads\/2020\/02\/Javni-poziv-za-financiranje-studentskih-aktivnosti-veljaca-2020-.pdf\"><span style=\"font-family: arial,sans-serif;\">Javni poziv za financiranje studentskih aktivnosti, velja\u010da 2020.<\/span><\/a><\/span><\/p>\n<p><a href=\"http:\/\/www.stucos.unios.hr\/wp-content\/uploads\/2020\/09\/A3-obrazac-izvjestaja-aktivnosti-velja\u010da-2020..xlsx\"><span style=\"color: #00ccff;\">A3 obrazac izvje\u0161taja &#8211; aktivnosti &#8211; velja\u010da 2020.<\/span><\/a><\/p>\n<p><span style=\"color: #00ccff;\"><a style=\"color: #00ccff;\" href=\"http:\/\/www.stucos.unios.hr\/wp-content\/uploads\/2020\/01\/kriteriji.pdf\">Kriteriji za financiranje studentskih aktivnosti &#8211; objavljeno 30.12.2019.<\/a><\/span><\/p>\n<p><span style=\"color: #00ccff;\"><a style=\"color: #00ccff;\" href=\"http:\/\/www.stucos.unios.hr\/wp-content\/uploads\/2020\/01\/Povjerenstvo-za-raspodjelu-naknade-od-05.pdf\">Povjerenstvo za raspodjelu naknade od 0,5%<\/a><\/span><\/p>\n<p><span style=\"color: #00ccff;\"><a style=\"color: #00ccff;\" href=\"http:\/\/www.stucos.unios.hr\/wp-content\/uploads\/2020\/06\/UPUTE-ZA-PRIJAVU-STUDENTSKIH-AKTIVNOSTI-NA-PLATFORMI-PROGRAMI.UNIOS_.HR_.docx\">UPUTE ZA PRIJAVU STUDENTSKIH AKTIVNOSTI NA PLATFORMI PROGRAMI.UNIOS.HR<\/a><\/span><\/p>\n","protected":false},"excerpt":{"rendered":"<p>JAVNI POZIV ZA FINANCIRANJE STUDENTSKIH AKTIVNOSTI 2025. Odluka o izmjenama i dopunama Odluke o dodjeli financijskih sredstava Odluka o dodjeli financijskih sredstava za financiranje studentskih aktivnosti u 2025. godini Javni poziv za financiranje studentskih aktivnosti 2025 Kriteriji za financiranje studentskih aktivnosti 2025 Prijava student pojedinac ili skupina studenata pojedinaca Prijava studentska udruga Prijava studentski zbor [&hellip;]<\/p>\n","protected":false},"author":1,"featured_media":0,"parent":0,"menu_order":0,"comment_status":"closed","ping_status":"closed","template":"","meta":[],"_links":{"self":[{"href":"https:\/\/www.stucos.unios.hr\/index.php?rest_route=\/wp\/v2\/pages\/2662"}],"collection":[{"href":"https:\/\/www.stucos.unios.hr\/index.php?rest_route=\/wp\/v2\/pages"}],"about":[{"href":"https:\/\/www.stucos.unios.hr\/index.php?rest_route=\/wp\/v2\/types\/page"}],"author":[{"embeddable":true,"href":"https:\/\/www.stucos.unios.hr\/index.php?rest_route=\/wp\/v2\/users\/1"}],"replies":[{"embeddable":true,"href":"https:\/\/www.stucos.unios.hr\/index.php?rest_route=%2Fwp%2Fv2%2Fcomments&post=2662"}],"version-history":[{"count":59,"href":"https:\/\/www.stucos.unios.hr\/index.php?rest_route=\/wp\/v2\/pages\/2662\/revisions"}],"predecessor-version":[{"id":5275,"href":"https:\/\/www.stucos.unios.hr\/index.php?rest_route=\/wp\/v2\/pages\/2662\/revisions\/5275"}],"wp:attachment":[{"href":"https:\/\/www.stucos.unios.hr\/index.php?rest_route=%2Fwp%2Fv2%2Fmedia&parent=2662"}],"curies":[{"name":"wp","href":"https:\/\/api.w.org\/{rel}","templated":true}]}}