{"id":2275,"date":"2019-02-28T13:08:33","date_gmt":"2019-02-28T11:08:33","guid":{"rendered":"http:\/\/www.stucos.unios.hr\/?page_id=2275"},"modified":"2026-02-26T13:19:51","modified_gmt":"2026-02-26T11:19:51","slug":"izvjesca","status":"publish","type":"page","link":"https:\/\/www.stucos.unios.hr\/?page_id=2275","title":{"rendered":"Izvje\u0161\u0107a"},"content":{"rendered":"\n<p class=\"has-text-align-left\"><strong>Izvje\u0161\u0107e po Zakonu o obavljanju studentskih poslova \u010dl. 5. st. 4. za 2025.g. objavljeno dana 26.2.2026. mo\u017eete pogledati&nbsp;<\/strong><\/p>\n\n\n\n<div class=\"wp-block-file\"><a href=\"https:\/\/www.stucos.unios.hr\/wp-content\/uploads\/2026\/02\/POSLODAVCI-2025.g-3.xlsx\" class=\"wp-block-file__button\" download>Preuzmi<\/a><\/div>\n\n\n\n<p><strong>Izvje\u0161\u0107e po Zakonu o obavljanju studentskih poslova \u010dl. 14 .st. 4. za 2025.g. objavljeno dana 26.2.2026. mo\u017eete pogledati<\/strong><\/p>\n\n\n\n<div class=\"wp-block-file\"><a href=\"https:\/\/www.stucos.unios.hr\/wp-content\/uploads\/2026\/02\/Izvjesce-o-koristenju-prihoda-od-poslovanja-pri-obavljanju-studentskih-poslova-2025.-godina.pdf\" class=\"wp-block-file__button\" download>Preuzmi<\/a><\/div>\n\n\n\n<p><strong>Izvje\u0161\u0107e po Zakonu o obavljanju studentskih poslova \u010dl. 5. st. 4. za 2024.g. objavljeno dana 28.02.2025. mo\u017eete pogledati <a href=\"http:\/\/www.stucos.unios.hr\/wp-content\/uploads\/2019\/12\/poslodvci-web.pdf\">ovdje<\/a><\/strong><\/p>\n\n\n\n<p><strong>Izvje\u0161\u0107e po Zakonu o obavljanju studentskih poslova \u010dl. 14 .st. 4. za 2024.g. objavljeno dana 28.02.2025. mo\u017eete pogledati <a href=\"http:\/\/www.stucos.unios.hr\/wp-content\/uploads\/2019\/12\/IZVJESCE-WEB.pdf\">ovdje<\/a><\/strong><\/p>\n\n\n\n<p><strong>Izvje\u0161\u0107e po Zakonu o obavljanju studentskih poslova \u010dl. 5. st. 4. za 2023.g. objavljeno dana 27.02.2024. mo\u017eete pogledati <a href=\"http:\/\/www.stucos.unios.hr\/wp-content\/uploads\/2024\/02\/2024popis-2.pdf\">ovdje<\/a><\/strong><\/p>\n\n\n\n<p><strong>Izvje\u0161\u0107e po Zakonu o obavljanju studentskih poslova \u010dl.14. st. 7. za 2023.g. objavljeno dana 27.02.2024. mo\u017eete pogledati <a href=\"http:\/\/www.stucos.unios.hr\/wp-content\/uploads\/2024\/02\/2024izvjesaj-2.pdf\">ovdje<\/a><\/strong><\/p>\n\n\n<p><strong><span data-offset-key=\"3eb4r-0-0\">Izvje\u0161\u0107e po Zakonu o obavljanju studentskih poslova \u010dl. 5. st. 4. za 2022.g. objavljeno dana 27.02.2023. mo\u017eete pogledati <\/span><a href=\"http:\/\/www.stucos.unios.hr\/wp-content\/uploads\/2019\/12\/popis.pdf\">ovdje<\/a><\/strong><\/p>\n<p><strong><span data-offset-key=\"3eb4r-0-0\">Izvje\u0161\u0107e po Zakonu o obavljanju studentskih poslova \u010dl.14. st. 7. za 2022.g. objavljeno dana 27.02.2023. mo\u017eete pogledati <\/span><a href=\"http:\/\/www.stucos.unios.hr\/wp-content\/uploads\/2019\/12\/IZVJES\u030cTAJ.pdf\">ovdje<\/a><\/strong><\/p>\n<p><strong><span data-offset-key=\"3eb4r-0-0\">Izvje\u0161\u0107e po Zakonu o obavljanju studentskih poslova \u010dl.14. st. 7. za 2021.g. objavljeno dana 22.02.2022. mo\u017eete pogledati <\/span><a href=\"http:\/\/www.stucos.unios.hr\/wp-content\/uploads\/2022\/02\/IZVJESCE-ZA-2021..pdf\">ovdje<\/a><\/strong><\/p>\n<p><strong>Izvje\u0161\u0107e po Zakonu o obavljanju studentskih poslova \u010dl. 5. st. 4. za 2021.g. objavljeno dana 22.02.2022. mo\u017eete pogledati <a href=\"http:\/\/www.stucos.unios.hr\/wp-content\/uploads\/2022\/02\/POPIS-NARUCITELJA-2021.-1.pdf\">ovdje<\/a><\/strong><\/p>\n<p><strong><span data-offset-key=\"3eb4r-0-0\">Izvje\u0161\u0107e po Zakonu o obavljanju studentskih poslova \u010dl.14. st. 7. za 2020.g. objavljeno dana 04.03.2021. mo\u017eete pogledati <\/span><a href=\"http:\/\/www.stucos.unios.hr\/wp-content\/uploads\/2021\/03\/IZVJESCE-2021..docx\">ovdje<\/a><\/strong><\/p>\n<p><strong>Izvje\u0161\u0107e po Zakonu o obavljanju studentskih poslova \u010dl. 5. st. 4. za 2020.g. objavljeno dana 19.02.2021. mo\u017eete pogledati <a href=\"http:\/\/www.stucos.unios.hr\/wp-content\/uploads\/2021\/02\/POPIS-POSLODAVACA.pdf\">ovdje<\/a><\/strong><\/p>\n<p><strong><span data-offset-key=\"3eb4r-0-0\">Izvje\u0161\u0107e po Zakonu o obavljanju studentskih poslova \u010dl.14. st. 7. za 2019.g. objavljeno dana 02.03.2020. mo\u017eete pogledati <\/span><a href=\"http:\/\/www.stucos.unios.hr\/wp-content\/uploads\/2020\/03\/branka.pdf\">ovdje<\/a><span data-offset-key=\"3eb4r-0-0\"><br><\/span><\/strong><\/p>\n<p><strong><span data-offset-key=\"3eb4r-0-0\">Izvje\u0161\u0107e po Zakonu o obavljanju studentskih poslova \u010dl. 5. st. 4. za 2019.g. objavljeno dana 02.03.2020. mo\u017eete pogledati <\/span><\/strong><a href=\"http:\/\/www.stucos.unios.hr\/wp-content\/uploads\/2020\/03\/popis-naru\u010ditelja-posla-za-web.pdf\"><strong>ovdje<\/strong><\/a><\/p>\n\n\n<p><\/p>\n\n\n","protected":false},"excerpt":{"rendered":"<p>Izvje\u0161\u0107e po Zakonu o obavljanju studentskih poslova \u010dl. 5. st. 4. za 2025.g. objavljeno dana 26.2.2026. mo\u017eete pogledati&nbsp; Izvje\u0161\u0107e po Zakonu o obavljanju studentskih poslova \u010dl. 14 .st. 4. za 2025.g. objavljeno dana 26.2.2026. mo\u017eete pogledati Izvje\u0161\u0107e po Zakonu o obavljanju studentskih poslova \u010dl. 5. st. 4. za 2024.g. objavljeno dana 28.02.2025. mo\u017eete pogledati ovdje [&hellip;]<\/p>\n","protected":false},"author":1,"featured_media":0,"parent":0,"menu_order":0,"comment_status":"closed","ping_status":"closed","template":"","meta":[],"_links":{"self":[{"href":"https:\/\/www.stucos.unios.hr\/index.php?rest_route=\/wp\/v2\/pages\/2275"}],"collection":[{"href":"https:\/\/www.stucos.unios.hr\/index.php?rest_route=\/wp\/v2\/pages"}],"about":[{"href":"https:\/\/www.stucos.unios.hr\/index.php?rest_route=\/wp\/v2\/types\/page"}],"author":[{"embeddable":true,"href":"https:\/\/www.stucos.unios.hr\/index.php?rest_route=\/wp\/v2\/users\/1"}],"replies":[{"embeddable":true,"href":"https:\/\/www.stucos.unios.hr\/index.php?rest_route=%2Fwp%2Fv2%2Fcomments&post=2275"}],"version-history":[{"count":28,"href":"https:\/\/www.stucos.unios.hr\/index.php?rest_route=\/wp\/v2\/pages\/2275\/revisions"}],"predecessor-version":[{"id":5609,"href":"https:\/\/www.stucos.unios.hr\/index.php?rest_route=\/wp\/v2\/pages\/2275\/revisions\/5609"}],"wp:attachment":[{"href":"https:\/\/www.stucos.unios.hr\/index.php?rest_route=%2Fwp%2Fv2%2Fmedia&parent=2275"}],"curies":[{"name":"wp","href":"https:\/\/api.w.org\/{rel}","templated":true}]}}