{"id":2207,"date":"2019-01-30T19:57:46","date_gmt":"2019-01-30T17:57:46","guid":{"rendered":"http:\/\/www.stucos.unios.hr\/?page_id=2207"},"modified":"2019-06-28T10:10:26","modified_gmt":"2019-06-28T08:10:26","slug":"zastita-osobnih-podataka","status":"publish","type":"page","link":"https:\/\/www.stucos.unios.hr\/?page_id=2207","title":{"rendered":"Za\u0161tita osobnih podataka"},"content":{"rendered":"<p><a href=\"http:\/\/www.stucos.unios.hr\/wp-content\/uploads\/2019\/01\/Politika-za\u0161tite-podataka.pdf\">Politika za\u0161tite podataka<\/a><\/p>\n<p><a href=\"http:\/\/www.stucos.unios.hr\/wp-content\/uploads\/2019\/01\/Pravilnik-o-obradi-i-za\u0161titi-osobnih-podataka.pdf\">Pravilnik o obradi i za\u0161titi osobnih podataka<\/a><\/p>\n<p><a href=\"http:\/\/www.stucos.unios.hr\/wp-content\/uploads\/2019\/01\/Zahtjev-za-pristup-ispravak-ili-brisanje-osobnih-podataka-obra\u0111enim-u-Studentskom-centru-u-Osijeku.pdf\">Zahtjev za pristup, ispravak ili brisanje osobnih podataka obra\u0111enim u Studentskom centru u Osijeku<\/a><\/p>\n\n\n<p style=\"text-align:left\">Slu\u017ebenik zadu\u017een za za\u0161titu osobnih podataka &#8211; Kontakt: gdpr@stucos.hr<\/p>\n\n\n\n<p><\/p>\n","protected":false},"excerpt":{"rendered":"<p>Politika za\u0161tite podataka Pravilnik o obradi i za\u0161titi osobnih podataka Zahtjev za pristup, ispravak ili brisanje osobnih podataka obra\u0111enim u Studentskom centru u Osijeku Slu\u017ebenik zadu\u017een za za\u0161titu osobnih podataka &#8211; Kontakt: gdpr@stucos.hr<\/p>\n","protected":false},"author":1,"featured_media":0,"parent":0,"menu_order":0,"comment_status":"closed","ping_status":"closed","template":"","meta":[],"_links":{"self":[{"href":"https:\/\/www.stucos.unios.hr\/index.php?rest_route=\/wp\/v2\/pages\/2207"}],"collection":[{"href":"https:\/\/www.stucos.unios.hr\/index.php?rest_route=\/wp\/v2\/pages"}],"about":[{"href":"https:\/\/www.stucos.unios.hr\/index.php?rest_route=\/wp\/v2\/types\/page"}],"author":[{"embeddable":true,"href":"https:\/\/www.stucos.unios.hr\/index.php?rest_route=\/wp\/v2\/users\/1"}],"replies":[{"embeddable":true,"href":"https:\/\/www.stucos.unios.hr\/index.php?rest_route=%2Fwp%2Fv2%2Fcomments&post=2207"}],"version-history":[{"count":5,"href":"https:\/\/www.stucos.unios.hr\/index.php?rest_route=\/wp\/v2\/pages\/2207\/revisions"}],"predecessor-version":[{"id":2364,"href":"https:\/\/www.stucos.unios.hr\/index.php?rest_route=\/wp\/v2\/pages\/2207\/revisions\/2364"}],"wp:attachment":[{"href":"https:\/\/www.stucos.unios.hr\/index.php?rest_route=%2Fwp%2Fv2%2Fmedia&parent=2207"}],"curies":[{"name":"wp","href":"https:\/\/api.w.org\/{rel}","templated":true}]}}