{"id":198,"date":"2015-06-16T12:40:43","date_gmt":"2015-06-16T12:40:43","guid":{"rendered":"http:\/\/beta.stucos.hr\/?page_id=198"},"modified":"2019-01-11T12:30:51","modified_gmt":"2019-01-11T10:30:51","slug":"opci-uvjeti","status":"publish","type":"page","link":"https:\/\/www.stucos.unios.hr\/?page_id=198","title":{"rendered":"Op\u0107i uvjeti"},"content":{"rendered":"<p>Na temelju \u010dlanka 9. stavka 4. Zakona o obavljanju studentskih poslova (\u201eNarodne novine\u201c broj 96\/18) ravnatelj Studentskog centra Osijek donosi<\/p>\n<p><strong>OP\u0106E UVJETE POSLOVANJA<\/strong><\/p>\n<p><strong>UVODNE ODREDBE<\/strong><\/p>\n<p>Studentski centar u Osijeku je ustanova koja sukladno odredbi \u010dlanka 18. Zakona o obavljanju studentskih poslova (dalje u tekstu: Zakon) obavlja djelatnost posredovanja pri obavljanju studentskih poslova.<\/p>\n<p>U sastavu Studentskog centra u Osijek djeluje Studentski servis koji obavljaju djelatnost posredovanja pri obavljanju studentskih poslova.<\/p>\n<p><strong>\u00a0<\/strong><\/p>\n<p><strong>PREDMET OP\u0106IH UVJETA POSLOVANJA<\/strong><\/p>\n<p><strong>\u010clanak 1.<\/strong><\/p>\n<p>(1) Ovim Op\u0107im uvjetima poslovanja (u daljnjem tekstu: Op\u0107i uvjeti) ure\u0111uju se odnosi te odre\u0111ena prava i obveze pri posredovanju izme\u0111u Studentskog centra Osijek (daljnjem tekstu: posrednik) kao pru\u017eatelja usluge posredovanja pri obavljanju studentskih poslova sukladno va\u017ee\u0107im propisima u Republici Hrvatskoj te izvo\u0111a\u010da\u00a0 i naru\u010ditelja posla.<\/p>\n<p>(2) Izvo\u0111a\u010d je student ili druga osoba koja sukladno odredbama Zakona ostvaruje pravo na obavljanje studentskog posla.<\/p>\n<p>(3) Naru\u010ditelj posla je fizi\u010dka osoba koja je registrirana za obavljanje djelatnosti ili pravna osoba koja je s izvo\u0111a\u010dem sklopila ugovor o obavljanju studentskoga posla i za koju izvo\u0111a\u010d obavlja taj posao.<\/p>\n<p><strong>\u00a0<\/strong><\/p>\n<p><strong>USLUGE POSREDNIKA<\/strong><\/p>\n<p><strong>\u010clanak 2.<\/strong><\/p>\n<p>(1) Posrednik obavlja djelatnost posredovanja u skladu s pozitivnim zakonskim odredbama \u0161to uklju\u010duje:<\/p>\n<ol>\n<li>1. obavljanje poslova analize i obrade tr\u017ei\u0161ta rada, pronalazak posla i kontakt s naru\u010diteljima posla te dogovor oko uvjeta obavljanja posla s naru\u010diteljem posla<\/li>\n<li>upu\u0107ivanje izvo\u0111a\u010da na obavljanje posla kod naru\u010ditelja posla<\/li>\n<li>vo\u0111enje Zakonom propisanih evidencija<\/li>\n<li>kontrolu obra\u010duna naknade za obavljanje studentskoga posla, propisanih doprinosa i naknada za posredovanje<\/li>\n<li>dostavu ra\u010duna naru\u010ditelju posla te njegovu naplatu<\/li>\n<li>isplatu punog iznosa naknade izvo\u0111a\u010du u roku tri radna dana od dana uplate sredstava na ra\u010dun posrednika od strane naru\u010ditelja te uplatu doprinosa na temelju posebnih propisa<\/li>\n<li>osiguranje izvo\u0111a\u010da kod ovla\u0161tenog osiguravaju\u0107eg dru\u0161tva za slu\u010daj ozljede na radu te u slu\u010daju nastanka ozljede zastupati izvo\u0111a\u010da u postupku ostvarivanja njegovih prava iz osiguranja<\/li>\n<li>za\u0161titu izvo\u0111a\u010da i pru\u017eanje pravne pomo\u0107i i za\u0161tite u vezi s ostvarivanjem svih prava iz Ugovora<\/li>\n<li>u slu\u010daju ne isplate naknade za obavljeni studentski posao zastupati izvo\u0111a\u010da u potra\u017eivanju naknade i poduzeti sve pravne radnje da se ra\u010dun naplati od naru\u010ditelja posla i naknada isplati izvo\u0111a\u010du (slanje opomene, pokretanje postupka prisilne naplate)<\/li>\n<li>u slu\u010daju kada naru\u010ditelj u rokovima propisanim Zakonom ne isplati naknadu izvo\u0111a\u010du za obavljeni posao, posrednik \u0107e poduzeti sve potrebne aktivnosti za naplatu kako bi isplatio naknadu izvo\u0111a\u010du. Posrednik solidarno ne odgovara (odnosno ne ispla\u0107uje nenapla\u0107eni ugovor) kada prije sklapanja ugovora pisano upozori izvo\u0111a\u010da na u\u010destalo nepla\u0107anje naknade od strane naru\u010ditelja posla, a izvo\u0111a\u010d unato\u010d upozorenju potpi\u0161e ugovor.<\/li>\n<li>Posrednik ima pravo ne posredovati za poslove kod naru\u010ditelja koji u\u010destalo, odnosno u rokovima propisanim Zakonom, ne pla\u0107a naknade ili kr\u0161i druge propise iz Zakona ili pravilnika.<\/li>\n<\/ol>\n<p>(2) Posrednik prikuplja osobne podatke izvo\u0111a\u010da u svrhu posredovanja pri obavljanju studentskog posla te ih obra\u0111uje i \u010duva u skladu s Op\u0107om uredbom o za\u0161titi podataka i pozitivnim propisima Republike Hrvatske.<\/p>\n<p>&nbsp;<\/p>\n<p><strong>OBVEZE NARU\u010cITELJA<\/strong><\/p>\n<p><strong>\u010clanak 3.<\/strong><\/p>\n<p>Naru\u010ditelj posla je du\u017ean poduzimati sljede\u0107e radnje:<\/p>\n<ol>\n<li>prije po\u010detka obavljanja posla potpisati Ugovor o obavljanju studentskog posla (dalje u tekstu: Ugovor)<\/li>\n<li>prije po\u010detka obavljanja posla utvrditi identitet izvo\u0111a\u010da<\/li>\n<li>prije ugovaranja posla pobli\u017ee odrediti mjesto i na\u010din obavljanja posla, po\u0161tuju\u0107i pritom prava i dostojanstvo izvo\u0111a\u010da, kako bi izvo\u0111a\u010du pravovremeno dao informacije o poslu<\/li>\n<li>Ako nije druga\u010dije dogovoreno, osigurati izvo\u0111a\u010du najmanje 4 sata rada ili naknadu u vrijednosti od 4 sata rada, ako se posao obavlja u jednom danu, a traje kra\u0107e od 4 sata<\/li>\n<li>platiti 4 sata rada ako izvo\u0111a\u010d do\u0111e do mjesta rada, a krivnjom naru\u010ditelja posao bude otkazan<\/li>\n<li>osigurati izvo\u0111a\u010du uvjete za obavljanje studentskih poslova na siguran na\u010din i na na\u010din koji ne ugro\u017eava zdravlje izvo\u0111a\u010da, u skladu s propisima kojima se ure\u0111uje za\u0161tita na radu i drugim propisima, odnosno pridr\u017eavati se propisa o za\u0161titi na radu i za\u0161titi od po\u017eara, a posebno: upoznati izvo\u0111a\u010da s uvjetima rada, predati mu odgovaraju\u0107u opremu i sredstva za rad i poduzeti potrebne mjere da se izvo\u0111a\u010d osposobi prema propisima o za\u0161titi zdravlja i sigurnosti na radu<\/li>\n<li>prije po\u010detka obavljanja samostalnog posla izvo\u0111a\u010da osposobiti istog za rad na siguran na\u010din<\/li>\n<li>za\u0161tititi dostojanstvo izvo\u0111a\u010da za vrijeme obavljanja posla od postupanja nadre\u0111enih, suradnika i osoba s kojima izvo\u0111a\u010d redovito dolazi u doticaj u obavljanju svojih poslova,<\/li>\n<li>obavijestiti posrednika u slu\u010daju da se izvo\u0111a\u010d prilikom obavljanja studentskog posla ozlijedi<\/li>\n<li>odmah po zavr\u0161etku ugovorenog posla dostaviti posredniku ovjereni Ugovor, s utvr\u0111enim i potpisanim obra\u010dunom i izjavom o obavljenom poslu. Izjava je sastavni dio Ugovora.<\/li>\n<li>platiti naknade za obavljeni posao na ra\u010dun posrednika najkasnije 15 dana od zavr\u0161etka posla<\/li>\n<li>platiti izvo\u0111a\u010du 50-postotno uve\u0107anje naknade za sate rada u dane dr\u017eavnoga blagdana, za rad no\u0107u, za prekovremeni rad i za rad nedjeljom<\/li>\n<li>platiti izvo\u0111a\u010du naknadu putnih tro\u0161kova, naknadu za topli obrok i druge naknade ako su ugovorene<\/li>\n<li>izvo\u0111a\u010du koji radi obavljanja poslova (npr. rad u sezoni, terenski rad i dr.) putuje izvan svog mjesta prebivali\u0161ta &#8211; boravi\u0161ta, osigurati o vlastitom tro\u0161ku hranu i smje\u0161taj za cijelo vrijeme obavljanja navedenih poslova, ako je dogovoreno<\/li>\n<li>platiti posredniku doprinose i naknade na ukupni neto primitak izvo\u0111a\u010da, i to:<\/li>\n<\/ol>\n<ul>\n<li>5,00% doprinosa za MIO na neto zaradu izvo\u0111a\u010da,<\/li>\n<li>0,5% poseban doprinos za zdravstveno osiguranje za osobe osigurane u odre\u0111enim okolnostima na neto zaradu izvo\u0111a\u010da,<\/li>\n<li>12,00% netoiznosa naknade izvo\u0111a\u010du za podmirivanje tro\u0161kova posredovanja i pobolj\u0161anje studentskog standarda<\/li>\n<li>0,5% netoiznosa naknade izvo\u0111a\u010du u svrhu financiranja kulturnih, sportskih, znanstvenih i edukacijskih aktivnosti koje isklju\u010divo provode studenti i studentske organizacije te su isklju\u010divo namijenjene studentima<\/li>\n<\/ul>\n<p>&nbsp;<\/p>\n<ol start=\"16\">\n<li>obra\u0111ivati i \u010duvati osobne podatke izvo\u0111a\u010da u skladu s pozitivnim propisima o za\u0161titi osobnih podataka<\/li>\n<li>ukoliko su se promijenili podatci tvrtke naru\u010ditelja prije zavr\u0161enog posla, naru\u010ditelj je obvezan obavijestiti posrednika u pisanom obliku o tome.<\/li>\n<\/ol>\n<p>&nbsp;<\/p>\n<p><strong>OBVEZE IZVO\u0110A\u010cA<\/strong><\/p>\n<p><strong>\u010clanak 4.<\/strong><\/p>\n<p>(1) Izvo\u0111a\u010d je du\u017ean prilikom u\u010dlanjenja u Student servis predo\u010diti dokaze o svom statusu i druge dokumente potrebe za u\u010dlanjenje objavljene na mre\u017enim stranicama posrednika.<\/p>\n<p>(2) Izvo\u0111a\u010d prilikom u\u010dlanjenja u student servis potpisuje da je upoznat da se njegovi osobni podaci prikupljaju u svrhu obavljanja studentskog posla sukladno odredbama Zakona.<\/p>\n<p>(4) Izvo\u0111a\u010d je du\u017ean:<\/p>\n<ol>\n<li>osobno obavljati preuzeti posao<\/li>\n<li>prilikom obavljanja posla pridr\u017eavati se uputa o za\u0161titi na radu i uputa koje mu je naru\u010ditelj posla dao, u skladu s naravi i vrstom posla<\/li>\n<li>savjesno i odgovorno obavljati ugovoreni posao<\/li>\n<li>\u010duvati imovinu naru\u010ditelja posla i odgovarati za \u0161tetu koju namjerno u\u010dini naru\u010ditelju posla<\/li>\n<li>nakon obavljanja posla provjeriti to\u010dnost i istinitost podataka u obra\u010dunu o obavljenom poslu na ugovoru te potpisati izjavu o obavljenom poslu koja je sastavni dio ugovora<\/li>\n<li>u slu\u010daju sprije\u010denosti na vrijeme obavijestiti naru\u010ditelja i posrednika o nemogu\u0107nosti obavljanja ugovorenog posla<\/li>\n<li>u slu\u010daju promjene okolnosti vezanih za ostvarivanje prava na obavljanje studentskih poslova bez odga\u0111anja obavijestiti posrednika o promjenama podataka ili \u010dinjenica koje utje\u010du na ispunjavanje uvjeta za obavljanje studentskog posla.<\/li>\n<\/ol>\n<p><strong>\u00a0<\/strong><\/p>\n<p><strong>UGOVOR O OBAVLJANJU STUDENTSKOG POSLA<\/strong><\/p>\n<p><strong>\u010clanak 5.<\/strong><\/p>\n<p>(1) Ugovor o obavljanju studentskoga posla (u daljnjem tekstu: Ugovor) izvo\u0111a\u010d je du\u017ean preuzeti od posrednika prije obavljanja studentskoga posla. U slu\u010daju da postoji potreba za izdavanjem ugovora tijekom blagdana ili vikendom kada posrednik ne radi, izvo\u0111a\u010d je du\u017ean preuzeti s mre\u017ene stranice ugovor u digitalnom obliku te isti potpisati i predati naru\u010ditelju na potpis i ovjeru.<\/p>\n<p>(2) Ugovor se zaklju\u010duje za svaki kalendarski mjesec i uvjet je za po\u010detak obavljanja studentskoga posla. Iznimno, Ugovor se mo\u017ee zaklju\u010diti i za razdoblje dulje od mjesec dana, a najdu\u017ee do 45 dana, uz navo\u0111enje razloga za njegovo trajanje dulje od mjesec dana.<\/p>\n<p>(3) Izvo\u0111a\u010d i naru\u010ditelj posla nakon obavljenoga posla na prethodno potpisanome ugovoru potpisuju izjavu kojom potvr\u0111uju kona\u010dan broj sati ili dana obavljanja posla. Izjava se nalazi na ugovoru.<\/p>\n<p>(4) Izvo\u0111a\u010d mo\u017ee tijekom godine preuzeti neograni\u010deni broj ugovora o obavljanju studentskog posla, pod uvjetom da su prethodni ugovori realizirani.<\/p>\n<p>(5) U slu\u010daju kad Izvo\u0111a\u010d nakon \u0161to je preuzeo Ugovor ne po\u010dne obavljati posao, iz bilo kojih razloga (bilo da je posao otkazan, bolest izvo\u0111a\u010da i dr.) du\u017ean je Ugovor vratiti posredniku, i to odmah po saznanju da posao ne\u0107e biti obavljen.<\/p>\n<p>(6) Posrednik \u0107e obustaviti daljnje izdavanje Ugovora izvo\u0111a\u010du koji ima vi\u0161e Ugovora koji nisu realizirani ili je zlouporabio Ugovor.<\/p>\n<p>&nbsp;<\/p>\n<p><strong>NAKNADA ZA OBAVLJENI STUDENTSKI POSAO<\/strong><\/p>\n<p><strong>\u010clanak 6.<\/strong><\/p>\n<p>(1) Minimalna neto naknada za obavljeni studentski posao po satu rada donosi ministar za svaku kalendarsku godinu te se niti jedan posao ne mo\u017ee ugovoriti po ni\u017eoj cijeni sata rada od propisane minimalne neto naknade.<\/p>\n<p>(2) Za obavljanje studentskih poslova, u svim slu\u010dajevima kada je mjerljivo potrebno je koristit mjernu jedinicu sata rada ili koli\u010dine posla (npr. popunjavanje anketnih upitnika po komadu, no\u0161enje letaka po komadu i sl.). Izuzetak je ugovaranje cijene posla za izvr\u0161enje cijelog posla u pau\u0161alnom iznosu (npr. ugovaranje izrade programskih rje\u0161enja (softvera) i sl.).<\/p>\n<p>(3) Posrednik utvr\u0111uje okvirni cjenik neto sata rada za pojedine poslove, s obzirom na narav posla i kretanja cijena rada na tr\u017ei\u0161tu, a koji je objavljen na mre\u017enoj stranici posrednika.<\/p>\n<p>&nbsp;<\/p>\n<p><strong>ZAVR\u0160NE ODREDBE<\/strong><\/p>\n<p><strong>\u010clanak 7.<\/strong><\/p>\n<p>Ovi Op\u0107i uvjeti \u0107e se objaviti na mre\u017enim stranicama posrednika i na oglasnim plo\u010dama posrednika, sukladno va\u017ee\u0107im propisima u Republici Hrvatskoj.<\/p>\n<p>&nbsp;<\/p>\n<p><strong>VA\u017dENJE OP\u0106IH UVJETA POSLOVANJA<\/strong><\/p>\n<p><strong>\u010clanak 8.<\/strong><\/p>\n<p>Op\u0107i uvjeti poslovanja stupaju na snagu danom dono\u0161enja, a vrijede do opoziva ili do dono\u0161enja novih.<\/p>\n<p>U primjeni od sije\u010dnja 2019. godine<\/p>\n<p>&nbsp;<\/p>\n","protected":false},"excerpt":{"rendered":"<p>Na temelju \u010dlanka 9. stavka 4. Zakona o obavljanju studentskih poslova (\u201eNarodne novine\u201c broj 96\/18) ravnatelj Studentskog centra Osijek donosi OP\u0106E UVJETE POSLOVANJA UVODNE ODREDBE Studentski centar u Osijeku je ustanova koja sukladno odredbi \u010dlanka 18. Zakona o obavljanju studentskih poslova (dalje u tekstu: Zakon) obavlja djelatnost posredovanja pri obavljanju studentskih poslova. U sastavu Studentskog [&hellip;]<\/p>\n","protected":false},"author":1,"featured_media":0,"parent":0,"menu_order":0,"comment_status":"closed","ping_status":"closed","template":"","meta":[],"_links":{"self":[{"href":"https:\/\/www.stucos.unios.hr\/index.php?rest_route=\/wp\/v2\/pages\/198"}],"collection":[{"href":"https:\/\/www.stucos.unios.hr\/index.php?rest_route=\/wp\/v2\/pages"}],"about":[{"href":"https:\/\/www.stucos.unios.hr\/index.php?rest_route=\/wp\/v2\/types\/page"}],"author":[{"embeddable":true,"href":"https:\/\/www.stucos.unios.hr\/index.php?rest_route=\/wp\/v2\/users\/1"}],"replies":[{"embeddable":true,"href":"https:\/\/www.stucos.unios.hr\/index.php?rest_route=%2Fwp%2Fv2%2Fcomments&post=198"}],"version-history":[{"count":16,"href":"https:\/\/www.stucos.unios.hr\/index.php?rest_route=\/wp\/v2\/pages\/198\/revisions"}],"predecessor-version":[{"id":2171,"href":"https:\/\/www.stucos.unios.hr\/index.php?rest_route=\/wp\/v2\/pages\/198\/revisions\/2171"}],"wp:attachment":[{"href":"https:\/\/www.stucos.unios.hr\/index.php?rest_route=%2Fwp%2Fv2%2Fmedia&parent=198"}],"curies":[{"name":"wp","href":"https:\/\/api.w.org\/{rel}","templated":true}]}}