{"id":137,"date":"2015-05-06T14:05:47","date_gmt":"2015-05-06T14:05:47","guid":{"rendered":"http:\/\/beta.stucos.hr\/?page_id=137"},"modified":"2025-11-17T13:31:32","modified_gmt":"2025-11-17T11:31:32","slug":"cjenik","status":"publish","type":"page","link":"https:\/\/www.stucos.unios.hr\/?page_id=137","title":{"rendered":"Informativi cjenik"},"content":{"rendered":"\n<p><strong>VI\u0160E O UVJETIMA POSLOVANJA MO\u017dETE POGLEDATI NA: <a href=\"http:\/\/www.stucos.unios.hr\/?page_id=2013\">ZAKON<\/a>&nbsp; i&nbsp; <a href=\"http:\/\/www.stucos.unios.hr\/?page_id=198\">OP\u0106I UVJETI<\/a><\/strong><\/p>\n\n\n\n<p><\/p>\n\n\n\n<div class=\"wp-block-file\"><a href=\"https:\/\/www.stucos.unios.hr\/wp-content\/uploads\/2025\/11\/Odluka-o-iznosu-minimalne-naknade-za-obavljanje-studentskih-poslova-za-2026-godinu-4.pdf\">ODLUKA O MINIMALNOJ SATNICI 2026.<\/a><a href=\"https:\/\/www.stucos.unios.hr\/wp-content\/uploads\/2025\/11\/Odluka-o-iznosu-minimalne-naknade-za-obavljanje-studentskih-poslova-za-2026-godinu-4.pdf\" class=\"wp-block-file__button\" download>Preuzmi<\/a><\/div>\n\n\n\n<div class=\"wp-block-file\"><a href=\"https:\/\/www.stucos.unios.hr\/wp-content\/uploads\/2025\/11\/Snimka-zaslona-2025-11-17-102717.png\">INFORMATIVNI CJENIK 2026.<\/a><a href=\"https:\/\/www.stucos.unios.hr\/wp-content\/uploads\/2025\/11\/Snimka-zaslona-2025-11-17-102717.png\" class=\"wp-block-file__button\" download>Preuzmi<\/a><\/div>\n\n\n\n<div class=\"wp-block-file\"><a href=\"https:\/\/www.stucos.unios.hr\/wp-content\/uploads\/2024\/12\/ODLUKA-O-MINIMALNOJ-SATNICI-2025..pdf\">ODLUKA O MINIMALNOJ SATNICI 2025.<\/a><a href=\"https:\/\/www.stucos.unios.hr\/wp-content\/uploads\/2024\/12\/ODLUKA-O-MINIMALNOJ-SATNICI-2025..pdf\" class=\"wp-block-file__button\" download>Preuzmi<\/a><\/div>\n\n\n\n<div class=\"wp-block-file\"><a href=\"https:\/\/www.stucos.unios.hr\/wp-content\/uploads\/2024\/12\/OKVIRNI-CJENIK-2025..pdf\">INFORMATIVNI CJENIK 2025.<\/a><a href=\"https:\/\/www.stucos.unios.hr\/wp-content\/uploads\/2024\/12\/OKVIRNI-CJENIK-2025..pdf\" class=\"wp-block-file__button\" download>Preuzmi<\/a><\/div>\n\n\n\n<div class=\"wp-block-file\"><a href=\"https:\/\/www.stucos.unios.hr\/wp-content\/uploads\/2024\/12\/ODLUKA-O-MINIMALNOJ-SATNICI-2024..pdf\">ODLUKA O MINIMALNOJ SATNICI 2024.<\/a><a href=\"https:\/\/www.stucos.unios.hr\/wp-content\/uploads\/2024\/12\/ODLUKA-O-MINIMALNOJ-SATNICI-2024..pdf\" class=\"wp-block-file__button\" download>Preuzmi<\/a><\/div>\n\n\n\n<div class=\"wp-block-file\"><a href=\"https:\/\/www.stucos.unios.hr\/wp-content\/uploads\/2024\/12\/OKVIRNI-CJENIK-2024..pdf\">INFORMATIVNI CJENIK 2024.<\/a><a href=\"https:\/\/www.stucos.unios.hr\/wp-content\/uploads\/2024\/12\/OKVIRNI-CJENIK-2024..pdf\" class=\"wp-block-file__button\" download>Preuzmi<\/a><\/div>\n\n\n\n<div class=\"wp-block-file\"><a href=\"https:\/\/www.stucos.unios.hr\/wp-content\/uploads\/2024\/12\/ODLUKA-O-MINIMALNOJ-SATNICI-2023..pdf\">ODLUKA OMINIMALNOJ SATNICI 2023.<\/a><a href=\"https:\/\/www.stucos.unios.hr\/wp-content\/uploads\/2024\/12\/ODLUKA-O-MINIMALNOJ-SATNICI-2023..pdf\" class=\"wp-block-file__button\" download>Preuzmi<\/a><\/div>\n\n\n\n<div class=\"wp-block-file\"><a href=\"https:\/\/www.stucos.unios.hr\/wp-content\/uploads\/2024\/12\/OKVIRNI-CJENIK-2023..pdf\">INFORMATIVI CJENIK 2023.<\/a><a href=\"https:\/\/www.stucos.unios.hr\/wp-content\/uploads\/2024\/12\/OKVIRNI-CJENIK-2023..pdf\" class=\"wp-block-file__button\" download>Preuzmi<\/a><\/div>\n\n\n\n<div class=\"wp-block-file\"><a href=\"https:\/\/www.stucos.unios.hr\/wp-content\/uploads\/2024\/12\/ODLUKA-O-MINIMALNOJ-SATNICI-2022..pdf\">ODLUKA O MINIMALNOJ SATNICI 2022.<\/a><a href=\"https:\/\/www.stucos.unios.hr\/wp-content\/uploads\/2024\/12\/ODLUKA-O-MINIMALNOJ-SATNICI-2022..pdf\" class=\"wp-block-file__button\" download>Preuzmi<\/a><\/div>\n\n\n\n<div class=\"wp-block-file\"><a href=\"https:\/\/www.stucos.unios.hr\/wp-content\/uploads\/2024\/12\/OKVIRNI-CJENIK-2022..pdf\">INFORMATIVNI CJENIK 2022.<\/a><a href=\"https:\/\/www.stucos.unios.hr\/wp-content\/uploads\/2024\/12\/OKVIRNI-CJENIK-2022..pdf\" class=\"wp-block-file__button\" download>Preuzmi<\/a><\/div>\n","protected":false},"excerpt":{"rendered":"<p>VI\u0160E O UVJETIMA POSLOVANJA MO\u017dETE POGLEDATI NA: ZAKON&nbsp; i&nbsp; OP\u0106I UVJETI<\/p>\n","protected":false},"author":1,"featured_media":0,"parent":0,"menu_order":0,"comment_status":"closed","ping_status":"closed","template":"","meta":[],"_links":{"self":[{"href":"https:\/\/www.stucos.unios.hr\/index.php?rest_route=\/wp\/v2\/pages\/137"}],"collection":[{"href":"https:\/\/www.stucos.unios.hr\/index.php?rest_route=\/wp\/v2\/pages"}],"about":[{"href":"https:\/\/www.stucos.unios.hr\/index.php?rest_route=\/wp\/v2\/types\/page"}],"author":[{"embeddable":true,"href":"https:\/\/www.stucos.unios.hr\/index.php?rest_route=\/wp\/v2\/users\/1"}],"replies":[{"embeddable":true,"href":"https:\/\/www.stucos.unios.hr\/index.php?rest_route=%2Fwp%2Fv2%2Fcomments&post=137"}],"version-history":[{"count":105,"href":"https:\/\/www.stucos.unios.hr\/index.php?rest_route=\/wp\/v2\/pages\/137\/revisions"}],"predecessor-version":[{"id":5445,"href":"https:\/\/www.stucos.unios.hr\/index.php?rest_route=\/wp\/v2\/pages\/137\/revisions\/5445"}],"wp:attachment":[{"href":"https:\/\/www.stucos.unios.hr\/index.php?rest_route=%2Fwp%2Fv2%2Fmedia&parent=137"}],"curies":[{"name":"wp","href":"https:\/\/api.w.org\/{rel}","templated":true}]}}