{"id":130,"date":"2015-05-06T13:46:36","date_gmt":"2015-05-06T13:46:36","guid":{"rendered":"http:\/\/beta.stucos.hr\/?page_id=130"},"modified":"2025-02-06T15:45:04","modified_gmt":"2025-02-06T13:45:04","slug":"ostali-objekti","status":"publish","type":"page","link":"https:\/\/www.stucos.unios.hr\/?page_id=130","title":{"rendered":"Ostali objekti"},"content":{"rendered":"<p><strong>OBJEKTI JEDNOSTAVNIH BRZIH USLUGA<\/strong><\/p>\n<p><strong>Studentski dom, I.G. Kova\u010di\u0107a 4, Osijek, tel. 031-574-269<\/strong><br \/>\nRadno vrijeme:<br \/>\nponedjeljak-petak:\u00a0 7:00 -21:00<br \/>\nsubota: 8:00 &#8211; 13:00<br \/>\nnedjeljom: zatvoreno<\/p>\n<p><strong>Studentski dom, K. P. Sva\u010di\u0107a 1c, Osijek, tel. 031-251-130<\/strong><br \/>\nRadno vrijeme:<br \/>\nponedjeljak-petak:\u00a0 7:00 &#8211; 21:00<br \/>\nsubota: 8:00 &#8211; 13:00<br \/>\nnedjeljom: zatvoreno<\/p>\n<p><strong>Ekonomski fakultet, Trg Lj. Gaja 7, Osijek<\/strong><br \/>\nRadno vrijeme:<br \/>\nponedjeljak-petak: 7:00 &#8211; 19:30<br \/>\nsubota: 8:00 &#8211; 13:00<br \/>\nnedjeljom: zatvoreno<\/p>\n<p><strong>Filozofski fakultet, L. J\u00e4gera 9, Osijek<\/strong><br \/>\nRadno vrijeme:<br \/>\nponedjeljak-petak: 7:00 -19:30<br \/>\nsubota: 8:00 &#8211; 13:00<br \/>\nnedjeljom: zatvoreno<\/p>\n<p><strong>Svi objekti pru\u017eaju ugostiteljske usluge svim posjetiteljima<\/strong><\/p>\n<p>&#8211;\u00a0\u00a0 \u00a0studenti pla\u0107aju usluge X-icom uz potporu za pokri\u0107e prehrane<br \/>\n&#8211;\u00a0\u00a0 \u00a0ostali konzumenti pla\u0107aju usluge po cijeni prema va\u017ee\u0107em cjeniku za vanjske korisnike<\/p>\n<ul>\n<li>nudimo brza i jednostavna topla i hladna jela, mlije\u010dne proizvode, namaze, sladolede, tople i hladne napitke te bezalkoholna pi\u0107a<\/li>\n<li>razne vrste \u010dokolada, slatki\u0161a, \u017evaka\u010de gume, grickalice&#8230;..<\/li>\n<\/ul>\n","protected":false},"excerpt":{"rendered":"<p>OBJEKTI JEDNOSTAVNIH BRZIH USLUGA Studentski dom, I.G. Kova\u010di\u0107a 4, Osijek, tel. 031-574-269 Radno vrijeme: ponedjeljak-petak:\u00a0 7:00 -21:00 subota: 8:00 &#8211; 13:00 nedjeljom: zatvoreno Studentski dom, K. P. Sva\u010di\u0107a 1c, Osijek, tel. 031-251-130 Radno vrijeme: ponedjeljak-petak:\u00a0 7:00 &#8211; 21:00 subota: 8:00 &#8211; 13:00 nedjeljom: zatvoreno Ekonomski fakultet, Trg Lj. Gaja 7, Osijek Radno vrijeme: ponedjeljak-petak: 7:00 [&hellip;]<\/p>\n","protected":false},"author":1,"featured_media":0,"parent":0,"menu_order":0,"comment_status":"closed","ping_status":"closed","template":"","meta":[],"_links":{"self":[{"href":"https:\/\/www.stucos.unios.hr\/index.php?rest_route=\/wp\/v2\/pages\/130"}],"collection":[{"href":"https:\/\/www.stucos.unios.hr\/index.php?rest_route=\/wp\/v2\/pages"}],"about":[{"href":"https:\/\/www.stucos.unios.hr\/index.php?rest_route=\/wp\/v2\/types\/page"}],"author":[{"embeddable":true,"href":"https:\/\/www.stucos.unios.hr\/index.php?rest_route=\/wp\/v2\/users\/1"}],"replies":[{"embeddable":true,"href":"https:\/\/www.stucos.unios.hr\/index.php?rest_route=%2Fwp%2Fv2%2Fcomments&post=130"}],"version-history":[{"count":12,"href":"https:\/\/www.stucos.unios.hr\/index.php?rest_route=\/wp\/v2\/pages\/130\/revisions"}],"predecessor-version":[{"id":5057,"href":"https:\/\/www.stucos.unios.hr\/index.php?rest_route=\/wp\/v2\/pages\/130\/revisions\/5057"}],"wp:attachment":[{"href":"https:\/\/www.stucos.unios.hr\/index.php?rest_route=%2Fwp%2Fv2%2Fmedia&parent=130"}],"curies":[{"name":"wp","href":"https:\/\/api.w.org\/{rel}","templated":true}]}}