{"id":1297,"date":"2016-10-06T10:49:37","date_gmt":"2016-10-06T08:49:37","guid":{"rendered":"http:\/\/www.stucos.unios.hr\/?page_id=1297"},"modified":"2025-11-13T11:28:55","modified_gmt":"2025-11-13T09:28:55","slug":"pregled-ugovora","status":"publish","type":"page","link":"https:\/\/www.stucos.unios.hr\/?page_id=1297","title":{"rendered":"Izdavanje ugovora, pregled isplata i zarada \u010dlanova Studentskog servisa"},"content":{"rendered":"<p><strong>Po\u0161tovani budu\u0107i korisnici, na slijede\u0107oj poveznici <span style=\"color: #000000;\"><a href=\"http:\/\/www.stucos.unios.hr\/?page_id=192\"><span style=\"color: #ff0000;\">u\u010dlanjenje<\/span><\/a><\/span> iskoristite mogu\u0107nost <span style=\"color: #000000;\">online u\u010dlanjenja<\/span>, bez potrebe dolaska u Studentski servis.<\/strong><\/p>\n<p><span style=\"color: #000000;\">Kliknite na<\/span>\u00a0<strong><span style=\"color: #ff0000;\"><a style=\"color: #ff0000;\" href=\"https:\/\/websc.stucos.hr\/sc\/85\/login\/aai\">link <\/a><\/span><\/strong><span style=\"color: #000000;\">i prijavite se preko<\/span><strong><span style=\"color: #000000;\"> AAI@EduHr elektroni\u010dkog identiteta,<\/span><\/strong><span style=\"color: #000000;\"> te pratite naputke za izdavanje Ugovora za rad<\/span><strong><span style=\"color: #000000;\">.<\/span><\/strong><\/p>\n<p><span style=\"color: #000000;\"><span style=\"color: #333333;\">Ukoliko nemate<strong> AAI@EduHr elektroni\u010dki identitet <\/strong><\/span>\u00a0do\u0111ite osobno u Studentski servis radi u\u010dlanjenja, nakon \u010dega \u0107ete dobiti korisni\u010dke podatke za <\/span>\u00a0<a href=\"https:\/\/websc.stucos.hr\/sc\/85\/login\/\"><span style=\"color: #3366ff;\"><strong>link <\/strong><\/span><\/a><span style=\"color: #000000;\">putem kojega \u0107ete mo\u0107i izdavati Ugovore za rad, pratiti stanje ugovora i isplata.<\/span><\/p>\n<p><span style=\"color: #ff0000;\"><strong>UGOVOR O OBAVLJANJU STUDENTSKOG POSLA POTREBNO JE PODI\u0106I PRIJE PO\u010cETKA POSLA!<\/strong><\/span><\/p>\n<p><span style=\"color: #000000;\"><strong>Svaki Ugovor ima svoj pripadaju\u0107i broj i mo\u017ee se\u00a0 iskoristiti samo jedanput, a za istog poslodavca mo\u017eete izdati samo dva Ugovora, ali za razli\u010dita razdoblja rada.<\/strong> <\/span><span style=\"color: #000000;\">Prije nego \u0161to samostalno izdate Ugovor potrebno je provjeriti s poslodavcem prihva\u0107a li takvu vrstu Ugovora.<\/span><\/p>\n\n\n<p class=\"has-black-color has-text-color has-background\" style=\"background-color:#df8d8d\"><strong>Koliko iznose limiti studentske zarade? Mo\u017eete provjeriti na linku <a href=\"https:\/\/www.stucos.unios.hr\/?p=4945\">STUDENTSKE ZARADE &#8211; LIMITI<\/a><\/strong><\/p>\n","protected":false},"excerpt":{"rendered":"<p>Po\u0161tovani budu\u0107i korisnici, na slijede\u0107oj poveznici u\u010dlanjenje iskoristite mogu\u0107nost online u\u010dlanjenja, bez potrebe dolaska u Studentski servis. Kliknite na\u00a0link i prijavite se preko AAI@EduHr elektroni\u010dkog identiteta, te pratite naputke za izdavanje Ugovora za rad. Ukoliko nemate AAI@EduHr elektroni\u010dki identitet \u00a0do\u0111ite osobno u Studentski servis radi u\u010dlanjenja, nakon \u010dega \u0107ete dobiti korisni\u010dke podatke za \u00a0link putem [&hellip;]<\/p>\n","protected":false},"author":1,"featured_media":0,"parent":0,"menu_order":0,"comment_status":"closed","ping_status":"closed","template":"","meta":[],"_links":{"self":[{"href":"https:\/\/www.stucos.unios.hr\/index.php?rest_route=\/wp\/v2\/pages\/1297"}],"collection":[{"href":"https:\/\/www.stucos.unios.hr\/index.php?rest_route=\/wp\/v2\/pages"}],"about":[{"href":"https:\/\/www.stucos.unios.hr\/index.php?rest_route=\/wp\/v2\/types\/page"}],"author":[{"embeddable":true,"href":"https:\/\/www.stucos.unios.hr\/index.php?rest_route=\/wp\/v2\/users\/1"}],"replies":[{"embeddable":true,"href":"https:\/\/www.stucos.unios.hr\/index.php?rest_route=%2Fwp%2Fv2%2Fcomments&post=1297"}],"version-history":[{"count":75,"href":"https:\/\/www.stucos.unios.hr\/index.php?rest_route=\/wp\/v2\/pages\/1297\/revisions"}],"predecessor-version":[{"id":5391,"href":"https:\/\/www.stucos.unios.hr\/index.php?rest_route=\/wp\/v2\/pages\/1297\/revisions\/5391"}],"wp:attachment":[{"href":"https:\/\/www.stucos.unios.hr\/index.php?rest_route=%2Fwp%2Fv2%2Fmedia&parent=1297"}],"curies":[{"name":"wp","href":"https:\/\/api.w.org\/{rel}","templated":true}]}}