{"id":121,"date":"2015-05-06T13:27:51","date_gmt":"2015-05-06T13:27:51","guid":{"rendered":"http:\/\/beta.stucos.hr\/?page_id=121"},"modified":"2026-03-18T11:46:38","modified_gmt":"2026-03-18T09:46:38","slug":"restoran-campus","status":"publish","type":"page","link":"https:\/\/www.stucos.unios.hr\/?page_id=121","title":{"rendered":"Restoran Campus"},"content":{"rendered":"\n<p><\/p>\n\n\n<p>Osijek, Ulica L. Ru\u017ei\u010dke 3<br \/>tel. 031\/251-346<a href=\"\/wp-content\/uploads\/2015\/05\/IMG_0365.jpg\" data-wplink-edit=\"true\"><img loading=\"lazy\" class=\" wp-image-485 alignright\" src=\"\/wp-content\/uploads\/2015\/05\/IMG_0365-300x200.jpg\" alt=\"IMG_0365\" width=\"320\" height=\"213\" srcset=\"https:\/\/www.stucos.unios.hr\/wp-content\/uploads\/2015\/05\/IMG_0365-300x200.jpg 300w, https:\/\/www.stucos.unios.hr\/wp-content\/uploads\/2015\/05\/IMG_0365-1024x683.jpg 1024w, https:\/\/www.stucos.unios.hr\/wp-content\/uploads\/2015\/05\/IMG_0365-1080x720.jpg 1080w\" sizes=\"(max-width: 320px) 100vw, 320px\" \/><\/a><\/p>\n<p><strong><em><span style=\"color: #0000ff;\">Radno vrijeme:<\/span><\/em><\/strong><\/p>\n<p><span style=\"color: #0000ff;\">&#8211; \ud835\uddfd\ud835\uddfc\ud835\uddfb\ud835\uddf2\ud835\uddf1\ud835\uddf7\ud835\uddf2\ud835\uddf9\ud835\uddf7\ud835\uddee\ud835\uddf8 &#8211; \ud835\uddfd\ud835\uddf2\ud835\ude01\ud835\uddee\ud835\uddf8 \ud835\uddfc\ud835\uddf1 \ud835\udff4 \ud835\uddf1\ud835\uddfc \ud835\udfee\ud835\udfec,30 \ud835\ude00\ud835\uddee\ud835\ude01\ud835\uddf6 (\ud835\uddf4\ud835\uddfc\ud835\ude00\ud835\ude01\ud835\uddf6 \ud835\ude00\ud835\uddf2 \ud835\uddfd\ud835\uddfc\ud835\ude00\ud835\uddf9\ud835\ude02\u017e\ud835\ude02\ud835\uddf7\ud835\ude02 \ud835\uddf1\ud835\uddfc 20,00)<\/span><br \/><span style=\"color: #0000ff;\">&#8211; \ud835\ude00\ud835\ude02\ud835\uddef\ud835\uddfc\ud835\ude01\ud835\uddee \ud835\uddf6 \ud835\uddfb\ud835\uddf2\ud835\uddf1\ud835\uddf7\ud835\uddf2\ud835\uddf9\ud835\uddf7\ud835\uddee \ud835\uddfc\ud835\uddf1 \ud835\udfed\ud835\udfed:\ud835\udfef\ud835\udfec \ud835\uddf1\ud835\uddfc \ud835\udfed\ud835\udff4:\ud835\udfef\ud835\udfec \ud835\ude00\ud835\uddee\ud835\ude01\ud835\uddf6 (\ud835\uddf4\ud835\uddfc\ud835\ude00\ud835\ude01\ud835\uddf6 \ud835\ude00\ud835\uddf2 \ud835\uddfd\ud835\uddfc\ud835\ude00\ud835\uddf9\ud835\ude02\u017e\ud835\ude02\ud835\uddf7\ud835\ude02 \ud835\uddf1\ud835\uddfc 18,00)<\/span><br \/><span style=\"color: #0000ff;\"><br \/>\ud835\uddd6\ud835\uddd4\ud835\udde0\ud835\udde3\ud835\udde8\ud835\udde6 \u0161\ud835\uddee\ud835\uddfb\ud835\uddf8<\/span><br \/><span style=\"color: #0000ff;\">&#8211; \ud835\uddfd\ud835\uddfc\ud835\uddfb\ud835\uddf2\ud835\uddf1\ud835\uddf7\ud835\uddf2\ud835\uddf9\ud835\uddf7\ud835\uddee\ud835\uddf8 &#8211; \ud835\uddfd\ud835\uddf2\ud835\ude01\ud835\uddee\ud835\uddf8 \ud835\uddfc\ud835\uddf1 \ud835\udff4 \ud835\uddf1\ud835\uddfc \ud835\udfee\ud835\udfec \ud835\ude00\ud835\uddee\ud835\ude01\ud835\uddf6<\/span><br \/><span style=\"color: #0000ff;\">&#8211; \ud835\ude00\ud835\ude02\ud835\uddef\ud835\uddfc\ud835\ude01\ud835\uddee \ud835\uddf6 \ud835\uddfb\ud835\uddf2\ud835\uddf1\ud835\uddf7\ud835\uddf2\ud835\uddf9\ud835\uddf7\ud835\uddee \ud835\uddfc\ud835\uddf1 11:\ud835\udfef\ud835\udfec \ud835\uddf1\ud835\uddfc \ud835\udfed\ud835\udff4:\ud835\udfef\ud835\udfec \ud835\ude00\ud835\uddee\ud835\ude01\ud835\uddf6 (\ud835\uddf4\ud835\uddfc\ud835\ude00\ud835\ude01\ud835\uddf6 \ud835\ude00\ud835\uddf2 \ud835\uddfd\ud835\uddfc\ud835\ude00\ud835\uddf9\ud835\ude02\u017e\ud835\ude02\ud835\uddf7\ud835\ude02 \ud835\uddf1\ud835\uddfc 18,00)<\/span><\/p>\n<p>&#8211; svakodnevno se nudi nekoliko vrsta meni obroka<br \/>&#8211; sve sastavnice meni obroka mogu se kupiti pojedina\u010dno i izvan meni obroka<br \/>&#8211; svakodnevno se nude i jela po izboru koje nisu sastavnice meni obroka<br \/>&#8211; osim ru\u010dka i ve\u010dere na liniji restorana mogu se kupiti i brza jela (sendvi\u010d, pizza, kroasan, burek, hrenovke), mlijeko i mlije\u010dni proizvodi, namazi, \u010daj, voda i sokovi<br \/>&#8211; redoviti studenti pla\u0107aju usluge X-icom uz potporu za pokri\u0107e prehrane<br \/>&#8211; svi studenti koji imaju X-icu, a nemaju dodijeljenu potporu pla\u0107aju ekonomsku cijenu studentskog meni obroka<br \/>&#8211; ostali konzumenti pla\u0107aju usluge prema va\u017ee\u0107em cjeniku za vanjske korisnike<br \/>&#8211; podjela hrane se obavlja na samoposlu\u017enoj liniji restorana, te uslugom konobara na \u0161anku restorana<\/p>\n<p><a href=\"\/wp-content\/uploads\/2015\/05\/IMG_9132.jpg\"><img loading=\"lazy\" class=\"alignnone size-large wp-image-329\" src=\"\/wp-content\/uploads\/2015\/05\/IMG_9132-1024x683.jpg\" alt=\"IMG_9132\" width=\"1024\" height=\"683\" srcset=\"https:\/\/www.stucos.unios.hr\/wp-content\/uploads\/2015\/05\/IMG_9132-1024x683.jpg 1024w, https:\/\/www.stucos.unios.hr\/wp-content\/uploads\/2015\/05\/IMG_9132-300x200.jpg 300w, https:\/\/www.stucos.unios.hr\/wp-content\/uploads\/2015\/05\/IMG_9132-1080x720.jpg 1080w, https:\/\/www.stucos.unios.hr\/wp-content\/uploads\/2015\/05\/IMG_9132.jpg 1500w\" sizes=\"(max-width: 1024px) 100vw, 1024px\" \/><\/a><\/p>\n<p><a href=\"http:\/\/www.stucos.unios.hr\/wp-content\/uploads\/2015\/05\/IMG_9139.jpg\"><img loading=\"lazy\" class=\"alignnone wp-image-328 size-large\" src=\"http:\/\/www.stucos.unios.hr\/wp-content\/uploads\/2015\/05\/IMG_9139-1024x683.jpg\" alt=\"\" width=\"1024\" height=\"683\" srcset=\"https:\/\/www.stucos.unios.hr\/wp-content\/uploads\/2015\/05\/IMG_9139-1024x683.jpg 1024w, https:\/\/www.stucos.unios.hr\/wp-content\/uploads\/2015\/05\/IMG_9139-300x200.jpg 300w, https:\/\/www.stucos.unios.hr\/wp-content\/uploads\/2015\/05\/IMG_9139-1080x720.jpg 1080w, https:\/\/www.stucos.unios.hr\/wp-content\/uploads\/2015\/05\/IMG_9139.jpg 1500w\" sizes=\"(max-width: 1024px) 100vw, 1024px\" \/><\/a><\/p>\n<p><a href=\"\/wp-content\/uploads\/2015\/05\/IMG_9152.jpg\"><img loading=\"lazy\" class=\"alignnone size-large wp-image-327\" src=\"\/wp-content\/uploads\/2015\/05\/IMG_9152-1024x683.jpg\" alt=\"IMG_9152\" width=\"1024\" height=\"683\" srcset=\"https:\/\/www.stucos.unios.hr\/wp-content\/uploads\/2015\/05\/IMG_9152-1024x683.jpg 1024w, https:\/\/www.stucos.unios.hr\/wp-content\/uploads\/2015\/05\/IMG_9152-300x200.jpg 300w, https:\/\/www.stucos.unios.hr\/wp-content\/uploads\/2015\/05\/IMG_9152-1080x720.jpg 1080w, https:\/\/www.stucos.unios.hr\/wp-content\/uploads\/2015\/05\/IMG_9152.jpg 1500w\" sizes=\"(max-width: 1024px) 100vw, 1024px\" \/><\/a><\/p>","protected":false},"excerpt":{"rendered":"<p>Osijek, Ulica L. Ru\u017ei\u010dke 3tel. 031\/251-346 Radno vrijeme: &#8211; \ud835\uddfd\ud835\uddfc\ud835\uddfb\ud835\uddf2\ud835\uddf1\ud835\uddf7\ud835\uddf2\ud835\uddf9\ud835\uddf7\ud835\uddee\ud835\uddf8 &#8211; \ud835\uddfd\ud835\uddf2\ud835\ude01\ud835\uddee\ud835\uddf8 \ud835\uddfc\ud835\uddf1 \ud835\udff4 \ud835\uddf1\ud835\uddfc \ud835\udfee\ud835\udfec,30 \ud835\ude00\ud835\uddee\ud835\ude01\ud835\uddf6 (\ud835\uddf4\ud835\uddfc\ud835\ude00\ud835\ude01\ud835\uddf6 \ud835\ude00\ud835\uddf2 \ud835\uddfd\ud835\uddfc\ud835\ude00\ud835\uddf9\ud835\ude02\u017e\ud835\ude02\ud835\uddf7\ud835\ude02 \ud835\uddf1\ud835\uddfc 20,00)&#8211; \ud835\ude00\ud835\ude02\ud835\uddef\ud835\uddfc\ud835\ude01\ud835\uddee \ud835\uddf6 \ud835\uddfb\ud835\uddf2\ud835\uddf1\ud835\uddf7\ud835\uddf2\ud835\uddf9\ud835\uddf7\ud835\uddee \ud835\uddfc\ud835\uddf1 \ud835\udfed\ud835\udfed:\ud835\udfef\ud835\udfec \ud835\uddf1\ud835\uddfc \ud835\udfed\ud835\udff4:\ud835\udfef\ud835\udfec \ud835\ude00\ud835\uddee\ud835\ude01\ud835\uddf6 (\ud835\uddf4\ud835\uddfc\ud835\ude00\ud835\ude01\ud835\uddf6 \ud835\ude00\ud835\uddf2 \ud835\uddfd\ud835\uddfc\ud835\ude00\ud835\uddf9\ud835\ude02\u017e\ud835\ude02\ud835\uddf7\ud835\ude02 \ud835\uddf1\ud835\uddfc 18,00)\ud835\uddd6\ud835\uddd4\ud835\udde0\ud835\udde3\ud835\udde8\ud835\udde6 \u0161\ud835\uddee\ud835\uddfb\ud835\uddf8&#8211; \ud835\uddfd\ud835\uddfc\ud835\uddfb\ud835\uddf2\ud835\uddf1\ud835\uddf7\ud835\uddf2\ud835\uddf9\ud835\uddf7\ud835\uddee\ud835\uddf8 &#8211; \ud835\uddfd\ud835\uddf2\ud835\ude01\ud835\uddee\ud835\uddf8 \ud835\uddfc\ud835\uddf1 \ud835\udff4 \ud835\uddf1\ud835\uddfc \ud835\udfee\ud835\udfec \ud835\ude00\ud835\uddee\ud835\ude01\ud835\uddf6&#8211; \ud835\ude00\ud835\ude02\ud835\uddef\ud835\uddfc\ud835\ude01\ud835\uddee \ud835\uddf6 \ud835\uddfb\ud835\uddf2\ud835\uddf1\ud835\uddf7\ud835\uddf2\ud835\uddf9\ud835\uddf7\ud835\uddee \ud835\uddfc\ud835\uddf1 11:\ud835\udfef\ud835\udfec \ud835\uddf1\ud835\uddfc \ud835\udfed\ud835\udff4:\ud835\udfef\ud835\udfec \ud835\ude00\ud835\uddee\ud835\ude01\ud835\uddf6 (\ud835\uddf4\ud835\uddfc\ud835\ude00\ud835\ude01\ud835\uddf6 \ud835\ude00\ud835\uddf2 \ud835\uddfd\ud835\uddfc\ud835\ude00\ud835\uddf9\ud835\ude02\u017e\ud835\ude02\ud835\uddf7\ud835\ude02 [&hellip;]<\/p>\n","protected":false},"author":1,"featured_media":0,"parent":0,"menu_order":0,"comment_status":"closed","ping_status":"closed","template":"","meta":[],"_links":{"self":[{"href":"https:\/\/www.stucos.unios.hr\/index.php?rest_route=\/wp\/v2\/pages\/121"}],"collection":[{"href":"https:\/\/www.stucos.unios.hr\/index.php?rest_route=\/wp\/v2\/pages"}],"about":[{"href":"https:\/\/www.stucos.unios.hr\/index.php?rest_route=\/wp\/v2\/types\/page"}],"author":[{"embeddable":true,"href":"https:\/\/www.stucos.unios.hr\/index.php?rest_route=\/wp\/v2\/users\/1"}],"replies":[{"embeddable":true,"href":"https:\/\/www.stucos.unios.hr\/index.php?rest_route=%2Fwp%2Fv2%2Fcomments&post=121"}],"version-history":[{"count":19,"href":"https:\/\/www.stucos.unios.hr\/index.php?rest_route=\/wp\/v2\/pages\/121\/revisions"}],"predecessor-version":[{"id":5615,"href":"https:\/\/www.stucos.unios.hr\/index.php?rest_route=\/wp\/v2\/pages\/121\/revisions\/5615"}],"wp:attachment":[{"href":"https:\/\/www.stucos.unios.hr\/index.php?rest_route=%2Fwp%2Fv2%2Fmedia&parent=121"}],"curies":[{"name":"wp","href":"https:\/\/api.w.org\/{rel}","templated":true}]}}