{"id":93,"date":"2015-04-20T13:44:45","date_gmt":"2015-04-20T13:44:45","guid":{"rendered":"http:\/\/beta.stucos.hr\/?page_id=93"},"modified":"2025-02-06T14:10:03","modified_gmt":"2025-02-06T12:10:03","slug":"kontakt","status":"publish","type":"page","link":"http:\/\/www.stucos.unios.hr\/?page_id=93","title":{"rendered":"Kontakt"},"content":{"rendered":"<p class=\"western\"><u><\/u>Sveu\u010dili\u0161te Josipa Jurja Strossmayera u Osijeku, Studentski centar u Osijeku, Istarska 1B, 31000 Osijek<br \/>\n<strong>OIB:<\/strong> 90017453174<\/p>\n<p><strong>Ured ravnatelja,<\/strong> Istarska 1B, Osijek:<\/p>\n<p>Ivica Brekalo, univ. mag. oec., ravnatelj<\/p>\n<p>Telefon: 031\/220-600<\/p>\n<p><a href=\"mailto:ured@stucos.hr\">ured@stucos.hr<\/a><\/p>\n<p><strong>Pomo\u0107nik ravnatelja<\/strong>, Istarska 1B, Osijek:<\/p>\n<p>Tihomir Milinovi\u0107, mag.iur., pomo\u0107nik ravnatelja<\/p>\n<p>Telefon: 031-220-600<\/p>\n<p><a href=\"mailto:mtihomir@stucos.hr\">mtihomir@stucos.hr<\/a><\/p>\n<p><strong>Tajni\u0161tvo,<\/strong> Istarska 1B, Osijek:<\/p>\n<p>Ivana Herceg Mi\u0161kovi\u0107, univ. mag. iur., tajnica ustanove<\/p>\n<p>Telefon: 031\/220-600<\/p>\n<p><a href=\"mailto:dvlasta@stucos.hr\">iherceg@stucos.hr<\/a><\/p>\n<p><strong>Slu\u017ebenik za za\u0161titu osobnih podataka,<\/strong> Istarska 1B, Osijek:<\/p>\n<p>Telefon: 031\/220-606<\/p>\n<p><a href=\"mailto:gdpr@stucos.hr\" target=\"_blank\" rel=\"noopener noreferrer\">gdpr@stucos.hr<\/a><\/p>\n<p><strong>Prehrana studenata,<\/strong> Istarska 1B,\u00a0 Osijek:<\/p>\n<p>Marijana Krolo, rukovoditeljica Prehrane studenata<\/p>\n<p>Telefon: 031\/220-600<\/p>\n<p><a href=\"mailto:mkrolo@stucos.hr\" target=\"_blank\" rel=\"noopener noreferrer\">mkrolo@stucos.hr<\/a><\/p>\n<p><strong>Studentski servis,<\/strong> Istarska 1B Osijek:<\/p>\n<p>Sara \u010casar, mag. oec., rukovoditelj Studentskog servisa<\/p>\n<p>Telefon: 031\/220-600<\/p>\n<p><a href=\"mailto:servis@stucos.hr\">servis@stucos.hr<\/a><\/p>\n<p class=\"western\"><strong>Financijsko-ra\u010dunovodstvena slu\u017eba,<\/strong> Istarska 1B, Osijek<\/p>\n<p>Mr. Sc. Gordana Cerove\u010dki-Mariji\u0107, dipl. oec., rukovoditelj slu\u017ebe za financijsko-ra\u010dunovodstvene poslove<\/p>\n<p><a href=\"mailto:gcerovecki@stucos.hr\">gcerovecki@stucos.hr<\/a><\/p>\n<p>Telefon: 031\/220-620<\/p>\n<p class=\"western\"><strong>Smje\u0161taj studenata<\/strong>, K. P. Sva\u010di\u0107a 1 c, Osijek:<\/p>\n<p>Telefon: 031\/220-600<\/p>\n<p><a style=\"font-size: inherit;\" href=\"mailto:smjestaj@stucos.hr\" target=\"_blank\" rel=\"noopener noreferrer\">smjestaj@stucos.hr<\/a><\/p>\n<p><strong>Slu\u017eba za tehni\u010dke poslove<\/strong><\/p>\n<p>Voditelj: Miljenko \u0160usti\u0107<\/p>\n<p>Telefon: 031\/220-600<\/p>\n<p><a href=\"mailto:msustic@stucos.hr\" target=\"_blank\" rel=\"noopener noreferrer\">msustic@stucos.hr<\/a><\/p>\n<p><strong>Slu\u017ebenik za informiranje<\/strong><\/p>\n<p>Lidija Vor\u0161e, mag. iur.<\/p>\n<p>Telefon: 031\/220-606<\/p>\n<p><a href=\"mailto:lvorse@stucos.hr\" target=\"_blank\" rel=\"noopener noreferrer\">lvorse@stucos.hr<\/a><\/p>\n","protected":false},"excerpt":{"rendered":"<p>Sveu\u010dili\u0161te Josipa Jurja Strossmayera u Osijeku, Studentski centar u Osijeku, Istarska 1B, 31000 Osijek OIB: 90017453174 Ured ravnatelja, Istarska 1B, Osijek: Ivica Brekalo, univ. mag. oec., ravnatelj Telefon: 031\/220-600 ured@stucos.hr Pomo\u0107nik ravnatelja, Istarska 1B, Osijek: Tihomir Milinovi\u0107, mag.iur., pomo\u0107nik ravnatelja Telefon: 031-220-600 mtihomir@stucos.hr Tajni\u0161tvo, Istarska 1B, Osijek: Ivana Herceg Mi\u0161kovi\u0107, univ. mag. iur., tajnica ustanove [&hellip;]<\/p>\n","protected":false},"author":1,"featured_media":0,"parent":0,"menu_order":0,"comment_status":"closed","ping_status":"closed","template":"","meta":[],"_links":{"self":[{"href":"http:\/\/www.stucos.unios.hr\/index.php?rest_route=\/wp\/v2\/pages\/93"}],"collection":[{"href":"http:\/\/www.stucos.unios.hr\/index.php?rest_route=\/wp\/v2\/pages"}],"about":[{"href":"http:\/\/www.stucos.unios.hr\/index.php?rest_route=\/wp\/v2\/types\/page"}],"author":[{"embeddable":true,"href":"http:\/\/www.stucos.unios.hr\/index.php?rest_route=\/wp\/v2\/users\/1"}],"replies":[{"embeddable":true,"href":"http:\/\/www.stucos.unios.hr\/index.php?rest_route=%2Fwp%2Fv2%2Fcomments&post=93"}],"version-history":[{"count":39,"href":"http:\/\/www.stucos.unios.hr\/index.php?rest_route=\/wp\/v2\/pages\/93\/revisions"}],"predecessor-version":[{"id":5051,"href":"http:\/\/www.stucos.unios.hr\/index.php?rest_route=\/wp\/v2\/pages\/93\/revisions\/5051"}],"wp:attachment":[{"href":"http:\/\/www.stucos.unios.hr\/index.php?rest_route=%2Fwp%2Fv2%2Fmedia&parent=93"}],"curies":[{"name":"wp","href":"https:\/\/api.w.org\/{rel}","templated":true}]}}