{"id":84,"date":"2015-04-20T13:40:41","date_gmt":"2015-04-20T13:40:41","guid":{"rendered":"http:\/\/beta.stucos.hr\/?page_id=84"},"modified":"2025-05-08T09:03:00","modified_gmt":"2025-05-08T07:03:00","slug":"smjestaj-studenata","status":"publish","type":"page","link":"http:\/\/www.stucos.unios.hr\/?page_id=84","title":{"rendered":"Smje\u0161taj studenata"},"content":{"rendered":"<p><b>Upiti za smje\u0161taj (vanjski korisnici):<\/b>\u00a0<a href=\"mailto:smjestaj@stucos.hr\" target=\"_blank\" rel=\"noopener noreferrer\">smjestaj@stucos.hr<\/a><\/p>\n<p><a href=\"http:\/\/www.stucos.unios.hr\/wp-content\/uploads\/2025\/05\/Pravilnik-o-domskom-redu-2023.-2024-1.pdf\">Pravilnik o domskom redu 2023.-2024<\/a><\/p>\n<p><b>Upiti za smje\u0161taj (studenti, Erasmus):<\/b> <a href=\"mailto:student-smjestaj@stucos.hr\">student-smjestaj@stucos.hr<\/a><\/p>\n<p><a href=\"http:\/\/www.stucos.unios.hr\/wp-content\/uploads\/2025\/05\/CJENIK-SMJESTAJA-REDOVITIH-STUDENATA-ZA-AK.GOD_.2024.-2025.-\u2013-kopija.pdf\">Cjenik smje\u0161taja redovitih studenata za akademsku godinu 2024.-2025. <\/a><\/p>\n<p>Adresa Uprave domova: Studentski dom Vladimir Prelog &#8211; Julija Knifera 3 (biv\u0161a ulica Kralja Petra Sva\u010di\u0107a 1c), 31000, Osijek, I. kat<\/p>\n<p>Radno vrijeme Uprave: pon-pet, 7-15 sati<\/p>\n<p>Radno vrijeme sa strankama: 8-15 sati<\/p>\n<p>Telefon: 031\/ 251-123<\/p>\n<p><a href=\"http:\/\/www.stucos.unios.hr\/wp-content\/uploads\/2018\/07\/igk.jpg\"><img loading=\"lazy\" class=\"wp-image-1895\" src=\"http:\/\/www.stucos.unios.hr\/wp-content\/uploads\/2018\/07\/igk-1024x576.jpg\" alt=\"\" width=\"307\" height=\"173\" srcset=\"http:\/\/www.stucos.unios.hr\/wp-content\/uploads\/2018\/07\/igk-1024x576.jpg 1024w, http:\/\/www.stucos.unios.hr\/wp-content\/uploads\/2018\/07\/igk-300x169.jpg 300w, http:\/\/www.stucos.unios.hr\/wp-content\/uploads\/2018\/07\/igk-768x432.jpg 768w, http:\/\/www.stucos.unios.hr\/wp-content\/uploads\/2018\/07\/igk-1080x608.jpg 1080w, http:\/\/www.stucos.unios.hr\/wp-content\/uploads\/2018\/07\/igk.jpg 1280w\" sizes=\"(max-width: 307px) 100vw, 307px\" \/><\/a><br \/>\n<strong>STUDENTSKI DOM dr. ANDRIJA \u0160TAMPAR<\/strong><br \/>\nAdresa: I. G. Kova\u010di\u0107a 4<br \/>\nRecepcija: 031\/574-269<\/p>\n<p><a href=\"\/wp-content\/uploads\/2015\/04\/IMG_9107.jpg\"><img loading=\"lazy\" class=\"size-medium wp-image-343\" src=\"\/wp-content\/uploads\/2015\/04\/IMG_9107-300x191.jpg\" alt=\"IMG_9107\" width=\"300\" height=\"191\" srcset=\"http:\/\/www.stucos.unios.hr\/wp-content\/uploads\/2015\/04\/IMG_9107-300x191.jpg 300w, http:\/\/www.stucos.unios.hr\/wp-content\/uploads\/2015\/04\/IMG_9107.jpg 1024w\" sizes=\"(max-width: 300px) 100vw, 300px\" \/><\/a><\/p>\n<p><strong>STUDENTSKI DOM VLADIMIR PRELOG\u00a0<\/strong><br \/>\nAdresa: Julija Knifera 3<br \/>\nRecepcija: 091\/220-6037<\/p>\n<p><a href=\"http:\/\/www.stucos.unios.hr\/wp-content\/uploads\/2025\/04\/PAVILJON-scaled.jpg\"><img loading=\"lazy\" class=\"alignnone size-medium wp-image-5122\" src=\"http:\/\/www.stucos.unios.hr\/wp-content\/uploads\/2025\/04\/PAVILJON-300x225.jpg\" alt=\"\" width=\"300\" height=\"225\" srcset=\"http:\/\/www.stucos.unios.hr\/wp-content\/uploads\/2025\/04\/PAVILJON-300x225.jpg 300w, http:\/\/www.stucos.unios.hr\/wp-content\/uploads\/2025\/04\/PAVILJON-1024x767.jpg 1024w, http:\/\/www.stucos.unios.hr\/wp-content\/uploads\/2025\/04\/PAVILJON-768x576.jpg 768w, http:\/\/www.stucos.unios.hr\/wp-content\/uploads\/2025\/04\/PAVILJON-1536x1151.jpg 1536w, http:\/\/www.stucos.unios.hr\/wp-content\/uploads\/2025\/04\/PAVILJON-2048x1535.jpg 2048w, http:\/\/www.stucos.unios.hr\/wp-content\/uploads\/2025\/04\/PAVILJON-1080x809.jpg 1080w\" sizes=\"(max-width: 300px) 100vw, 300px\" \/><\/a><\/p>\n<p><strong>STUDENTSKI DOM LAVOSLAV RU\u017dI\u010cKA<\/strong><\/p>\n<p>Adresa: Julija Knifera 3<\/p>\n<p>Recepcija: 091\/220-6038<\/p>\n<h2><strong><a href=\"http:\/\/www.stucos.unios.hr\/?page_id=671\"><span style=\"color: #0000ff;\">Foto Galerija<\/span><\/a><\/strong><\/h2>\n<p><iframe src=\"https:\/\/www.google.com\/maps\/d\/embed?mid=z0HTQ0s10ais.k5niHN-SIlo4\" width=\"100%\" height=\"480\"><\/iframe><\/p>\n","protected":false},"excerpt":{"rendered":"<p>Upiti za smje\u0161taj (vanjski korisnici):\u00a0smjestaj@stucos.hr Pravilnik o domskom redu 2023.-2024 Upiti za smje\u0161taj (studenti, Erasmus): student-smjestaj@stucos.hr Cjenik smje\u0161taja redovitih studenata za akademsku godinu 2024.-2025. Adresa Uprave domova: Studentski dom Vladimir Prelog &#8211; Julija Knifera 3 (biv\u0161a ulica Kralja Petra Sva\u010di\u0107a 1c), 31000, Osijek, I. kat Radno vrijeme Uprave: pon-pet, 7-15 sati Radno vrijeme sa strankama: [&hellip;]<\/p>\n","protected":false},"author":1,"featured_media":0,"parent":0,"menu_order":0,"comment_status":"closed","ping_status":"closed","template":"","meta":[],"_links":{"self":[{"href":"http:\/\/www.stucos.unios.hr\/index.php?rest_route=\/wp\/v2\/pages\/84"}],"collection":[{"href":"http:\/\/www.stucos.unios.hr\/index.php?rest_route=\/wp\/v2\/pages"}],"about":[{"href":"http:\/\/www.stucos.unios.hr\/index.php?rest_route=\/wp\/v2\/types\/page"}],"author":[{"embeddable":true,"href":"http:\/\/www.stucos.unios.hr\/index.php?rest_route=\/wp\/v2\/users\/1"}],"replies":[{"embeddable":true,"href":"http:\/\/www.stucos.unios.hr\/index.php?rest_route=%2Fwp%2Fv2%2Fcomments&post=84"}],"version-history":[{"count":46,"href":"http:\/\/www.stucos.unios.hr\/index.php?rest_route=\/wp\/v2\/pages\/84\/revisions"}],"predecessor-version":[{"id":5218,"href":"http:\/\/www.stucos.unios.hr\/index.php?rest_route=\/wp\/v2\/pages\/84\/revisions\/5218"}],"wp:attachment":[{"href":"http:\/\/www.stucos.unios.hr\/index.php?rest_route=%2Fwp%2Fv2%2Fmedia&parent=84"}],"curies":[{"name":"wp","href":"https:\/\/api.w.org\/{rel}","templated":true}]}}