{"id":81,"date":"2015-04-20T13:39:23","date_gmt":"2015-04-20T13:39:23","guid":{"rendered":"http:\/\/beta.stucos.hr\/?page_id=81"},"modified":"2020-08-24T13:58:43","modified_gmt":"2020-08-24T11:58:43","slug":"prehrana-studenata","status":"publish","type":"page","link":"http:\/\/www.stucos.unios.hr\/?page_id=81","title":{"rendered":"Prehrana studenata"},"content":{"rendered":"<p>&nbsp;<\/p>\n<p style=\"text-align: center;\"><em><strong>Djelatnost poslovne jedinice Prehrana studenata<\/strong><\/em><\/p>\n<p>Studentski centar u Osijeku kroz poslovnu jednicu Prehrana studenata kao svoju osnovnu djelatnost nudi uslugu <strong>prehrane studenata uz kori\u0161tenje potpore<\/strong>, temeljem sklopljenog ugovora s nadle\u017enim ministarstvom. Prehrana uz potporu organizirana je u\u00a0 na\u0161im restoranima i objektima na pojedinim fakultetima i studentskim domovima.<\/p>\n<p>Osim osnovne djelatnosti nudimo ugostiteljske usluge i svim korisnicima koji nisu u sustavu studentske prehrane, organiziranje ru\u010dkova, proslava, sve\u010danih domjenaka u na\u0161im prostorima ili catering usluge prema \u017eeljama.<\/p>\n<p><a href=\"http:\/\/www.stucos.unios.hr\/wp-content\/uploads\/2015\/04\/Politika-HACCP-a.pdf\">politika-haccp-a<\/a><\/p>\n<p><em><strong>Prehrana studenata uz kori\u0161tenje potpore<\/strong><\/em><\/p>\n<p>Sukladno sklopljenom Ugovoru\u00a0 s Ministarstvom obrazovanja i sporta, Studentski centar kao davatelj usluge subvencionirane prehrane pridr\u017eava se odobrene ponude jela u pogledu sastava, normativa i cijena koji se nalaze u Prilogu ugovora koji sadr\u017ei kompletnu ponudu s normativima i cijenama.<\/p>\n<p><em><strong>Potpora (subvencija)<\/strong><\/em><\/p>\n<p>Pravo na potporu za pokri\u0107e tro\u0161kova prehrane <a href=\"http:\/\/public.mzos.hr\/Default.aspx\" target=\"_self\" rel=\"noopener noreferrer\">Ministarstva znanosti, obrazovanja i sporta<\/a> ostvaruju svi redoviti studenti upisom na visoko u\u010dili\u0161te u Republici Hrvatskoj. Potpora za pokri\u0107e tro\u0161kova prehrane studenata namijenjena je za pokri\u0107e dijela tro\u0161kova osobne, dnevne prehrane korisnika (studenta). Studentski centar u Osijeku daje uslugu prehrane korisnicima s valjanom studentskom iskaznicom koja je neprenosiva. Davatelj usluge \u010dini povredu pravilnika ako dopusti kori\u0161tenje studentske iskaznice osobi kojoj ista nije izdana. Pravo studenta na potporu za pokri\u0107e tro\u0161kova prehrane po\u010dinju te\u0107i upisom akademske godine ili semestra studija, a traju od 1. listopada teku\u0107e do 15. listopada sljede\u0107e godine, osim u razdoblju od 16. srpnja do 31. kolovoza.<\/p>\n<p><em><strong>Razina prava<\/strong><\/em><\/p>\n<p>Studenti imaju pravo na potporu za pokri\u0107e dijela tro\u0161kova prehrane u razli\u010ditim iznosima ovisno o razini prava, koja osigurava potporu za odgovaraju\u0107i broj meni obroka dnevno.<br \/>\nRazine prava bilje\u017ee se brojevima 1, 2 i 2,5 te ozna\u010davaju pravo na potporu u vrijednosti jednog, dva, odnosno dva i pol meni obroka dnevno. Razina prava 1 pripada svim korisnicima potpore koji imaju prebivali\u0161te na podru\u010dju Osje\u010dko-baranjske \u017eupanije. Razina prava 2 pripada studentima koji borave u mjestu studiranja, a imaju prebivali\u0161te na podru\u010dju druge \u017eupanije (temeljem osobne iskaznice i prijave boravi\u0161ta). Razina prava 2,5 pripada studentima koji su ostvarili pravo na smje\u0161taju studentske domove, studentima izrazito slabog imovinskog stanja (na temelju posebne odluke MZOS), kao i studentima vrhunskim sporta\u0161ima (temeljem rje\u0161enja o kategorizaciji sporta\u0161a).<\/p>\n<p><em><strong>Visina potpore<\/strong><\/em><\/p>\n<p>Potpora Ministarstva za pokri\u0107e dijela tro\u0161kova prehrane studenata za meni obrok i sva pojedina\u010dna jela koja su sastavnice meni obroka iznosi 71,24%, obra\u010dunske cijene, a razliku do pune cijene snosi student pri kori\u0161tenju usluge. Za ostala jela i druge prehrambene proizvode koji nisu sastavnice meni obroka (jednostavna i brza jela, dodaci jelima, umaci, sendvi\u010di, namazi, mlije\u010dni proizvodi, sokovi, slastice i sl.) potpora iznosi 50% cijene jela i artikala.<\/p>\n<p>Odlukom Ministarstva obra\u010dunska cijena za meni obrok trenutno je 22,60 kuna.<\/p>\n<p><em><strong>Vrijednost iznosa potpore<\/strong><\/em><\/p>\n<p>Vrijednost iznosa potpore na studentskog iskaznici odre\u0111uje se prema razini prava i\u00a0 iznosu dnevne potpore. Dnevna potpora je iznos koji se ra\u010duna tako da se broj dodijeljene razine prava pomno\u017ei s dijelom obra\u010dunske cijene meni obroka koje subvencionira ministarstvo (npr. ako student ima razinu prava 2, ona se mno\u017ei s 16,10 kuna, \u0161to je iznos potpore &#8211; 71,24% obra\u010dunske cijene meni obroka). Studenti koji imaju razinu prava 1 nemaju pravo na dnevnu potporu u vrijeme dr\u017eavnih blagdana, subotom i nedjeljom, dok studenti s razinom prava 2 i 2,5 imaju pravo na dnevnu potporu sve dane u tjednu uklju\u010duju\u0107i i blagdane. Korisniku se iznosi dnevne potpore dodjeljuju za dva razdoblja u mjesecu: Od prvoga do \u010detrnaestoga dana u mjesecu, te od petnaestog dana do kraja mjeseca. Neiskori\u0161teni dio iznosa dnevne potpore mo\u017ee se prenositi isklju\u010divo na preostale dane prvoga odnosno drugog razdoblja u mjesecu.<\/p>\n<p><em><strong>Meni obrok<\/strong><\/em><\/p>\n<p>Meni obrok je slo\u017eeni obrok, a sastoji se od pojedina\u010dnih jela &#8211; sastavnica meni obroka iz slijede\u0107ih grupa prehrambenih proizvoda: juhe, glavna jela, prilozi\/variva, salate, pudinzi\/kompoti\/vo\u0107e\/kola\u010di\/mlije\u010dni proizvodi\/napitci i kruh\/pecivo, a ovisno o slo\u017eenosti menija od minimalno 4 sastavnice. Restorani nude svakodnevno nekoliko vrsta meni obroka. Svako pojedina\u010dno jelo iz meni obroka mo\u017ee se kupiti i pojedina\u010dno kao i ostala jela i artikle koji nisu sastavnice meni obroka uz istu cijenu i visinu potpore prema Pravilniku Ministarstva.<\/p>\n<p><a href=\"https:\/\/mzo.hr\/hr\/studentska-prehrana?cat=144\">Studentska prehrana-Pravilnici<\/a><\/p>\n<p>&nbsp;<\/p>\n<p style=\"text-align: center;\"><strong><em>\u017delimo vam ugodan boravak i dobar tek u na\u0161im prostorima!<\/em><\/strong><\/p>\n<p>&nbsp;<\/p>\n<p>&nbsp;<\/p>\n<p>&nbsp;<\/p>\n<p>&nbsp;<\/p>\n","protected":false},"excerpt":{"rendered":"<p>&nbsp; Djelatnost poslovne jedinice Prehrana studenata Studentski centar u Osijeku kroz poslovnu jednicu Prehrana studenata kao svoju osnovnu djelatnost nudi uslugu prehrane studenata uz kori\u0161tenje potpore, temeljem sklopljenog ugovora s nadle\u017enim ministarstvom. Prehrana uz potporu organizirana je u\u00a0 na\u0161im restoranima i objektima na pojedinim fakultetima i studentskim domovima. Osim osnovne djelatnosti nudimo ugostiteljske usluge i [&hellip;]<\/p>\n","protected":false},"author":1,"featured_media":0,"parent":0,"menu_order":0,"comment_status":"closed","ping_status":"closed","template":"","meta":[],"_links":{"self":[{"href":"http:\/\/www.stucos.unios.hr\/index.php?rest_route=\/wp\/v2\/pages\/81"}],"collection":[{"href":"http:\/\/www.stucos.unios.hr\/index.php?rest_route=\/wp\/v2\/pages"}],"about":[{"href":"http:\/\/www.stucos.unios.hr\/index.php?rest_route=\/wp\/v2\/types\/page"}],"author":[{"embeddable":true,"href":"http:\/\/www.stucos.unios.hr\/index.php?rest_route=\/wp\/v2\/users\/1"}],"replies":[{"embeddable":true,"href":"http:\/\/www.stucos.unios.hr\/index.php?rest_route=%2Fwp%2Fv2%2Fcomments&post=81"}],"version-history":[{"count":7,"href":"http:\/\/www.stucos.unios.hr\/index.php?rest_route=\/wp\/v2\/pages\/81\/revisions"}],"predecessor-version":[{"id":3002,"href":"http:\/\/www.stucos.unios.hr\/index.php?rest_route=\/wp\/v2\/pages\/81\/revisions\/3002"}],"wp:attachment":[{"href":"http:\/\/www.stucos.unios.hr\/index.php?rest_route=%2Fwp%2Fv2%2Fmedia&parent=81"}],"curies":[{"name":"wp","href":"https:\/\/api.w.org\/{rel}","templated":true}]}}