{"id":622,"date":"2015-10-14T07:54:36","date_gmt":"2015-10-14T07:54:36","guid":{"rendered":"http:\/\/beta.stucos.hr\/?page_id=622"},"modified":"2025-11-17T11:31:35","modified_gmt":"2025-11-17T09:31:35","slug":"studentski-servis","status":"publish","type":"page","link":"http:\/\/www.stucos.unios.hr\/?page_id=622","title":{"rendered":"Studentski servis"},"content":{"rendered":"\n<p><a href=\"https:\/\/www.stucos.unios.hr\/?page_id=192\">Studenti &#8211; u\u010dlanjenje<\/a><\/p>\n\n\n\n<p><a href=\"https:\/\/www.stucos.unios.hr\/?page_id=195\">Poslodavci<\/a><\/p>\n\n\n\n<p><a href=\"https:\/\/www.stucos.unios.hr\/?page_id=198\">Op\u0107i uvjeti<\/a><\/p>\n\n\n\n<p><a href=\"https:\/\/www.stucos.unios.hr\/?page_id=2013\">Novi Zakon<\/a><\/p>\n\n\n\n<p><a href=\"https:\/\/www.stucos.unios.hr\/?page_id=137\">Informativni cjenik<\/a><\/p>\n\n\n\n<p><a href=\"https:\/\/www.stucos.unios.hr\/?page_id=1297\">Izdavanje ugovora, pregled isplata i zarada \u010dlanova Studentskog servisa<\/a><\/p>\n\n\n\n<p><a href=\"https:\/\/www.stucos.unios.hr\/?page_id=3912\">KRITERIJ DODJELE PRAVA NA STUDENTSKI RAD<\/a><\/p>\n\n\n\n<p><a href=\"https:\/\/www.stucos.unios.hr\/?page_id=2275\">Izvje\u0161\u0107a<\/a><\/p>\n\n\n\n<p><a href=\"https:\/\/www.stucos.unios.hr\/?page_id=4088\">POSTUPAK U SLU\u010cAJU OZLJEDE \u010cLANA STUDENTSKOG SERVISA KOJI RADI POSREDOVANJEM STUDENTSKOG CENTRA U OSIJEKU<\/a><\/p>\n\n\n\n<p><a href=\"https:\/\/www.stucos.unios.hr\/?page_id=186\">Kontakti<\/a><\/p>\n","protected":false},"excerpt":{"rendered":"<p>Studenti &#8211; u\u010dlanjenje Poslodavci Op\u0107i uvjeti Novi Zakon Informativni cjenik Izdavanje ugovora, pregled isplata i zarada \u010dlanova Studentskog servisa KRITERIJ DODJELE PRAVA NA STUDENTSKI RAD Izvje\u0161\u0107a POSTUPAK U SLU\u010cAJU OZLJEDE \u010cLANA STUDENTSKOG SERVISA KOJI RADI POSREDOVANJEM STUDENTSKOG CENTRA U OSIJEKU Kontakti<\/p>\n","protected":false},"author":7,"featured_media":0,"parent":0,"menu_order":0,"comment_status":"closed","ping_status":"closed","template":"","meta":[],"_links":{"self":[{"href":"http:\/\/www.stucos.unios.hr\/index.php?rest_route=\/wp\/v2\/pages\/622"}],"collection":[{"href":"http:\/\/www.stucos.unios.hr\/index.php?rest_route=\/wp\/v2\/pages"}],"about":[{"href":"http:\/\/www.stucos.unios.hr\/index.php?rest_route=\/wp\/v2\/types\/page"}],"author":[{"embeddable":true,"href":"http:\/\/www.stucos.unios.hr\/index.php?rest_route=\/wp\/v2\/users\/7"}],"replies":[{"embeddable":true,"href":"http:\/\/www.stucos.unios.hr\/index.php?rest_route=%2Fwp%2Fv2%2Fcomments&post=622"}],"version-history":[{"count":25,"href":"http:\/\/www.stucos.unios.hr\/index.php?rest_route=\/wp\/v2\/pages\/622\/revisions"}],"predecessor-version":[{"id":5438,"href":"http:\/\/www.stucos.unios.hr\/index.php?rest_route=\/wp\/v2\/pages\/622\/revisions\/5438"}],"wp:attachment":[{"href":"http:\/\/www.stucos.unios.hr\/index.php?rest_route=%2Fwp%2Fv2%2Fmedia&parent=622"}],"curies":[{"name":"wp","href":"https:\/\/api.w.org\/{rel}","templated":true}]}}