{"id":4088,"date":"2023-03-10T13:32:36","date_gmt":"2023-03-10T11:32:36","guid":{"rendered":"http:\/\/www.stucos.unios.hr\/?page_id=4088"},"modified":"2023-03-10T13:36:17","modified_gmt":"2023-03-10T11:36:17","slug":"postupak-u-slucaju-ozljede-clana-studentskog-servisa-koji-radi-posredovanjem-studentskog-centra-u-osijeku","status":"publish","type":"page","link":"http:\/\/www.stucos.unios.hr\/?page_id=4088","title":{"rendered":"POSTUPAK U SLU\u010cAJU OZLJEDE \u010cLANA STUDENTSKOG SERVISA KOJI RADI POSREDOVANJEM STUDENTSKOG CENTRA U OSIJEKU"},"content":{"rendered":"<p>Podnositelj prijave o ozljedi na radu je Studentski servis kao organizator aktivnosti,<br \/>\nno u smislu citiranih odredbi ne postoji pravna zapreka da prijavu o ozljedi na radu<br \/>\npodnese i sam poslodavac, obzirom na \u010dinjenicu da poslodavac ima neposredno<br \/>\nsaznanje o okolnostima doga\u0111aja.<br \/>\nDodatne informacije o postupanju poslodavac mo\u017ee dobiti pozivom u Studentski servis na broj 031 220 611.<\/p>\n<p>Ako prijavu (tiskanica OR) popunjava poslodavac, dio tiskanice koji se odnosi na<br \/>\nbroj obveznika uplate (to\u010dka 5.\u201ctiskanice\u201c) popunjava se podacima o posredniku<br \/>\n(060\/0000360).<\/p>\n<p>Student\/ica u slu\u010daju ozljede pri dolasku na rad, na radu i pri povratku s<br \/>\nrada treba:<br \/>\n1. Odmah se javiti lije\u010dniku kako bi \u0161to prije zapo\u010deo\/la s lije\u010denjem.<br \/>\n2. Istog ili slijede\u0107eg dana (ako ne mo\u017ee student\/ica, netko od \u010dlanova obitelji)<br \/>\ntreba zatra\u017eiti od poslodavca:<br \/>\n&#8211; pisanu izjavu o nastanku ozljede na radu, koja treba sadr\u017eavati minimalno<br \/>\npodatke o poslodavcu, podatke o studentu (obvezno broj \u201eX-ice\u201c\/iskaznice i broj<br \/>\nugovora),datum ozljede i kratki opis \u0161to se dogodilo te pe\u010dat i potpis poslodavca,<br \/>\n&#8211; 6 (\u0161est) primjeraka popunjene, potpisane i ovjerene tiskanice prijave o ozljedi na radu<br \/>\n(Tiskanica OR)<br \/>\n&#8211; presliku zapisnika o inspekcijskom nadzoru nadle\u017ene inspekcije rada (ako je<br \/>\nnadzor obavljen),<br \/>\n&#8211; presliku zapisnika o ispitivanju prisutnosti alkohola, opojnih droga ili lijekova od<br \/>\nstrane nadle\u017ene PU MUP-a RH (ako je ispitivanje obavljeno),<br \/>\n&#8211; popunjen, potpisan i ovjeren Ugovor o djelu redovitog studenta u kojem mora biti<br \/>\nuklju\u010den datum nastanka ozljede.<br \/>\n3. Zatra\u017eiti pisanu izjavu o\u010devidaca o okolnostima vezanim uz ozljedu, ako ih je bilo,<br \/>\npresliku zapisnika o o\u010devidu PP PU MUP-a RH kod ozljede koja je posljedica<br \/>\nprometne nesre\u0107e.<br \/>\n4. Napisati izjavu o okolnostima nastanka ozljede u kojoj je du\u017ean\/na navesti svoje<br \/>\nosobne podatke (ime i prezime, adresu), naziv poslodavca, datum nezgode i<br \/>\nkratki opis \u0161to se dogodilo te istu potpisati.<br \/>\n5. Dokumentaciju pod to\u010dkama 2., 3. i 4. te presliku medicinske dokumentacije o<br \/>\npru\u017eenoj prvoj pomo\u0107i te provedenom lije\u010denju student\/ica, odnosno \u010dlan obitelji<br \/>\ndostavlja u Studentski centar.<\/p>\n<p>Poslodavac (ili Studentski centar u ime poslodavca) popunjava prijavu o ozljedi na radu<br \/>\n(Tiskanica OR) u 6 (\u0161est) primjeraka na temelju prilo\u017eene dokumentacije.<br \/>\nOvjereni primjerci tiskanice prijave o ozljedi na radu (Tiskanica OR) s prilo\u017eenom<br \/>\nmedicinskom dokumentacijom student\/ica, odnosno \u010dlan obitelji dostavlja izabranom<br \/>\ndoktoru op\u0107e\/obiteljske medicine.<br \/>\nOvjerene primjerke tiskanice o ozljedi na radu (Tiskanica OR) od strane doktora<br \/>\nop\u0107e\/obiteljske medicine student\/ica, odnosno \u010dlan obitelji dostavlja natrag u Studentski<br \/>\ncentar.<\/p>\n<p>Po zavr\u0161etku lije\u010denja, student\/ica sa svim dokumentima (povijest bolesti, potvrda izabranog doktora o privremenoj nesposobnosti za rad, procjena invalidnosti-ako postoji, potvrda poslodavca o nezgodi, izjava studenta\/ice o nezgodi i kratki opis \u0161to se dogodilo, zapisnik inspekcije rada \u2013 ako postoji, zapisnik policije &#8211; ako postoji i dr. ) treba do\u0107i u Studentski servis, Istarska br. 5 u Osijeku radi prijave ozljede na radu kod privatnog osiguravatelja.<br \/>\nSvi studenti\/ice \u010dlanovi Studentskog servisa Studentskog centra u Osijeku, koji imaju regulirano \u010dlanstvo, osigurani su od posljedica nesretnog slu\u010daja (nezgode) policom GENERALI osiguranja d.d.<\/p>\n","protected":false},"excerpt":{"rendered":"<p>Podnositelj prijave o ozljedi na radu je Studentski servis kao organizator aktivnosti, no u smislu citiranih odredbi ne postoji pravna zapreka da prijavu o ozljedi na radu podnese i sam poslodavac, obzirom na \u010dinjenicu da poslodavac ima neposredno saznanje o okolnostima doga\u0111aja. Dodatne informacije o postupanju poslodavac mo\u017ee dobiti pozivom u Studentski servis na broj [&hellip;]<\/p>\n","protected":false},"author":1,"featured_media":0,"parent":0,"menu_order":0,"comment_status":"closed","ping_status":"closed","template":"","meta":[],"_links":{"self":[{"href":"http:\/\/www.stucos.unios.hr\/index.php?rest_route=\/wp\/v2\/pages\/4088"}],"collection":[{"href":"http:\/\/www.stucos.unios.hr\/index.php?rest_route=\/wp\/v2\/pages"}],"about":[{"href":"http:\/\/www.stucos.unios.hr\/index.php?rest_route=\/wp\/v2\/types\/page"}],"author":[{"embeddable":true,"href":"http:\/\/www.stucos.unios.hr\/index.php?rest_route=\/wp\/v2\/users\/1"}],"replies":[{"embeddable":true,"href":"http:\/\/www.stucos.unios.hr\/index.php?rest_route=%2Fwp%2Fv2%2Fcomments&post=4088"}],"version-history":[{"count":2,"href":"http:\/\/www.stucos.unios.hr\/index.php?rest_route=\/wp\/v2\/pages\/4088\/revisions"}],"predecessor-version":[{"id":4092,"href":"http:\/\/www.stucos.unios.hr\/index.php?rest_route=\/wp\/v2\/pages\/4088\/revisions\/4092"}],"wp:attachment":[{"href":"http:\/\/www.stucos.unios.hr\/index.php?rest_route=%2Fwp%2Fv2%2Fmedia&parent=4088"}],"curies":[{"name":"wp","href":"https:\/\/api.w.org\/{rel}","templated":true}]}}