{"id":3912,"date":"2022-10-14T13:57:57","date_gmt":"2022-10-14T11:57:57","guid":{"rendered":"http:\/\/www.stucos.unios.hr\/?page_id=3912"},"modified":"2024-12-18T10:54:26","modified_gmt":"2024-12-18T08:54:26","slug":"provjera-prava-na-obavljanje-studentskih-poslova-i-izdavanje-ugovora","status":"publish","type":"page","link":"http:\/\/www.stucos.unios.hr\/?page_id=3912","title":{"rendered":"KRITERIJ DODJELE PRAVA NA STUDENTSKI RAD"},"content":{"rendered":"<p><span style=\"color: #ff0000;\"><span style=\"color: #333333;\">Putem linka<\/span> <a style=\"color: #ff0000;\" href=\"https:\/\/issp.srce.hr\/\"><strong>SRCE<\/strong><\/a> <span style=\"color: #333333;\">provjerite imate li pravo na obavljanje studentskih poslova i ispunjavate li uvjete za izdavanje Ugovora o obavljanju studentskih poslova. Samo uvidom u sustav ISSP utvrditi \u0107e se da li student ispunjava uvjete za obavljanje studentskih poslova sukladno \u010dlanku 10. stavcima 1., 2., 3.,4. i 5. Zakona.<\/span><\/span><\/p>\n<p><strong>VA\u017dNO:<\/strong> Studentski servis Studentskog centra u Osijeku raspola\u017ee istim podacima koje u svojoj bazi podataka vide studenti jer ih preuzima iz istog sustava.<\/p>\n\n\n<div class=\"wp-block-image is-style-default\"><figure class=\"alignleft size-large is-resized\"><img loading=\"lazy\" src=\"https:\/\/www.stucos.unios.hr\/wp-content\/uploads\/2022\/12\/NE-670x1024.jpg\" alt=\"\" class=\"wp-image-3929\" width=\"343\" height=\"524\" srcset=\"http:\/\/www.stucos.unios.hr\/wp-content\/uploads\/2022\/12\/NE-670x1024.jpg 670w, http:\/\/www.stucos.unios.hr\/wp-content\/uploads\/2022\/12\/NE-196x300.jpg 196w, http:\/\/www.stucos.unios.hr\/wp-content\/uploads\/2022\/12\/NE-768x1173.jpg 768w, http:\/\/www.stucos.unios.hr\/wp-content\/uploads\/2022\/12\/NE-1005x1536.jpg 1005w, http:\/\/www.stucos.unios.hr\/wp-content\/uploads\/2022\/12\/NE.jpg 1080w\" sizes=\"(max-width: 343px) 100vw, 343px\" \/><\/figure><\/div>\n","protected":false},"excerpt":{"rendered":"<p>Putem linka SRCE provjerite imate li pravo na obavljanje studentskih poslova i ispunjavate li uvjete za izdavanje Ugovora o obavljanju studentskih poslova. Samo uvidom u sustav ISSP utvrditi \u0107e se da li student ispunjava uvjete za obavljanje studentskih poslova sukladno \u010dlanku 10. stavcima 1., 2., 3.,4. i 5. Zakona. VA\u017dNO: Studentski servis Studentskog centra u [&hellip;]<\/p>\n","protected":false},"author":1,"featured_media":0,"parent":0,"menu_order":0,"comment_status":"closed","ping_status":"closed","template":"","meta":[],"_links":{"self":[{"href":"http:\/\/www.stucos.unios.hr\/index.php?rest_route=\/wp\/v2\/pages\/3912"}],"collection":[{"href":"http:\/\/www.stucos.unios.hr\/index.php?rest_route=\/wp\/v2\/pages"}],"about":[{"href":"http:\/\/www.stucos.unios.hr\/index.php?rest_route=\/wp\/v2\/types\/page"}],"author":[{"embeddable":true,"href":"http:\/\/www.stucos.unios.hr\/index.php?rest_route=\/wp\/v2\/users\/1"}],"replies":[{"embeddable":true,"href":"http:\/\/www.stucos.unios.hr\/index.php?rest_route=%2Fwp%2Fv2%2Fcomments&post=3912"}],"version-history":[{"count":13,"href":"http:\/\/www.stucos.unios.hr\/index.php?rest_route=\/wp\/v2\/pages\/3912\/revisions"}],"predecessor-version":[{"id":4998,"href":"http:\/\/www.stucos.unios.hr\/index.php?rest_route=\/wp\/v2\/pages\/3912\/revisions\/4998"}],"wp:attachment":[{"href":"http:\/\/www.stucos.unios.hr\/index.php?rest_route=%2Fwp%2Fv2%2Fmedia&parent=3912"}],"curies":[{"name":"wp","href":"https:\/\/api.w.org\/{rel}","templated":true}]}}