{"id":247,"date":"2015-07-07T13:53:46","date_gmt":"2015-07-07T13:53:46","guid":{"rendered":"http:\/\/beta.stucos.hr\/?page_id=247"},"modified":"2019-10-09T12:02:55","modified_gmt":"2019-10-09T10:02:55","slug":"prehrana-za-vanjske-korisnike","status":"publish","type":"page","link":"http:\/\/www.stucos.unios.hr\/?page_id=247","title":{"rendered":"Prehrana za vanjske korisnike u restoranima"},"content":{"rendered":"<p><em><strong><span style=\"color: #00ff00;\"><span style=\"color: #000080;\">Osim prehrane studenata uz X-ice, Studentski centar u Osijeku u svojim restoranima nudi usluge prehrane svim ostalim korisnicima.\u00a0<\/span> <\/span><\/strong><\/em><\/p>\n<p>Ako \u017eelite ru\u010dati u pauzi na va\u0161em poslu, ako ste umirovljenik, posjetitelj na\u0161eg grada ili jednostavno ako vam se ne da kuhati, do\u0111ite i uvjerite se u na\u0161u uslugu i povoljne cijene. Obrok mo\u017eete konzumirati u na\u0161im uslu\u017enim prostorima ili ga zatra\u017eiti za ponijeti. Obroke pakiramo u namjenske jednokratne posude koje \u0107e sa\u010duvati toplinu jela.\u00a0 Posude napla\u0107ujemo 1,50 kunu.<\/p>\n<p>Cjenik i dnevnu ponudu mo\u017eete pogledati na na\u0161im stranicama (u cijenu je uklju\u010den PDV).<\/p>\n<p><em><strong><span style=\"color: #000080;\">Bit \u0107e nam iznimno drago uslu\u017eiti vas.<\/span> <\/strong><\/em><\/p>\n<p><iframe src=\"upload\/jelovnik.html\" width=\"100%\" height=\"7000\">Your browser does not support iframes.&nbsp;<\/p>\n<p>&nbsp;<\/p>\n<p><\/iframe><br \/>\n<!--\n\n\n<table cellpadding=\"7\" cellspacing=\"0\">\n\n\n<col width=\"157\">\n\n\n<col width=\"52\">\n\n\n<tr valign=\"bottom\">\n\n\n<td>\n\n\n<p align=\"center\"><b>Brza jela<\/b><\/p>\n\n\n<\/td>\n\n\n\n\n<td>&nbsp;<\/td>\n\n\n<\/tr>\n\n\n\n\n<tr valign=\"bottom\">\n\n\n<td>Pljeskavica<\/td>\n\n\n\n\n<td>17,00<\/td>\n\n\n<\/tr>\n\n\n\n\n<tr valign=\"bottom\">\n\n\n<td>\u0106evapi<\/td>\n\n\n\n\n<td>18,00<\/td>\n\n\n<\/tr>\n\n\n\n\n<tr valign=\"bottom\">\n\n\n<td>Kranjska kob. 1 kom<\/td>\n\n\n\n\n<td>5,50<\/td>\n\n\n<\/tr>\n\n\n\n\n<tr valign=\"bottom\">\n\n\n<td>Hrenovka 1 kom<\/td>\n\n\n\n\n<td>2,50<\/td>\n\n\n<\/tr>\n\n\n\n\n<tr valign=\"bottom\">\n\n\n<td>Svje\u017ei sir vrhnje<\/td>\n\n\n\n\n<td>6,00<\/td>\n\n\n<\/tr>\n\n\n\n\n<tr valign=\"bottom\">\n\n\n<td>Pizza mije\u0161ana<\/td>\n\n\n\n\n<td>9,00<\/td>\n\n\n<\/tr>\n\n\n\n\n<tr valign=\"bottom\">\n\n\n<td>Kuhano jaje<\/td>\n\n\n\n\n<td>2,50<\/td>\n\n\n<\/tr>\n\n\n\n\n<tr valign=\"bottom\">\n\n\n<td>Hot-dog<\/td>\n\n\n\n\n<td>5,50<\/td>\n\n\n<\/tr>\n\n\n\n\n<tr valign=\"bottom\">\n\n\n<td>Hamburger<\/td>\n\n\n\n\n<td>8,00<\/td>\n\n\n<\/tr>\n\n\n\n\n<tr valign=\"bottom\">\n\n\n<td>Sir s vrhnjem<\/td>\n\n\n\n\n<td>6,00<\/td>\n\n\n<\/tr>\n\n\n\n\n<tr valign=\"bottom\">\n\n\n<td>Piro\u0161ka sa sirom<\/td>\n\n\n\n\n<td>5,50<\/td>\n\n\n<\/tr>\n\n\n\n\n<tr valign=\"bottom\">\n\n\n<td>Burek sa sirom<\/td>\n\n\n\n\n<td>6,00<\/td>\n\n\n<\/tr>\n\n\n\n\n<tr valign=\"bottom\">\n\n\n<td>Kroasan<\/td>\n\n\n\n\n<td>3,50<\/td>\n\n\n<\/tr>\n\n\n\n\n<tr valign=\"bottom\">\n\n\n<td>Krofna \u010dokolada<\/td>\n\n\n\n\n<td>4,00<\/td>\n\n\n<\/tr>\n\n\n\n\n<tr valign=\"bottom\">\n\n\n<td>Krofna marm.<\/td>\n\n\n\n\n<td>4,00<\/td>\n\n\n<\/tr>\n\n\n\n\n<tr valign=\"bottom\">\n\n\n<td>Buhtla<\/td>\n\n\n\n\n<td>5,00<\/td>\n\n\n<\/tr>\n\n\n\n\n<tr valign=\"bottom\">\n\n\n<td>Pecivo 100g<\/td>\n\n\n\n\n<td>1,50<\/td>\n\n\n<\/tr>\n\n\n\n\n<tr valign=\"bottom\">\n\n\n<td>Ke\u010dap vre\u0107ica<\/td>\n\n\n\n\n<td>1,50<\/td>\n\n\n<\/tr>\n\n\n\n\n<tr valign=\"bottom\">\n\n\n<td>Majoneza vre\u0107ica<\/td>\n\n\n\n\n<td>2,50<\/td>\n\n\n<\/tr>\n\n\n\n\n<tr valign=\"bottom\">\n\n\n<td>Senf vre\u0107ica<\/td>\n\n\n\n\n<td>2,00<\/td>\n\n\n<\/tr>\n\n\n\n\n<tr valign=\"bottom\">\n\n\n<td>Parmezan vre\u0107ica<\/td>\n\n\n\n\n<td>6,00<\/td>\n\n\n<\/tr>\n\n\n\n\n<tr valign=\"bottom\">\n\n\n<td>Pizza mala<\/td>\n\n\n\n\n<td>6,00<\/td>\n\n\n<\/tr>\n\n\n\n\n<tr valign=\"bottom\">\n\n\n<td>Omlet<\/td>\n\n\n\n\n<td>6,00<\/td>\n\n\n<\/tr>\n\n\n\n\n<tr valign=\"bottom\">\n\n\n<td>Sendvi\u010d sir\/\u0161unka<\/td>\n\n\n\n\n<td>7,00<\/td>\n\n\n<\/tr>\n\n\n<\/table>\n\n\n\n\n<table cellpadding=\"7\" cellspacing=\"0\">\n\n\n<col width=\"168\">\n\n\n<col width=\"52\">\n\n\n<tr valign=\"bottom\">\n\n\n<td><b>Mesna i riblja jela <\/b><\/td>\n\n\n\n\n<td>&nbsp;<\/td>\n\n\n<\/tr>\n\n\n\n\n<tr valign=\"bottom\">\n\n\n<td>Be\u010dki odrezak<\/td>\n\n\n\n\n<td>15,00<\/td>\n\n\n<\/tr>\n\n\n\n\n<tr valign=\"bottom\">\n\n\n<td>Naravni odrezak<\/td>\n\n\n\n\n<td>14,00<\/td>\n\n\n<\/tr>\n\n\n\n\n<tr valign=\"bottom\">\n\n\n<td>Ljubljanski odrezak<\/td>\n\n\n\n\n<td>17,00<\/td>\n\n\n<\/tr>\n\n\n\n\n<tr valign=\"bottom\">\n\n\n<td>Osje\u010dki   odrezak<\/td>\n\n\n\n\n<td>22,00<\/td>\n\n\n<\/tr>\n\n\n\n\n<tr valign=\"bottom\">\n\n\n<td>\u0160oka\u010dki odrezak<\/td>\n\n\n\n\n<td>20,00<\/td>\n\n\n<\/tr>\n\n\n\n\n<tr valign=\"bottom\">\n\n\n<td>Zagreba\u010dki odrezak<\/td>\n\n\n\n\n<td>17,00<\/td>\n\n\n<\/tr>\n\n\n\n\n<tr valign=\"bottom\">\n\n\n<td>June\u0107i  ramstek<\/td>\n\n\n\n\n<td>25,00<\/td>\n\n\n<\/tr>\n\n\n\n\n<tr valign=\"bottom\">\n\n\n<td>Svinj.odrezak.um.\u0161amp.<\/td>\n\n\n\n\n<td>16,00<\/td>\n\n\n<\/tr>\n\n\n\n\n<tr valign=\"bottom\">\n\n\n<td>Svinj.odrezak  u vrhnju<\/td>\n\n\n\n\n<td>15,00<\/td>\n\n\n<\/tr>\n\n\n\n\n<tr valign=\"bottom\">\n\n\n<td>Cordon  blue<\/td>\n\n\n\n\n<td>15,00<\/td>\n\n\n<\/tr>\n\n\n\n\n<tr valign=\"bottom\">\n\n\n<td>\u010cobanac<\/td>\n\n\n\n\n<td>20,00<\/td>\n\n\n<\/tr>\n\n\n\n\n<tr valign=\"bottom\">\n\n\n<td>Kotlet sa \u0161ampinj.<\/td>\n\n\n\n\n<td>15,00<\/td>\n\n\n<\/tr>\n\n\n\n\n<tr valign=\"bottom\">\n\n\n<td>Kotlet  na ro\u0161tilju<\/td>\n\n\n\n\n<td>12,00<\/td>\n\n\n<\/tr>\n\n\n\n\n<tr valign=\"bottom\">\n\n\n<td>Kotlet  u povr\u0107u<\/td>\n\n\n\n\n<td>15,00<\/td>\n\n\n<\/tr>\n\n\n\n\n<tr valign=\"bottom\">\n\n\n<td>Paprika\u0161  svinjski<\/td>\n\n\n\n\n<td>13,00<\/td>\n\n\n<\/tr>\n\n\n\n\n<tr valign=\"bottom\">\n\n\n<td>Pe\u010dena  svinjetina<\/td>\n\n\n\n\n<td>10,00<\/td>\n\n\n<\/tr>\n\n\n\n\n<tr valign=\"bottom\">\n\n\n<td>Svinjski ri\u017eoto<\/td>\n\n\n\n\n<td>12,50<\/td>\n\n\n<\/tr>\n\n\n\n\n<tr valign=\"bottom\">\n\n\n<td>June\u0107i  gula\u0161<\/td>\n\n\n\n\n<td>19,00<\/td>\n\n\n<\/tr>\n\n\n\n\n<tr valign=\"bottom\">\n\n\n<td>Junetina  s gra\u0161kom<\/td>\n\n\n\n\n<td>19,00<\/td>\n\n\n<\/tr>\n\n\n\n\n<tr valign=\"bottom\">\n\n\n<td>Kosani odrezak<\/td>\n\n\n\n\n<td>12,00<\/td>\n\n\n<\/tr>\n\n\n\n\n<tr valign=\"bottom\">\n\n\n<td>Kosana \u0161truca<\/td>\n\n\n\n\n<td>12,00<\/td>\n\n\n<\/tr>\n\n\n\n\n<tr valign=\"bottom\">\n\n\n<td>Mesne  okr.umak raj.<\/td>\n\n\n\n\n<td>12,00<\/td>\n\n\n<\/tr>\n\n\n\n\n<tr valign=\"bottom\">\n\n\n<td>Musaka<\/td>\n\n\n\n\n<td>19,00<\/td>\n\n\n<\/tr>\n\n\n\n\n<tr valign=\"bottom\">\n\n\n<td>Punjena  paprika<\/td>\n\n\n\n\n<td>14,00<\/td>\n\n\n<\/tr>\n\n\n\n\n<tr valign=\"bottom\">\n\n\n<td>Sarma<\/td>\n\n\n\n\n<td>15,00<\/td>\n\n\n<\/tr>\n\n\n\n\n<tr valign=\"bottom\">\n\n\n<td>Tjestenina  \"bolonjez\";<\/td>\n\n\n\n\n<td>13,50<\/td>\n\n\n<\/tr>\n\n\n\n\n<tr valign=\"bottom\">\n\n\n<td>Tjestenina sa mesom<\/td>\n\n\n\n\n<td>11,00<\/td>\n\n\n<\/tr>\n\n\n\n\n<tr valign=\"bottom\">\n\n\n<td>Pe\u010dena piletina<\/td>\n\n\n\n\n<td>13,00<\/td>\n\n\n<\/tr>\n\n\n\n\n<tr valign=\"bottom\">\n\n\n<td>Pile\u0107i  paprika\u0161<\/td>\n\n\n\n\n<td>13,50<\/td>\n\n\n<\/tr>\n\n\n\n\n<tr valign=\"bottom\">\n\n\n<td>Pile\u0107i ri\u017eoto<\/td>\n\n\n\n\n<td>14,00<\/td>\n\n\n<\/tr>\n\n\n\n\n<tr valign=\"bottom\">\n\n\n<td>Odrezak tuna pohana<\/td>\n\n\n\n\n<td>18,00<\/td>\n\n\n<\/tr>\n\n\n\n\n<tr valign=\"bottom\">\n\n\n<td>Odrezak  tuna<\/td>\n\n\n\n\n<td>17,00<\/td>\n\n\n<\/tr>\n\n\n\n\n<tr valign=\"bottom\">\n\n\n<td>Pan.\u0161tapi\u0107i\nod liganja<\/td>\n\n\n\n\n<td>10,00<\/td>\n\n\n<\/tr>\n\n\n\n\n<tr valign=\"bottom\">\n\n\n<td>Pohani osli\u0107 file<\/td>\n\n\n\n\n<td>15,00<\/td>\n\n\n<\/tr>\n\n\n\n\n<tr valign=\"bottom\">\n\n\n<td>Tjest.  s tunom i \u0161amp.<\/td>\n\n\n\n\n<td>16,50<\/td>\n\n\n<\/tr>\n\n\n\n\n<tr valign=\"bottom\">\n\n\n<td>Tjestenina   \u201emilanes\u201c<\/td>\n\n\n\n\n<td>12,00<\/td>\n\n\n<\/tr>\n\n\n\n\n<tr valign=\"bottom\">\n\n\n<td>Kotlet samoborski<\/td>\n\n\n\n\n<td>13,00<\/td>\n\n\n<\/tr>\n\n\n\n\n<tr valign=\"bottom\">\n\n\n<td>Paprika\u0161 s gra\u0161kom<\/td>\n\n\n\n\n<td>14,00<\/td>\n\n\n<\/tr>\n\n\n\n\n<tr valign=\"bottom\">\n\n\n<td>Paprika\u0161 s mahunama<\/td>\n\n\n\n\n<td>14,00<\/td>\n\n\n<\/tr>\n\n\n\n\n<tr valign=\"bottom\">\n\n\n<td>Gula\u0161 s vinom<\/td>\n\n\n\n\n<td>19,00<\/td>\n\n\n<\/tr>\n\n\n\n\n<tr valign=\"bottom\">\n\n\n<td>Pe\u010denice\/ro\u0161tiljke<\/td>\n\n\n\n\n<td>15,00<\/td>\n\n\n<\/tr>\n\n\n\n\n<tr valign=\"bottom\">\n\n\n<td>Pile\u0107i file na \u017earu<\/td>\n\n\n\n\n<td>15,00<\/td>\n\n\n<\/tr>\n\n\n<\/table>\n\n\n\n\n<table cellpadding=\"7\" cellspacing=\"0\">\n\n\n<col width=\"157\">\n\n\n<col width=\"4365\">\n\n\n<col width=\"71\">\n\n\n<tr>\n\n\n<td colspan=\"3\" valign=\"bottom\"> <b>Variva      i prilozi<\/b><\/td>\n\n\n<\/tr>\n\n\n\n\n<tr valign=\"bottom\">\n\n\n<td>Fino     varivo<\/td>\n\n\n\n\n<td>5,00<\/td>\n\n\n<\/tr>\n\n\n\n\n<tr valign=\"bottom\">\n\n\n<td>Grah     varivo<\/td>\n\n\n\n\n<td>5,00<\/td>\n\n\n<\/tr>\n\n\n\n\n<tr valign=\"bottom\">\n\n\n<td>Kelj  varivo<\/td>\n\n\n\n\n<td>5,00<\/td>\n\n\n<\/tr>\n\n\n\n\n<tr valign=\"bottom\">\n\n\n<td>Varivo  od mahuna<\/td>\n\n\n\n\n<td>6,00<\/td>\n\n\n<\/tr>\n\n\n\n\n<tr valign=\"bottom\">\n\n\n<td>Varivo   od gra\u0161ka<\/td>\n\n\n\n\n<td>6,00<\/td>\n\n\n<\/tr>\n\n\n\n\n<tr valign=\"bottom\">\n\n\n<td>Blitva   s krumpirom<\/td>\n\n\n\n\n<td>\n\n\n<p align=\"center\">5,00<\/p>\n\n\n<\/td>\n\n\n<\/tr>\n\n\n\n\n<tr valign=\"bottom\">\n\n\n<td>Brokula   s krump.<\/td>\n\n\n\n\n<td>\n\n\n<p align=\"center\">6,00<\/p>\n\n\n<\/td>\n\n\n<\/tr>\n\n\n\n\n<tr valign=\"bottom\">\n\n\n<td>\u0110uve\u010d<\/td>\n\n\n\n\n<td>\n\n\n<p align=\"center\">4,50<\/p>\n\n\n<\/td>\n\n\n<\/tr>\n\n\n\n\n<tr valign=\"bottom\">\n\n\n<td>Gra\u0161ak<\/td>\n\n\n\n\n<td>\n\n\n<p align=\"center\">5,50<\/p>\n\n\n<\/td>\n\n\n<\/tr>\n\n\n\n\n<tr valign=\"bottom\">\n\n\n<td>Kroketi<\/td>\n\n\n\n\n<td>\n\n\n<p align=\"center\">5,00<\/p>\n\n\n<\/td>\n\n\n<\/tr>\n\n\n\n\n<tr valign=\"bottom\">\n\n\n<td>Krpice  sa zeljem<\/td>\n\n\n\n\n<td>\n\n\n<p align=\"center\"> 3,00<\/p>\n\n\n<\/td>\n\n\n<\/tr>\n\n\n\n\n<tr valign=\"bottom\">\n\n\n<td>Krumpir  pekarski<\/td>\n\n\n\n\n<td>\n\n\n<p align=\"center\">8,00<\/p>\n\n\n<\/td>\n\n\n<\/tr>\n\n\n\n\n<tr valign=\"bottom\">\n\n\n<td>Kuhana  cvjeta\u010da<\/td>\n\n\n\n\n<td>\n\n\n<p align=\"center\">6,00<\/p>\n\n\n<\/td>\n\n\n<\/tr>\n\n\n\n\n<tr valign=\"bottom\">\n\n\n<td>Kuhana   mrkva<\/td>\n\n\n\n\n<td>\n\n\n<p align=\"center\">6,50<\/p>\n\n\n<\/td>\n\n\n<\/tr>\n\n\n\n\n<tr valign=\"bottom\">\n\n\n<td>Kukuruz<\/td>\n\n\n\n\n<td>\n\n\n<p align=\"center\">4,50<\/p>\n\n\n<\/td>\n\n\n<\/tr>\n\n\n\n\n<tr valign=\"bottom\">\n\n\n<td>Kupus  kiseli pirjani<\/td>\n\n\n\n\n<td>\n\n\n<p align=\"center\">4,50<\/p>\n\n\n<\/td>\n\n\n<\/tr>\n\n\n\n\n<tr valign=\"bottom\">\n\n\n<td>Mahune   u umaku<\/td>\n\n\n\n\n<td>\n\n\n<p align=\"center\">5,00<\/p>\n\n\n<\/td>\n\n\n<\/tr>\n\n\n\n\n<tr valign=\"bottom\">\n\n\n<td>Mlinci<\/td>\n\n\n\n\n<td>\n\n\n<p align=\"center\">5,00<\/p>\n\n\n<\/td>\n\n\n<\/tr>\n\n\n\n\n<tr valign=\"bottom\">\n\n\n<td>Mexi\u010dka  mje\u0161avina<\/td>\n\n\n\n\n<td>\n\n\n<p align=\"center\">6,00<\/p>\n\n\n<\/td>\n\n\n<\/tr>\n\n\n\n\n<tr valign=\"bottom\">\n\n\n<td>Pe\u010deni  krumpir<\/td>\n\n\n\n\n<td>\n\n\n<p align=\"center\">7,00<\/p>\n\n\n<\/td>\n\n\n<\/tr>\n\n\n\n\n<tr valign=\"bottom\">\n\n\n<td>Pire  krumpir<\/td>\n\n\n\n\n<td>\n\n\n<p align=\"center\">4,00<\/p>\n\n\n<\/td>\n\n\n<\/tr>\n\n\n\n\n<tr valign=\"bottom\">\n\n\n<td>Pomfrit<\/td>\n\n\n\n\n<td>\n\n\n<p align=\"center\">5,00<\/p>\n\n\n<\/td>\n\n\n<\/tr>\n\n\n\n\n<tr valign=\"bottom\">\n\n\n<td>Restani    krumpir<\/td>\n\n\n\n\n<td>\n\n\n<p align=\"center\">5,00<\/p>\n\n\n<\/td>\n\n\n<\/tr>\n\n\n\n\n<tr valign=\"bottom\">\n\n\n<td>Tjesten.  s brokulom<\/td>\n\n\n\n\n<td>\n\n\n<p align=\"center\">6,50<\/p>\n\n\n<\/td>\n\n\n<\/tr>\n\n\n\n\n<tr valign=\"bottom\">\n\n\n<td>Rizi-bizi<\/td>\n\n\n\n\n<td>\n\n\n<p align=\"center\">4,00<\/p>\n\n\n<\/td>\n\n\n<\/tr>\n\n\n\n\n<tr valign=\"bottom\">\n\n\n<td>Ri\u017ea  kuhana<\/td>\n\n\n\n\n<td>\n\n\n<p align=\"center\">3,00<\/p>\n\n\n<\/td>\n\n\n<\/tr>\n\n\n\n\n<tr valign=\"bottom\">\n\n\n<td>Salata  grah -prilog<\/td>\n\n\n\n\n<td>\n\n\n<p align=\"center\">3,00<\/p>\n\n\n<\/td>\n\n\n<\/tr>\n\n\n\n\n<tr valign=\"bottom\">\n\n\n<td>Slani  krumpir<\/td>\n\n\n\n\n<td>\n\n\n<p align=\"center\">3,00<\/p>\n\n\n<\/td>\n\n\n<\/tr>\n\n\n\n\n<tr valign=\"bottom\">\n\n\n<td>\u0160pinat  na mlijeku<\/td>\n\n\n\n\n<td>\n\n\n<p align=\"center\">3,00<\/p>\n\n\n<\/td>\n\n\n<\/tr>\n\n\n\n\n<tr valign=\"bottom\">\n\n\n<td>Tjestenina<\/td>\n\n\n\n\n<td>\n\n\n<p align=\"center\">2,50<\/p>\n\n\n<\/td>\n\n\n<\/tr>\n\n\n\n\n<tr valign=\"bottom\">\n\n\n<td>Valju\u0161ci\/njoki<\/td>\n\n\n\n\n<td>\n\n\n<p align=\"center\">5,50<\/p>\n\n\n<\/td>\n\n\n<\/tr>\n\n\n\n\n<tr valign=\"bottom\">\n\n\n<td>\u017dganci\/palenta<\/td>\n\n\n\n\n<td>\n\n\n<p align=\"center\">3,00<\/p>\n\n\n<\/td>\n\n\n<\/tr>\n\n\n\n\n<tr valign=\"bottom\">\n\n\n<td>Salata  krumpir<\/td>\n\n\n\n\n<td>\n\n\n<p align=\"center\">3,00<\/p>\n\n\n<\/td>\n\n\n<\/tr>\n\n\n\n\n<tr valign=\"bottom\">\n\n\n<td>Tortelini  sa sirom<\/td>\n\n\n\n\n<td>\n\n\n<p align=\"center\">17,00<\/p>\n\n\n<\/td>\n\n\n<\/tr>\n\n\n\n\n<tr valign=\"bottom\">\n\n\n<td>Tortelini  sa \u0161pinatom<\/td>\n\n\n\n\n<td>\n\n\n<p align=\"center\">17,00<\/p>\n\n\n<\/td>\n\n\n<\/tr>\n\n\n\n\n<tr valign=\"bottom\">\n\n\n<td>Pohana cvjeta\u010da<\/td>\n\n\n\n\n<td>\n\n\n<p align=\"center\">10,00<\/p>\n\n\n<\/td>\n\n\n<\/tr>\n\n\n\n\n<tr valign=\"bottom\">\n\n\n<td>Pohane  tikvice<\/td>\n\n\n\n\n<td>\n\n\n<p align=\"center\">11,00<\/p>\n\n\n<\/td>\n\n\n<\/tr>\n\n\n\n\n<tr valign=\"bottom\">\n\n\n<td>Pohani  sir<\/td>\n\n\n\n\n<td>\n\n\n<p align=\"center\">11,00<\/p>\n\n\n<\/td>\n\n\n<\/tr>\n\n\n\n\n<tr valign=\"bottom\">\n\n\n<td>Soja steak pohani<\/td>\n\n\n\n\n<td>\n\n\n<p align=\"center\">10,00<\/p>\n\n\n<\/td>\n\n\n<\/tr>\n\n\n\n\n<tr valign=\"bottom\">\n\n\n<td>Soja steak pr\u017eeni<\/td>\n\n\n\n\n<td>\n\n\n<p align=\"center\">7,00<\/p>\n\n\n<\/td>\n\n\n<\/tr>\n\n\n\n\n<tr valign=\"bottom\">\n\n\n<td>Tjest. \u0161amp. i sir<\/td>\n\n\n\n\n<td>\n\n\n<p align=\"center\">12,00<\/p>\n\n\n<\/td>\n\n\n<\/tr>\n\n\n\n\n<tr valign=\"bottom\">\n\n\n<td>Tijesto sa sirom<\/td>\n\n\n\n\n<td>\n\n\n<p align=\"center\">8,00<\/p>\n\n\n<\/td>\n\n\n<\/tr>\n\n\n<\/table>\n\n\n--><\/p>\n","protected":false},"excerpt":{"rendered":"<p>Osim prehrane studenata uz X-ice, Studentski centar u Osijeku u svojim restoranima nudi usluge prehrane svim ostalim korisnicima.\u00a0 Ako \u017eelite ru\u010dati u pauzi na va\u0161em poslu, ako ste umirovljenik, posjetitelj na\u0161eg grada ili jednostavno ako vam se ne da kuhati, do\u0111ite i uvjerite se u na\u0161u uslugu i povoljne cijene. Obrok mo\u017eete konzumirati u na\u0161im [&hellip;]<\/p>\n","protected":false},"author":1,"featured_media":0,"parent":0,"menu_order":0,"comment_status":"closed","ping_status":"closed","template":"","meta":[],"_links":{"self":[{"href":"http:\/\/www.stucos.unios.hr\/index.php?rest_route=\/wp\/v2\/pages\/247"}],"collection":[{"href":"http:\/\/www.stucos.unios.hr\/index.php?rest_route=\/wp\/v2\/pages"}],"about":[{"href":"http:\/\/www.stucos.unios.hr\/index.php?rest_route=\/wp\/v2\/types\/page"}],"author":[{"embeddable":true,"href":"http:\/\/www.stucos.unios.hr\/index.php?rest_route=\/wp\/v2\/users\/1"}],"replies":[{"embeddable":true,"href":"http:\/\/www.stucos.unios.hr\/index.php?rest_route=%2Fwp%2Fv2%2Fcomments&post=247"}],"version-history":[{"count":26,"href":"http:\/\/www.stucos.unios.hr\/index.php?rest_route=\/wp\/v2\/pages\/247\/revisions"}],"predecessor-version":[{"id":2511,"href":"http:\/\/www.stucos.unios.hr\/index.php?rest_route=\/wp\/v2\/pages\/247\/revisions\/2511"}],"wp:attachment":[{"href":"http:\/\/www.stucos.unios.hr\/index.php?rest_route=%2Fwp%2Fv2%2Fmedia&parent=247"}],"curies":[{"name":"wp","href":"https:\/\/api.w.org\/{rel}","templated":true}]}}