{"id":2013,"date":"2018-11-08T13:46:34","date_gmt":"2018-11-08T11:46:34","guid":{"rendered":"http:\/\/www.stucos.unios.hr\/?page_id=2013"},"modified":"2025-11-17T11:42:26","modified_gmt":"2025-11-17T09:42:26","slug":"novi-zakon","status":"publish","type":"page","link":"http:\/\/www.stucos.unios.hr\/?page_id=2013","title":{"rendered":"Novi Zakon"},"content":{"rendered":"<p><strong>ZAKON O OBAVLJANJU STUDENTSKIH POSLOVA<br \/>\n<\/strong><\/p>\n<p>Dana 8. studenog 2018. godine stupio je na snagu<span style=\"color: #3366ff;\"><strong> <a style=\"color: #3366ff;\" href=\"https:\/\/narodne-novine.nn.hr\/clanci\/sluzbeni\/2018_10_96_1851.html\"><span style=\"color: #3366ff;\">Zakon o obavljanu studentski poslova<\/span><\/a><\/strong><\/span> (NN broj 96\/2018) kojim je propisano:<\/p>\n<ul>\n<li>ugovor mogu sklopiti <strong>redovni\/izvanredni studenti i druge osobe sukladno odredbama \u010dlanka 2. Zakona &#8211; <span style=\"color: #3366ff;\"><a style=\"color: #3366ff;\" href=\"http:\/\/www.stucos.unios.hr\/?page_id=192\">\u010dlanstvo<\/a><\/span><\/strong><\/li>\n<li>ugovor o obavljanju studentskog posla sklapa se <em><strong><span style=\"color: #000000;\">isklju\u010divo <\/span><\/strong><\/em>prije po\u010detka rada, izme\u0111u i<strong>zvo\u0111a\u010da, posrednika i naru\u010ditelja<br \/>\n<\/strong><\/li>\n<li>u pravilu ugovor se zaklju\u010duje za kalendarski mjesec. Najmanja neto cijena sata rada za 2026. godinu iznosi <strong>6,56 eura temeljem <span style=\"color: #3366ff;\"><a style=\"color: #3366ff;\" href=\"http:\/\/www.stucos.unios.hr\/wp-content\/uploads\/2025\/11\/ODLUKA-O-MINIMALNOJ-SATNICI-2026..pdf\">ODLUKE<\/a><\/span><br \/>\n<\/strong><\/li>\n<li><strong>naru\u010ditelj<\/strong> posla obavezan je uve\u0107ati satnicu za <strong>50%<\/strong> studentu za sate rada u dane dr\u017eavnoga blagdana, za rad no\u0107u, za prekovremeni rad i za rad nedjeljom ukoliko je student radio u te dane<\/li>\n<li>neto cijena rada se uve\u0107ava za <strong>18% <\/strong><\/li>\n<li>ugovor mora sadr\u017eavati podatke o vrsti posla, cijeni rada, te po\u010detku i o\u010dekivanom trajanju rada<\/li>\n<li>obveza naru\u010ditelja posla je dostaviti\u00a0 ugovor posredniku odmah po zavr\u0161etku rada, ovjeren i potpisan od strane <strong>izvo\u0111a\u010da i naru\u010ditelja kao potvrdu to\u010dnosti podataka na ugovoru<br \/>\n<\/strong><\/li>\n<li>obveza naru\u010ditelja posla je <strong>platiti posredniku naknadu za obavljeni posao najkasnije 15 dana od zavr\u0161etka posla. <\/strong>Dakle, <strong><em>datum dospije\u0107a ra\u010duna mo\u017ee biti prije datuma ra\u010duna<\/em> ukoliko Ugovori nisu dostavljeni na obra\u010dun u zakonskom roku,\u00a0 a zakonska zatezna kamata te\u010de od dana dospije\u0107a ra\u010duna<\/strong><\/li>\n<\/ul>\n<p><strong><em>Izvadak iz Zakona o obavljanju studentskih poslova<\/em><\/strong><\/p>\n<p>\u010clanak 9.<\/p>\n<p>(11) U svrhu ostvarenja prava na naknadu za obavljeni studentski posao, kada naru\u010ditelj posla ne dostavi ovjereni ugovor, posrednik najkasnije 15 dana od o\u010dekivanoga zavr\u0161etka studentskoga posla \u0161alje opomenu naru\u010ditelju posla.<\/p>\n<p>(12) Na zahtjev posrednika naru\u010ditelj posla dostavit \u0107e ugovor sa svim potrebnim podacima za isplatu naknade, utvr\u0111ivanje obveza u vezi s predmetnim ugovorom te je obvezan dostaviti dokaz o uplati naknade, i to u roku od 15 dana nakon \u0161to je zaprimio opomenu.<\/p>\n<p>(13) Ako naru\u010ditelj posla ne izvr\u0161i isplatu nakon zaprimljene opomene, posrednik je du\u017ean pokrenuti postupak prisilne naplate u roku od 15 dana.<\/p>\n<p>(14) Ako naru\u010ditelj posla ne isplati naknadu izvo\u0111a\u010du za obavljeni studentski posao u roku u kojem su poduzete sve pravne radnje iz stavka 12. ovoga \u010dlanka, posrednik solidarno odgovara za obveze naru\u010ditelja posla prema izvo\u0111a\u010du te mu je du\u017ean isplatiti naknadu iz vlastitih sredstava.<\/p>\n<p>(15) Obveza iz stavka 13. ovoga \u010dlanka isklju\u010duje se ako je posrednik prije sklapanja ugovora pisano upozorio izvo\u0111a\u010da na u\u010destalo nepla\u0107anje naknade izvo\u0111a\u010dima od naru\u010ditelja posla.<\/p>\n<p>Ako naru\u010ditelj posla ne izvr\u0161i isplatu nakon zaprimljene opomene<em>,<strong> posrednik je du\u017ean <u>pokrenuti postupak prisilne naplate u roku od 15 dana<\/u><\/strong><\/em>. <strong><em>Posrednik je postupak prisilne naplate du\u017ean pokrenuti 30 dana po obavljenom poslu, dakle 30 dana od zadnjeg dana rada koji je naveden u Ugovoru. <\/em><\/strong><\/p>\n<p>Studentski centar Osijek od 8. studenog 2018. godine svim studentima i drugim osobama, za koje je Zakonom predvi\u0111ena mogu\u0107nost obavljanja studentskih poslova, omogu\u0107uje u\u010dlanjenje u Studentski servis, odnosno sklapanje ugovora o obavljanju studentskog posla.<\/p>\n<p><strong>\u00a0<\/strong><\/p>\n","protected":false},"excerpt":{"rendered":"<p>ZAKON O OBAVLJANJU STUDENTSKIH POSLOVA Dana 8. studenog 2018. godine stupio je na snagu Zakon o obavljanu studentski poslova (NN broj 96\/2018) kojim je propisano: ugovor mogu sklopiti redovni\/izvanredni studenti i druge osobe sukladno odredbama \u010dlanka 2. Zakona &#8211; \u010dlanstvo ugovor o obavljanju studentskog posla sklapa se isklju\u010divo prije po\u010detka rada, izme\u0111u izvo\u0111a\u010da, posrednika i [&hellip;]<\/p>\n","protected":false},"author":1,"featured_media":0,"parent":0,"menu_order":0,"comment_status":"closed","ping_status":"closed","template":"","meta":[],"_links":{"self":[{"href":"http:\/\/www.stucos.unios.hr\/index.php?rest_route=\/wp\/v2\/pages\/2013"}],"collection":[{"href":"http:\/\/www.stucos.unios.hr\/index.php?rest_route=\/wp\/v2\/pages"}],"about":[{"href":"http:\/\/www.stucos.unios.hr\/index.php?rest_route=\/wp\/v2\/types\/page"}],"author":[{"embeddable":true,"href":"http:\/\/www.stucos.unios.hr\/index.php?rest_route=\/wp\/v2\/users\/1"}],"replies":[{"embeddable":true,"href":"http:\/\/www.stucos.unios.hr\/index.php?rest_route=%2Fwp%2Fv2%2Fcomments&post=2013"}],"version-history":[{"count":32,"href":"http:\/\/www.stucos.unios.hr\/index.php?rest_route=\/wp\/v2\/pages\/2013\/revisions"}],"predecessor-version":[{"id":5444,"href":"http:\/\/www.stucos.unios.hr\/index.php?rest_route=\/wp\/v2\/pages\/2013\/revisions\/5444"}],"wp:attachment":[{"href":"http:\/\/www.stucos.unios.hr\/index.php?rest_route=%2Fwp%2Fv2%2Fmedia&parent=2013"}],"curies":[{"name":"wp","href":"https:\/\/api.w.org\/{rel}","templated":true}]}}