{"id":195,"date":"2015-06-16T12:39:21","date_gmt":"2015-06-16T12:39:21","guid":{"rendered":"http:\/\/beta.stucos.hr\/?page_id=195"},"modified":"2026-02-19T14:05:12","modified_gmt":"2026-02-19T12:05:12","slug":"poslodavci","status":"publish","type":"page","link":"http:\/\/www.stucos.unios.hr\/?page_id=195","title":{"rendered":"Poslodavci"},"content":{"rendered":"\n<p>Studentski servis posluje u skladu sa Zakonom o obavljanju studentskih poslova (NN 96\/18 i 16\/20). Preko Studentskog servisa mo\u017eete anga\u017eirati redovite i izvanredne studente, a tijekom ljeta i maturante koji namjeravaju upisati studij.<\/p>\n\n\n\n<p><em>SVE O UVJETIMA POSLOVANJA I&nbsp; ZAKONU O OBAVLJANJU STUDENTSKIH POSLOVA (NN br.96\/18) MO\u017dETE PRO\u010cITATI<\/em>: <a href=\"https:\/\/www.stucos.unios.hr\/?page_id=198\"><strong>OP\u0106I UVJETI<\/strong><\/a> i <strong><a href=\"https:\/\/narodne-novine.nn.hr\/clanci\/sluzbeni\/2018_10_96_1851.html\">ZAKON<\/a><\/strong>  <\/p>\n\n\n\n<p><strong>\u010clan Studentskog servisa ne smije zapo\u010deti s obavljanjem posla bez studentskog ugovora, a dospije\u0107e ra\u010duna vezano je za zavr\u0161etak obavljanja posla, a ne za datum ra\u010duna te iznosi 15 dana od dana zavr\u0161etka posla.<\/strong> <\/p>\n\n\n\n<p>NETO CIJENA rada se uve\u0107ava za <strong>18%<\/strong>  (5% doprinosa za MIO, 0,5% doprinos za zdravstveno osiguranje, 12% provizija posredniku i 0,5% naknada za pobolj\u0161anje studentskog standarda)<\/p>\n\n\n\n<p><strong>PRIJAVITE SE KAO NOVI POSLODAVAC I OGLASIT \u0106EMO VA\u0160E POTREBE!<\/strong> &#8211; popunite obrazac na linku&nbsp;<\/p>\n\n\n\n<div class=\"wp-block-file\"><a href=\"https:\/\/www.stucos.unios.hr\/wp-content\/uploads\/2026\/02\/poslod.oglas_-2.docx\">PRIJAVA<\/a><a href=\"https:\/\/www.stucos.unios.hr\/wp-content\/uploads\/2026\/02\/poslod.oglas_-2.docx\" class=\"wp-block-file__button\" download>Preuzmi<\/a><\/div>\n\n\n\n<p>Za sve dodatne informacije obratite nam se putem: <strong><a href=\"https:\/\/www.stucos.unios.hr\/?page_id=186\">kontakti<\/a><\/strong><\/p>\n\n\n<p><\/p>\n<p data-wp-editing=\"1\"><\/p>","protected":false},"excerpt":{"rendered":"<p>Studentski servis posluje u skladu sa Zakonom o obavljanju studentskih poslova (NN 96\/18 i 16\/20). Preko Studentskog servisa mo\u017eete anga\u017eirati redovite i izvanredne studente, a tijekom ljeta i maturante koji namjeravaju upisati studij. SVE O UVJETIMA POSLOVANJA I&nbsp; ZAKONU O OBAVLJANJU STUDENTSKIH POSLOVA (NN br.96\/18) MO\u017dETE PRO\u010cITATI: OP\u0106I UVJETI i ZAKON \u010clan Studentskog servisa ne [&hellip;]<\/p>\n","protected":false},"author":1,"featured_media":0,"parent":0,"menu_order":0,"comment_status":"closed","ping_status":"closed","template":"","meta":[],"_links":{"self":[{"href":"http:\/\/www.stucos.unios.hr\/index.php?rest_route=\/wp\/v2\/pages\/195"}],"collection":[{"href":"http:\/\/www.stucos.unios.hr\/index.php?rest_route=\/wp\/v2\/pages"}],"about":[{"href":"http:\/\/www.stucos.unios.hr\/index.php?rest_route=\/wp\/v2\/types\/page"}],"author":[{"embeddable":true,"href":"http:\/\/www.stucos.unios.hr\/index.php?rest_route=\/wp\/v2\/users\/1"}],"replies":[{"embeddable":true,"href":"http:\/\/www.stucos.unios.hr\/index.php?rest_route=%2Fwp%2Fv2%2Fcomments&post=195"}],"version-history":[{"count":56,"href":"http:\/\/www.stucos.unios.hr\/index.php?rest_route=\/wp\/v2\/pages\/195\/revisions"}],"predecessor-version":[{"id":5598,"href":"http:\/\/www.stucos.unios.hr\/index.php?rest_route=\/wp\/v2\/pages\/195\/revisions\/5598"}],"wp:attachment":[{"href":"http:\/\/www.stucos.unios.hr\/index.php?rest_route=%2Fwp%2Fv2%2Fmedia&parent=195"}],"curies":[{"name":"wp","href":"https:\/\/api.w.org\/{rel}","templated":true}]}}