{"id":118,"date":"2015-05-06T13:24:21","date_gmt":"2015-05-06T13:24:21","guid":{"rendered":"http:\/\/beta.stucos.hr\/?page_id=118"},"modified":"2025-01-20T14:57:47","modified_gmt":"2025-01-20T12:57:47","slug":"restoran-gaudeamus","status":"publish","type":"page","link":"http:\/\/www.stucos.unios.hr\/?page_id=118","title":{"rendered":"Restoran Gaudeamus"},"content":{"rendered":"<p><strong>RESTORAN &#8220;GAUDEAMUS&#8221;<\/strong><\/p>\n<p>Osijek, Istarska 1B<br \/>\ntel. 031\/220-600<\/p>\n<p>Restoran Gaudeamus &#8211; <u><strong>RADNO VRIJEME<\/strong><\/u><\/p>\n<p style=\"padding-left: 30px;\"><strong>Restoran Gaudeamus otvoren je za goste:<\/strong><br \/>\n<span style=\"color: #0000ff;\"><em><strong>&#8211; ponedjeljak-petak od 11:00 do 19:00 sati<\/strong><\/em><\/span><br \/>\n<span style=\"color: #0000ff;\"><em><strong>&#8211; subota i nedjelja: zatvoreno<\/strong><\/em><\/span><br \/>\nNapomena: zadnja narud\u017eba prima se do 18:30 sati<\/p>\n<p><a href=\"\/wp-content\/uploads\/2015\/05\/gaudeamus1.jpg\"><img loading=\"lazy\" class=\"alignnone size-full wp-image-153\" src=\"\/wp-content\/uploads\/2015\/05\/gaudeamus1.jpg\" alt=\"gaudeamus1\" width=\"648\" height=\"432\" srcset=\"http:\/\/www.stucos.unios.hr\/wp-content\/uploads\/2015\/05\/gaudeamus1.jpg 648w, http:\/\/www.stucos.unios.hr\/wp-content\/uploads\/2015\/05\/gaudeamus1-300x200.jpg 300w\" sizes=\"(max-width: 648px) 100vw, 648px\" \/><\/a><\/p>\n<p>&#8211; restoran nudi pojedina\u010dna jela-sastavnice meni obroka, jela po izboru i jela po narud\u017ebi, tople i hladne napitke, te bezalkoholna i alkoholna pi\u0107a<br \/>\n&#8211; jela poslu\u017euju konobari restorana<br \/>\n&#8211; redoviti studenti pla\u0107aju usluge X-icom uz potporu za pokri\u0107e prehrane<br \/>\n&#8211; svi studenti koji imaju X-icu, a nemaju dodijeljenu potporu pla\u0107aju ekonomsku cijenu studentskog meni obroka<br \/>\n&#8211; osim studentima restoran nudi usluge svim posjetiteljima koji pla\u0107aju po ekonomskoj cijeni prema va\u017ee\u0107em komercijalnom cjeniku<\/p>\n<p><a href=\"\/wp-content\/uploads\/2015\/05\/gaudeamus2.jpg\"><img loading=\"lazy\" class=\"alignnone size-full wp-image-154\" src=\"\/wp-content\/uploads\/2015\/05\/gaudeamus2.jpg\" alt=\"gaudeamus2\" width=\"648\" height=\"432\" srcset=\"http:\/\/www.stucos.unios.hr\/wp-content\/uploads\/2015\/05\/gaudeamus2.jpg 648w, http:\/\/www.stucos.unios.hr\/wp-content\/uploads\/2015\/05\/gaudeamus2-300x200.jpg 300w\" sizes=\"(max-width: 648px) 100vw, 648px\" \/><\/a><\/p>\n","protected":false},"excerpt":{"rendered":"<p>RESTORAN &#8220;GAUDEAMUS&#8221; Osijek, Istarska 1B tel. 031\/220-600 Restoran Gaudeamus &#8211; RADNO VRIJEME Restoran Gaudeamus otvoren je za goste: &#8211; ponedjeljak-petak od 11:00 do 19:00 sati &#8211; subota i nedjelja: zatvoreno Napomena: zadnja narud\u017eba prima se do 18:30 sati &#8211; restoran nudi pojedina\u010dna jela-sastavnice meni obroka, jela po izboru i jela po narud\u017ebi, tople i hladne [&hellip;]<\/p>\n","protected":false},"author":1,"featured_media":0,"parent":0,"menu_order":0,"comment_status":"closed","ping_status":"closed","template":"","meta":[],"_links":{"self":[{"href":"http:\/\/www.stucos.unios.hr\/index.php?rest_route=\/wp\/v2\/pages\/118"}],"collection":[{"href":"http:\/\/www.stucos.unios.hr\/index.php?rest_route=\/wp\/v2\/pages"}],"about":[{"href":"http:\/\/www.stucos.unios.hr\/index.php?rest_route=\/wp\/v2\/types\/page"}],"author":[{"embeddable":true,"href":"http:\/\/www.stucos.unios.hr\/index.php?rest_route=\/wp\/v2\/users\/1"}],"replies":[{"embeddable":true,"href":"http:\/\/www.stucos.unios.hr\/index.php?rest_route=%2Fwp%2Fv2%2Fcomments&post=118"}],"version-history":[{"count":15,"href":"http:\/\/www.stucos.unios.hr\/index.php?rest_route=\/wp\/v2\/pages\/118\/revisions"}],"predecessor-version":[{"id":5042,"href":"http:\/\/www.stucos.unios.hr\/index.php?rest_route=\/wp\/v2\/pages\/118\/revisions\/5042"}],"wp:attachment":[{"href":"http:\/\/www.stucos.unios.hr\/index.php?rest_route=%2Fwp%2Fv2%2Fmedia&parent=118"}],"curies":[{"name":"wp","href":"https:\/\/api.w.org\/{rel}","templated":true}]}}