{"id":114,"date":"2015-05-06T13:13:22","date_gmt":"2015-05-06T13:13:22","guid":{"rendered":"http:\/\/beta.stucos.hr\/?page_id=114"},"modified":"2025-01-20T14:58:13","modified_gmt":"2025-01-20T12:58:13","slug":"restoran-istarska","status":"publish","type":"page","link":"http:\/\/www.stucos.unios.hr\/?page_id=114","title":{"rendered":"Restoran Istarska"},"content":{"rendered":"<p><strong>RESTORAN SAMOPOSLU\u017dIVANJA<\/strong><\/p>\n<p>Osijek, Istarska 1B<br \/>\nTel 031\/220-600<\/p>\n<p><span style=\"color: #333399;\">Radno vrijeme:<br \/>\n<\/span><span style=\"color: #333399;\">&#8211; ponedjeljak-petak od 8-20 sati (gosti se poslu\u017euju do 19:30)<br \/>\n&#8211; subota i nedjelja ZATVORENO!<\/span><\/p>\n<p><a href=\"http:\/\/www.stucos.unios.hr\/wp-content\/uploads\/2022\/04\/1.-restoran-samoposluz\u030civanje-istarska.jpg\"><img loading=\"lazy\" class=\"alignnone wp-image-3731 size-large\" src=\"http:\/\/www.stucos.unios.hr\/wp-content\/uploads\/2022\/04\/1.-restoran-samoposluz\u030civanje-istarska-1024x768.jpg\" alt=\"\" width=\"1024\" height=\"768\" srcset=\"http:\/\/www.stucos.unios.hr\/wp-content\/uploads\/2022\/04\/1.-restoran-samoposluz\u030civanje-istarska-1024x768.jpg 1024w, http:\/\/www.stucos.unios.hr\/wp-content\/uploads\/2022\/04\/1.-restoran-samoposluz\u030civanje-istarska-300x225.jpg 300w, http:\/\/www.stucos.unios.hr\/wp-content\/uploads\/2022\/04\/1.-restoran-samoposluz\u030civanje-istarska-768x576.jpg 768w, http:\/\/www.stucos.unios.hr\/wp-content\/uploads\/2022\/04\/1.-restoran-samoposluz\u030civanje-istarska-1536x1152.jpg 1536w, http:\/\/www.stucos.unios.hr\/wp-content\/uploads\/2022\/04\/1.-restoran-samoposluz\u030civanje-istarska-1080x810.jpg 1080w, http:\/\/www.stucos.unios.hr\/wp-content\/uploads\/2022\/04\/1.-restoran-samoposluz\u030civanje-istarska.jpg 2048w\" sizes=\"(max-width: 1024px) 100vw, 1024px\" \/><\/a><\/p>\n<p>Restoran radi sve blagdane i dr\u017eavne praznike osim blagdana Bo\u017ei\u0107 i Uskrs.<br \/>\n&#8211; svakodnevno se nudi vi\u0161e vrsta meni obroka<br \/>\n&#8211; sve sastavnice meni obroka mogu se kupiti pojedina\u010dno izvan meni obroka<br \/>\n&#8211; svakodnevno se nude i jela po izboru koje nisu sastavnice meni obroka<br \/>\n&#8211; osim ru\u010dka i ve\u010dere na liniji restorana mogu se kupiti i brza jela (sendvi\u010d, kroasan, burek, pizza, hrenovke) mlije\u010dni proizvodi, dodaci jelima, namazi, voda i sokovi<br \/>\n&#8211; redoviti studenti pla\u0107aju usluge X-icom uz potporu za pokri\u0107e prehrane<br \/>\n&#8211; svi studenti koji imaju X-icu (izvanredni studenti), a nemaju dodijeljenu potporu pla\u0107aju ekonomsku cijenu studentskog meni obroka<br \/>\n&#8211; ostali konzumenti pla\u0107aju usluge prema va\u017ee\u0107em\u00a0 cjeniku za vanjske korisnike<br \/>\n&#8211; podjela hrane se obavlja preko linije sa samoposlu\u017eivanjem<\/p>\n","protected":false},"excerpt":{"rendered":"<p>RESTORAN SAMOPOSLU\u017dIVANJA Osijek, Istarska 1B Tel 031\/220-600 Radno vrijeme: &#8211; ponedjeljak-petak od 8-20 sati (gosti se poslu\u017euju do 19:30) &#8211; subota i nedjelja ZATVORENO! Restoran radi sve blagdane i dr\u017eavne praznike osim blagdana Bo\u017ei\u0107 i Uskrs. &#8211; svakodnevno se nudi vi\u0161e vrsta meni obroka &#8211; sve sastavnice meni obroka mogu se kupiti pojedina\u010dno izvan meni [&hellip;]<\/p>\n","protected":false},"author":1,"featured_media":0,"parent":0,"menu_order":0,"comment_status":"closed","ping_status":"closed","template":"","meta":[],"_links":{"self":[{"href":"http:\/\/www.stucos.unios.hr\/index.php?rest_route=\/wp\/v2\/pages\/114"}],"collection":[{"href":"http:\/\/www.stucos.unios.hr\/index.php?rest_route=\/wp\/v2\/pages"}],"about":[{"href":"http:\/\/www.stucos.unios.hr\/index.php?rest_route=\/wp\/v2\/types\/page"}],"author":[{"embeddable":true,"href":"http:\/\/www.stucos.unios.hr\/index.php?rest_route=\/wp\/v2\/users\/1"}],"replies":[{"embeddable":true,"href":"http:\/\/www.stucos.unios.hr\/index.php?rest_route=%2Fwp%2Fv2%2Fcomments&post=114"}],"version-history":[{"count":14,"href":"http:\/\/www.stucos.unios.hr\/index.php?rest_route=\/wp\/v2\/pages\/114\/revisions"}],"predecessor-version":[{"id":5043,"href":"http:\/\/www.stucos.unios.hr\/index.php?rest_route=\/wp\/v2\/pages\/114\/revisions\/5043"}],"wp:attachment":[{"href":"http:\/\/www.stucos.unios.hr\/index.php?rest_route=%2Fwp%2Fv2%2Fmedia&parent=114"}],"curies":[{"name":"wp","href":"https:\/\/api.w.org\/{rel}","templated":true}]}}